{"id":8009,"date":"2024-03-11T12:29:22","date_gmt":"2024-03-11T11:29:22","guid":{"rendered":"https:\/\/www.bynaldis-shop.com\/?post_type=product&#038;p=8009"},"modified":"2025-10-14T14:41:55","modified_gmt":"2025-10-14T12:41:55","slug":"chalcedon","status":"publish","type":"product","link":"https:\/\/www.bynaldis-shop.com\/?product=chalcedon","title":{"rendered":"Blauer Chalcedon XL \u2013 Trommelstein f\u00fcr sanfte Kommunikation &#038; innere Ruhe"},"content":{"rendered":"<p data-start=\"137\" data-end=\"217\"><strong data-start=\"140\" data-end=\"217\">Blauer Chalcedon XL \u2013 Trommelstein f\u00fcr sanfte Kommunikation &amp; innere Ruhe<\/strong><\/p>\n<p data-start=\"219\" data-end=\"481\">Der <strong data-start=\"223\" data-end=\"242\">blaue Chalcedon<\/strong> wird f\u00fcr seine <strong data-start=\"258\" data-end=\"307\">beruhigenden und ausgleichenden Eigenschaften<\/strong> gesch\u00e4tzt.<br data-start=\"318\" data-end=\"321\" \/>Es hei\u00dft, dass er die <strong data-start=\"343\" data-end=\"387\">geistige Flexibilit\u00e4t und Aufmerksamkeit<\/strong> f\u00f6rdert \u2013 besonders in Momenten, in denen <strong data-start=\"430\" data-end=\"468\">klare und entspannte Kommunikation<\/strong> gefragt ist.<\/p>\n<p data-start=\"483\" data-end=\"726\">\u2728 <strong data-start=\"485\" data-end=\"513\">Wirkung auf einen Blick:<\/strong><br data-start=\"513\" data-end=\"516\" \/>\u2013 \ud83d\udde3\ufe0f unterst\u00fctzt eine ruhige, klare Ausdrucksweise<br data-start=\"567\" data-end=\"570\" \/>\u2013 \ud83e\uddd8\u200d\u2640\ufe0f bringt emotionale Ausgeglichenheit<br data-start=\"612\" data-end=\"615\" \/>\u2013 \ud83d\udcac ideal f\u00fcr Menschen, die viel sprechen oder vortragen<br data-start=\"672\" data-end=\"675\" \/>\u2013 \ud83c\udf2c\ufe0f l\u00f6st innere Anspannung &amp; hilft bei Nervosit\u00e4t<\/p>\n<p data-start=\"728\" data-end=\"844\">Ein wertvoller Begleiter, wenn es darum geht, <strong data-start=\"774\" data-end=\"804\">aus dem Herzen zu sprechen<\/strong> und Gedanken sanft in Worte zu kleiden.<\/p>\n<p data-start=\"846\" data-end=\"978\">\ud83d\udd38 <em data-start=\"849\" data-end=\"865\">Bitte beachte:<\/em> Jeder Stein ist ein Unikat in <strong data-start=\"896\" data-end=\"921\">Gr\u00f6\u00dfe, Form und Farbe<\/strong> \u2013 und immer findet genau <strong data-start=\"947\" data-end=\"967\">dein Seelenstein<\/strong> zu dir. \ud83e\udef6<\/p>\n<p data-start=\"846\" data-end=\"978\"><strong>Hinweis<\/strong>: Die beschriebenen Wirkungen basieren auf Erfahrungen von Anwendern und Edelsteintherapeuten und sind wissenschaftlich nicht erwiesen. Sie ersetzen keine medizinische Diagnose oder Behandlung. Bitte konsultiere bei gesundheitlichen Beschwerden immer einen Arzt.<\/p>\n","protected":false},"excerpt":{"rendered":"<p>Blauer Chalcedon XL \u2013 Trommelstein f\u00fcr sanfte Kommunikation &amp; innere Ruhe Der blaue Chalcedon wird f\u00fcr seine beruhigenden und ausgleichenden Eigenschaften gesch\u00e4tzt.Es hei\u00dft, dass er die geistige Flexibilit\u00e4t und Aufmerksamkeit f\u00f6rdert \u2013 besonders in Momenten, in denen klare und entspannte Kommunikation gefragt ist. \u2728 Wirkung auf einen Blick:\u2013 \ud83d\udde3\ufe0f unterst\u00fctzt eine ruhige, klare Ausdrucksweise\u2013 \ud83e\uddd8\u200d\u2640\ufe0f [&hellip;]<\/p>\n<p><a class=\"read-more\" href=\"https:\/\/www.bynaldis-shop.com\/?product=chalcedon\">Mehr lesen<span class=\"meta-nav\">&rarr;<\/span><\/a><\/p>\n","protected":false},"featured_media":8125,"template":"","meta":[],"product_brand":[],"product_cat":[206],"product_tag":[],"class_list":{"0":"post-8009","1":"product","2":"type-product","3":"status-publish","4":"has-post-thumbnail","6":"product_cat-trommelsteine","8":"first","9":"instock","10":"taxable","11":"shipping-taxable","12":"purchasable","13":"product-type-simple"},"_links":{"self":[{"href":"https:\/\/www.bynaldis-shop.com\/index.php?rest_route=\/wp\/v2\/product\/8009","targetHints":{"allow":["GET"]}}],"collection":[{"href":"https:\/\/www.bynaldis-shop.com\/index.php?rest_route=\/wp\/v2\/product"}],"about":[{"href":"https:\/\/www.bynaldis-shop.com\/index.php?rest_route=\/wp\/v2\/types\/product"}],"wp:featuredmedia":[{"embeddable":true,"href":"https:\/\/www.bynaldis-shop.com\/index.php?rest_route=\/wp\/v2\/media\/8125"}],"wp:attachment":[{"href":"https:\/\/www.bynaldis-shop.com\/index.php?rest_route=%2Fwp%2Fv2%2Fmedia&parent=8009"}],"wp:term":[{"taxonomy":"product_brand","embeddable":true,"href":"https:\/\/www.bynaldis-shop.com\/index.php?rest_route=%2Fwp%2Fv2%2Fproduct_brand&post=8009"},{"taxonomy":"product_cat","embeddable":true,"href":"https:\/\/www.bynaldis-shop.com\/index.php?rest_route=%2Fwp%2Fv2%2Fproduct_cat&post=8009"},{"taxonomy":"product_tag","embeddable":true,"href":"https:\/\/www.bynaldis-shop.com\/index.php?rest_route=%2Fwp%2Fv2%2Fproduct_tag&post=8009"}],"curies":[{"name":"wp","href":"https:\/\/api.w.org\/{rel}","templated":true}]}}