{"id":8007,"date":"2024-03-11T12:27:04","date_gmt":"2024-03-11T11:27:04","guid":{"rendered":"https:\/\/www.bynaldis-shop.com\/?post_type=product&#038;p=8007"},"modified":"2025-10-14T14:41:22","modified_gmt":"2025-10-14T12:41:22","slug":"sodalith-2","status":"publish","type":"product","link":"https:\/\/www.bynaldis-shop.com\/?product=sodalith-2","title":{"rendered":"Sodalith \u2013 Trommelstein f\u00fcr innere Balance &#038; Klarheit"},"content":{"rendered":"<p data-start=\"147\" data-end=\"207\"><strong data-start=\"150\" data-end=\"207\">Sodalith \u2013 Trommelstein f\u00fcr innere Balance &amp; Klarheit<\/strong><\/p>\n<p data-start=\"209\" data-end=\"509\">Der <strong data-start=\"213\" data-end=\"225\">Sodalith<\/strong>, selbst im Rohzustand kraftvoll, entfaltet auch als Trommelstein eine <strong data-start=\"296\" data-end=\"332\">beruhigende und kl\u00e4rende Wirkung<\/strong> auf Geist und Emotionen.<br data-start=\"357\" data-end=\"360\" \/>Er unterst\u00fctzt dich dabei, deine <strong data-start=\"393\" data-end=\"420\">Wahrnehmung zu sch\u00e4rfen<\/strong> und den Blick nach innen zu richten \u2013 f\u00fcr mehr <strong data-start=\"468\" data-end=\"508\">Selbsterkenntnis und innere Freiheit<\/strong>.<\/p>\n<p data-start=\"511\" data-end=\"738\">\u2728 <strong data-start=\"513\" data-end=\"541\">Wirkung auf einen Blick:<\/strong><br data-start=\"541\" data-end=\"544\" \/>\u2013 \ud83c\udf0a beruhigt bei emotionaler Unausgeglichenheit<br data-start=\"592\" data-end=\"595\" \/>\u2013 \ud83e\udde0 f\u00f6rdert Bewusstsein &amp; mentale Klarheit<br data-start=\"638\" data-end=\"641\" \/>\u2013 \ud83d\udc99 l\u00f6st Gef\u00fchlsblockaden &amp; Schuldgef\u00fchle<br data-start=\"683\" data-end=\"686\" \/>\u2013 \ud83d\udd4a\ufe0f schenkt innere Freiheit &amp; seelische Entlastung<\/p>\n<p data-start=\"740\" data-end=\"872\">Ein harmonisierender Stein, der dich sanft daran erinnert, auf dein Inneres zu h\u00f6ren und mit dir selbst ins Gleichgewicht zu kommen.<\/p>\n<p data-start=\"874\" data-end=\"1014\">\ud83d\udd38 <em data-start=\"877\" data-end=\"893\">Bitte beachte:<\/em> Jeder Stein ist ein Unikat in <strong data-start=\"924\" data-end=\"949\">Gr\u00f6\u00dfe, Form und Farbe<\/strong> \u2013 und immer findet genau <strong data-start=\"975\" data-end=\"995\">dein Seelenstein<\/strong> den Weg zu dir. \ud83e\udef6<\/p>\n<p data-start=\"874\" data-end=\"1014\"><strong>Hinweis:<\/strong> Die beschriebenen Wirkungen basieren auf Erfahrungen von Anwendern und Edelsteintherapeuten und sind wissenschaftlich nicht erwiesen. Sie ersetzen keine medizinische Diagnose oder Behandlung. Bitte konsultiere bei gesundheitlichen Beschwerden immer einen Arzt.<\/p>\n","protected":false},"excerpt":{"rendered":"<p>Sodalith \u2013 Trommelstein f\u00fcr innere Balance &amp; Klarheit Der Sodalith, selbst im Rohzustand kraftvoll, entfaltet auch als Trommelstein eine beruhigende und kl\u00e4rende Wirkung auf Geist und Emotionen.Er unterst\u00fctzt dich dabei, deine Wahrnehmung zu sch\u00e4rfen und den Blick nach innen zu richten \u2013 f\u00fcr mehr Selbsterkenntnis und innere Freiheit. \u2728 Wirkung auf einen Blick:\u2013 \ud83c\udf0a beruhigt [&hellip;]<\/p>\n<p><a class=\"read-more\" href=\"https:\/\/www.bynaldis-shop.com\/?product=sodalith-2\">Mehr lesen<span class=\"meta-nav\">&rarr;<\/span><\/a><\/p>\n","protected":false},"featured_media":8124,"template":"","meta":[],"product_brand":[],"product_cat":[206],"product_tag":[],"class_list":{"0":"post-8007","1":"product","2":"type-product","3":"status-publish","4":"has-post-thumbnail","6":"product_cat-trommelsteine","8":"first","9":"instock","10":"taxable","11":"shipping-taxable","12":"purchasable","13":"product-type-simple"},"_links":{"self":[{"href":"https:\/\/www.bynaldis-shop.com\/index.php?rest_route=\/wp\/v2\/product\/8007","targetHints":{"allow":["GET"]}}],"collection":[{"href":"https:\/\/www.bynaldis-shop.com\/index.php?rest_route=\/wp\/v2\/product"}],"about":[{"href":"https:\/\/www.bynaldis-shop.com\/index.php?rest_route=\/wp\/v2\/types\/product"}],"wp:featuredmedia":[{"embeddable":true,"href":"https:\/\/www.bynaldis-shop.com\/index.php?rest_route=\/wp\/v2\/media\/8124"}],"wp:attachment":[{"href":"https:\/\/www.bynaldis-shop.com\/index.php?rest_route=%2Fwp%2Fv2%2Fmedia&parent=8007"}],"wp:term":[{"taxonomy":"product_brand","embeddable":true,"href":"https:\/\/www.bynaldis-shop.com\/index.php?rest_route=%2Fwp%2Fv2%2Fproduct_brand&post=8007"},{"taxonomy":"product_cat","embeddable":true,"href":"https:\/\/www.bynaldis-shop.com\/index.php?rest_route=%2Fwp%2Fv2%2Fproduct_cat&post=8007"},{"taxonomy":"product_tag","embeddable":true,"href":"https:\/\/www.bynaldis-shop.com\/index.php?rest_route=%2Fwp%2Fv2%2Fproduct_tag&post=8007"}],"curies":[{"name":"wp","href":"https:\/\/api.w.org\/{rel}","templated":true}]}}