{"id":8006,"date":"2024-03-11T12:21:31","date_gmt":"2024-03-11T11:21:31","guid":{"rendered":"https:\/\/www.bynaldis-shop.com\/?post_type=product&#038;p=8006"},"modified":"2025-10-14T14:40:51","modified_gmt":"2025-10-14T12:40:51","slug":"aventurin","status":"publish","type":"product","link":"https:\/\/www.bynaldis-shop.com\/?product=aventurin","title":{"rendered":"Aventurin \u2013 Trommelstein f\u00fcr Ruhe &#038; Gelassenheit"},"content":{"rendered":"<p data-start=\"156\" data-end=\"211\"><strong data-start=\"159\" data-end=\"211\">Aventurin \u2013 Trommelstein f\u00fcr Ruhe &amp; Gelassenheit<\/strong><\/p>\n<p data-start=\"213\" data-end=\"552\">Der <strong data-start=\"217\" data-end=\"230\">Aventurin<\/strong> ist der <strong data-start=\"239\" data-end=\"272\">Entspannungsstein schlechthin<\/strong> \u2013 er bringt eine wohltuende Ruhe in dein Leben und hilft dir dabei, <strong data-start=\"341\" data-end=\"373\">Wut, \u00c4rger und innere Unruhe<\/strong> loszulassen.<br data-start=\"386\" data-end=\"389\" \/>Mit seiner sanften gr\u00fcnen Ausstrahlung st\u00e4rkt er deine <strong data-start=\"444\" data-end=\"454\">Geduld<\/strong>, f\u00f6rdert die <strong data-start=\"468\" data-end=\"480\">Toleranz<\/strong> gegen\u00fcber anderen und schenkt dir mehr <strong data-start=\"520\" data-end=\"551\">innere Unersch\u00fctterlichkeit<\/strong>.<\/p>\n<p data-start=\"554\" data-end=\"764\">\u2728 <strong data-start=\"556\" data-end=\"584\">Wirkung auf einen Blick:<\/strong><br data-start=\"584\" data-end=\"587\" \/>\u2013 \ud83c\udf3f beruhigt bei emotionalem Stress &amp; \u00c4rger<br data-start=\"631\" data-end=\"634\" \/>\u2013 \ud83e\udd0d st\u00e4rkt Geduld &amp; Mitgef\u00fchl<br data-start=\"664\" data-end=\"667\" \/>\u2013 \ud83d\udd4a\ufe0f f\u00f6rdert Toleranz &amp; Gelassenheit<br data-start=\"704\" data-end=\"707\" \/>\u2013 \ud83e\uddd8\u200d\u2640\ufe0f hilft, in st\u00fcrmischen Zeiten die Ruhe zu bewahren<\/p>\n<p data-start=\"766\" data-end=\"877\">Ein wunderbarer Begleiter, um dein Herz zu \u00f6ffnen und <strong data-start=\"820\" data-end=\"868\">in Harmonie mit dir selbst und deiner Umwelt<\/strong> zu sein.<\/p>\n<p data-start=\"879\" data-end=\"1019\">\ud83d\udd38 <em data-start=\"882\" data-end=\"898\">Bitte beachte:<\/em> Jeder Stein ist ein Unikat in <strong data-start=\"929\" data-end=\"954\">Gr\u00f6\u00dfe, Form und Farbe<\/strong> \u2013 und immer findet genau <strong data-start=\"980\" data-end=\"1000\">dein Seelenstein<\/strong> den Weg zu dir. \ud83e\udef6<\/p>\n<p data-start=\"879\" data-end=\"1019\"><strong>Hinweis:<\/strong> Die beschriebenen Wirkungen basieren auf Erfahrungen von Anwendern und Edelsteintherapeuten und sind wissenschaftlich nicht erwiesen. Sie ersetzen keine medizinische Diagnose oder Behandlung. Bitte konsultiere bei gesundheitlichen Beschwerden immer einen Arzt.<\/p>\n","protected":false},"excerpt":{"rendered":"<p>Aventurin \u2013 Trommelstein f\u00fcr Ruhe &amp; Gelassenheit Der Aventurin ist der Entspannungsstein schlechthin \u2013 er bringt eine wohltuende Ruhe in dein Leben und hilft dir dabei, Wut, \u00c4rger und innere Unruhe loszulassen.Mit seiner sanften gr\u00fcnen Ausstrahlung st\u00e4rkt er deine Geduld, f\u00f6rdert die Toleranz gegen\u00fcber anderen und schenkt dir mehr innere Unersch\u00fctterlichkeit. \u2728 Wirkung auf einen [&hellip;]<\/p>\n<p><a class=\"read-more\" href=\"https:\/\/www.bynaldis-shop.com\/?product=aventurin\">Mehr lesen<span class=\"meta-nav\">&rarr;<\/span><\/a><\/p>\n","protected":false},"featured_media":8130,"template":"","meta":[],"product_brand":[],"product_cat":[206],"product_tag":[],"class_list":{"0":"post-8006","1":"product","2":"type-product","3":"status-publish","4":"has-post-thumbnail","6":"product_cat-trommelsteine","8":"first","9":"instock","10":"taxable","11":"shipping-taxable","12":"purchasable","13":"product-type-simple"},"_links":{"self":[{"href":"https:\/\/www.bynaldis-shop.com\/index.php?rest_route=\/wp\/v2\/product\/8006","targetHints":{"allow":["GET"]}}],"collection":[{"href":"https:\/\/www.bynaldis-shop.com\/index.php?rest_route=\/wp\/v2\/product"}],"about":[{"href":"https:\/\/www.bynaldis-shop.com\/index.php?rest_route=\/wp\/v2\/types\/product"}],"wp:featuredmedia":[{"embeddable":true,"href":"https:\/\/www.bynaldis-shop.com\/index.php?rest_route=\/wp\/v2\/media\/8130"}],"wp:attachment":[{"href":"https:\/\/www.bynaldis-shop.com\/index.php?rest_route=%2Fwp%2Fv2%2Fmedia&parent=8006"}],"wp:term":[{"taxonomy":"product_brand","embeddable":true,"href":"https:\/\/www.bynaldis-shop.com\/index.php?rest_route=%2Fwp%2Fv2%2Fproduct_brand&post=8006"},{"taxonomy":"product_cat","embeddable":true,"href":"https:\/\/www.bynaldis-shop.com\/index.php?rest_route=%2Fwp%2Fv2%2Fproduct_cat&post=8006"},{"taxonomy":"product_tag","embeddable":true,"href":"https:\/\/www.bynaldis-shop.com\/index.php?rest_route=%2Fwp%2Fv2%2Fproduct_tag&post=8006"}],"curies":[{"name":"wp","href":"https:\/\/api.w.org\/{rel}","templated":true}]}}