{"id":8002,"date":"2024-03-11T12:18:20","date_gmt":"2024-03-11T11:18:20","guid":{"rendered":"https:\/\/www.bynaldis-shop.com\/?post_type=product&#038;p=8002"},"modified":"2025-10-14T14:40:21","modified_gmt":"2025-10-14T12:40:21","slug":"dalmatiner","status":"publish","type":"product","link":"https:\/\/www.bynaldis-shop.com\/?product=dalmatiner","title":{"rendered":"Dalmatinerstein \u2013 Trommelstein f\u00fcr Klarheit &#038; Selbstreflexion"},"content":{"rendered":"<p data-start=\"184\" data-end=\"252\"><strong data-start=\"187\" data-end=\"252\">Dalmatinerstein \u2013 Trommelstein f\u00fcr Klarheit &amp; Selbstreflexion<\/strong><\/p>\n<p data-start=\"254\" data-end=\"594\">Der <strong data-start=\"258\" data-end=\"277\">Dalmatinerstein<\/strong> ist ein wunderbarer Begleiter auf deinem Weg der <strong data-start=\"327\" data-end=\"347\">Selbsterkenntnis<\/strong>. Er hilft dir, deine <strong data-start=\"369\" data-end=\"405\">Gedanken, Gef\u00fchle und Handlungen<\/strong> bewusst zu reflektieren und daraus zu wachsen.<br data-start=\"452\" data-end=\"455\" \/>Mit seiner sanften, aber ehrlichen Energie f\u00f6rdert er die <strong data-start=\"513\" data-end=\"535\">innere Achtsamkeit<\/strong> und l\u00e4dt dich dazu ein, dich selbst besser kennenzulernen.<\/p>\n<p data-start=\"596\" data-end=\"853\">\u2728 <strong data-start=\"598\" data-end=\"626\">Wirkung auf einen Blick:<\/strong><br data-start=\"626\" data-end=\"629\" \/>\u2013 \ud83e\ude9e unterst\u00fctzt Selbstreflexion &amp; Selbsterkenntnis<br data-start=\"680\" data-end=\"683\" \/>\u2013 \ud83e\uddd8\u200d\u2640\ufe0f f\u00f6rdert die innere Entwicklung &amp; emotionale Klarheit<br data-start=\"743\" data-end=\"746\" \/>\u2013 \ud83e\udde0 bringt Gedanken zur Ruhe &amp; hilft beim Sortieren<br data-start=\"798\" data-end=\"801\" \/>\u2013 \ud83c\udf31 inspiriert zu pers\u00f6nlichem Wachstum &amp; Akzeptanz<\/p>\n<p data-start=\"855\" data-end=\"974\">Ein idealer Stein f\u00fcr alle, die sich auf den Weg der <strong data-start=\"908\" data-end=\"933\">bewussten Entwicklung<\/strong> begeben m\u00f6chten \u2013 liebevoll und geerdet.<\/p>\n<p data-start=\"976\" data-end=\"1116\">\ud83d\udd38 <em data-start=\"979\" data-end=\"995\">Bitte beachte:<\/em> Jeder Stein ist ein Unikat in <strong data-start=\"1026\" data-end=\"1051\">Gr\u00f6\u00dfe, Form und Farbe<\/strong> \u2013 und immer findet genau <strong data-start=\"1077\" data-end=\"1097\">dein Seelenstein<\/strong> den Weg zu dir. \ud83e\udef6<\/p>\n<p data-start=\"976\" data-end=\"1116\"><strong>Hinweis:<\/strong> Die beschriebenen Wirkungen basieren auf Erfahrungen von Anwendern und Edelsteintherapeuten und sind wissenschaftlich nicht erwiesen. Sie ersetzen keine medizinische Diagnose oder Behandlung. Bitte konsultiere bei gesundheitlichen Beschwerden immer einen Arzt.<\/p>\n","protected":false},"excerpt":{"rendered":"<p>Dalmatinerstein \u2013 Trommelstein f\u00fcr Klarheit &amp; Selbstreflexion Der Dalmatinerstein ist ein wunderbarer Begleiter auf deinem Weg der Selbsterkenntnis. Er hilft dir, deine Gedanken, Gef\u00fchle und Handlungen bewusst zu reflektieren und daraus zu wachsen.Mit seiner sanften, aber ehrlichen Energie f\u00f6rdert er die innere Achtsamkeit und l\u00e4dt dich dazu ein, dich selbst besser kennenzulernen. \u2728 Wirkung auf [&hellip;]<\/p>\n<p><a class=\"read-more\" href=\"https:\/\/www.bynaldis-shop.com\/?product=dalmatiner\">Mehr lesen<span class=\"meta-nav\">&rarr;<\/span><\/a><\/p>\n","protected":false},"featured_media":8129,"template":"","meta":[],"product_brand":[],"product_cat":[206],"product_tag":[],"class_list":{"0":"post-8002","1":"product","2":"type-product","3":"status-publish","4":"has-post-thumbnail","6":"product_cat-trommelsteine","8":"first","9":"instock","10":"taxable","11":"shipping-taxable","12":"purchasable","13":"product-type-simple"},"_links":{"self":[{"href":"https:\/\/www.bynaldis-shop.com\/index.php?rest_route=\/wp\/v2\/product\/8002","targetHints":{"allow":["GET"]}}],"collection":[{"href":"https:\/\/www.bynaldis-shop.com\/index.php?rest_route=\/wp\/v2\/product"}],"about":[{"href":"https:\/\/www.bynaldis-shop.com\/index.php?rest_route=\/wp\/v2\/types\/product"}],"wp:featuredmedia":[{"embeddable":true,"href":"https:\/\/www.bynaldis-shop.com\/index.php?rest_route=\/wp\/v2\/media\/8129"}],"wp:attachment":[{"href":"https:\/\/www.bynaldis-shop.com\/index.php?rest_route=%2Fwp%2Fv2%2Fmedia&parent=8002"}],"wp:term":[{"taxonomy":"product_brand","embeddable":true,"href":"https:\/\/www.bynaldis-shop.com\/index.php?rest_route=%2Fwp%2Fv2%2Fproduct_brand&post=8002"},{"taxonomy":"product_cat","embeddable":true,"href":"https:\/\/www.bynaldis-shop.com\/index.php?rest_route=%2Fwp%2Fv2%2Fproduct_cat&post=8002"},{"taxonomy":"product_tag","embeddable":true,"href":"https:\/\/www.bynaldis-shop.com\/index.php?rest_route=%2Fwp%2Fv2%2Fproduct_tag&post=8002"}],"curies":[{"name":"wp","href":"https:\/\/api.w.org\/{rel}","templated":true}]}}