{"id":7997,"date":"2024-03-11T12:15:02","date_gmt":"2024-03-11T11:15:02","guid":{"rendered":"https:\/\/www.bynaldis-shop.com\/?post_type=product&#038;p=7997"},"modified":"2025-10-14T14:38:00","modified_gmt":"2025-10-14T12:38:00","slug":"rosenquarz","status":"publish","type":"product","link":"https:\/\/www.bynaldis-shop.com\/?product=rosenquarz","title":{"rendered":"Rosenquarz \u2013 Trommelstein der Liebe"},"content":{"rendered":"<p data-start=\"176\" data-end=\"218\"><strong data-start=\"179\" data-end=\"218\">Rosenquarz \u2013 Trommelstein der Liebe<\/strong><\/p>\n<p data-start=\"220\" data-end=\"437\"><strong data-start=\"220\" data-end=\"234\">Rosenquarz<\/strong>, ein zartrosa Edelstein, wird oft als <strong data-start=\"273\" data-end=\"309\">Symbol der Liebe und des Herzens<\/strong> betrachtet.<br data-start=\"321\" data-end=\"324\" \/>Es hei\u00dft, dass er das <strong data-start=\"346\" data-end=\"360\">Herzchakra<\/strong> anspricht, um die F\u00e4higkeit zu st\u00e4rken, <strong data-start=\"401\" data-end=\"436\">Liebe zu geben und zu empfangen<\/strong>.<\/p>\n<p data-start=\"439\" data-end=\"680\">\u2728 <strong data-start=\"441\" data-end=\"474\">Sanfte Wirkung auf dein Herz:<\/strong><br data-start=\"474\" data-end=\"477\" \/>\u2013 \ud83d\udc9e f\u00f6rdert Selbstliebe &amp; Akzeptanz<br data-start=\"513\" data-end=\"516\" \/>\u2013 \ud83e\udd0d harmonisiert Beziehungen &amp; emotionale Verbindungen<br data-start=\"571\" data-end=\"574\" \/>\u2013 \ud83c\udf38 bringt Mitgef\u00fchl &amp; seelischen Trost<br data-start=\"614\" data-end=\"617\" \/>\u2013 \ud83e\uddd8\u200d\u2640\ufe0f unterst\u00fctzt dein inneres Gleichgewicht &amp; Wohlbefinden<\/p>\n<p data-start=\"682\" data-end=\"868\">Durch seine sanfte, liebevolle Energie wird der Rosenquarz zu einem wertvollen Begleiter f\u00fcr alle, die auf der Suche nach <strong data-start=\"804\" data-end=\"827\">emotionaler Heilung<\/strong> und <strong data-start=\"832\" data-end=\"862\">spiritueller Verbundenheit<\/strong> sind.<\/p>\n<p data-start=\"870\" data-end=\"1051\">\ud83d\udd38 <em data-start=\"873\" data-end=\"889\">Bitte beachte:<\/em> Jeder Stein ist ein einzigartiges Naturprodukt \u2013 in <strong data-start=\"942\" data-end=\"967\">Gr\u00f6\u00dfe, Form und Farbe<\/strong> individuell \u2013 und <strong data-start=\"986\" data-end=\"1019\">dein pers\u00f6nlicher Seelenstein<\/strong> findet immer den Weg zu dir. \ud83e\udef6<\/p>\n<p data-start=\"870\" data-end=\"1051\"><strong>Hinweis<\/strong>: Die beschriebenen Wirkungen basieren auf Erfahrungen von Anwendern und Edelsteintherapeuten und sind wissenschaftlich nicht erwiesen. Sie ersetzen keine medizinische Diagnose oder Behandlung. Bitte konsultiere bei gesundheitlichen Beschwerden immer einen Arzt.<\/p>\n","protected":false},"excerpt":{"rendered":"<p>Rosenquarz \u2013 Trommelstein der Liebe Rosenquarz, ein zartrosa Edelstein, wird oft als Symbol der Liebe und des Herzens betrachtet.Es hei\u00dft, dass er das Herzchakra anspricht, um die F\u00e4higkeit zu st\u00e4rken, Liebe zu geben und zu empfangen. \u2728 Sanfte Wirkung auf dein Herz:\u2013 \ud83d\udc9e f\u00f6rdert Selbstliebe &amp; Akzeptanz\u2013 \ud83e\udd0d harmonisiert Beziehungen &amp; emotionale Verbindungen\u2013 \ud83c\udf38 bringt [&hellip;]<\/p>\n<p><a class=\"read-more\" href=\"https:\/\/www.bynaldis-shop.com\/?product=rosenquarz\">Mehr lesen<span class=\"meta-nav\">&rarr;<\/span><\/a><\/p>\n","protected":false},"featured_media":8126,"template":"","meta":[],"product_brand":[],"product_cat":[206],"product_tag":[],"class_list":{"0":"post-7997","1":"product","2":"type-product","3":"status-publish","4":"has-post-thumbnail","6":"product_cat-trommelsteine","8":"first","9":"instock","10":"taxable","11":"shipping-taxable","12":"purchasable","13":"product-type-simple"},"_links":{"self":[{"href":"https:\/\/www.bynaldis-shop.com\/index.php?rest_route=\/wp\/v2\/product\/7997","targetHints":{"allow":["GET"]}}],"collection":[{"href":"https:\/\/www.bynaldis-shop.com\/index.php?rest_route=\/wp\/v2\/product"}],"about":[{"href":"https:\/\/www.bynaldis-shop.com\/index.php?rest_route=\/wp\/v2\/types\/product"}],"wp:featuredmedia":[{"embeddable":true,"href":"https:\/\/www.bynaldis-shop.com\/index.php?rest_route=\/wp\/v2\/media\/8126"}],"wp:attachment":[{"href":"https:\/\/www.bynaldis-shop.com\/index.php?rest_route=%2Fwp%2Fv2%2Fmedia&parent=7997"}],"wp:term":[{"taxonomy":"product_brand","embeddable":true,"href":"https:\/\/www.bynaldis-shop.com\/index.php?rest_route=%2Fwp%2Fv2%2Fproduct_brand&post=7997"},{"taxonomy":"product_cat","embeddable":true,"href":"https:\/\/www.bynaldis-shop.com\/index.php?rest_route=%2Fwp%2Fv2%2Fproduct_cat&post=7997"},{"taxonomy":"product_tag","embeddable":true,"href":"https:\/\/www.bynaldis-shop.com\/index.php?rest_route=%2Fwp%2Fv2%2Fproduct_tag&post=7997"}],"curies":[{"name":"wp","href":"https:\/\/api.w.org\/{rel}","templated":true}]}}