{"id":7996,"date":"2024-03-11T12:13:53","date_gmt":"2024-03-11T11:13:53","guid":{"rendered":"https:\/\/www.bynaldis-shop.com\/?post_type=product&#038;p=7996"},"modified":"2025-10-14T14:37:24","modified_gmt":"2025-10-14T12:37:24","slug":"bergkristall-2","status":"publish","type":"product","link":"https:\/\/www.bynaldis-shop.com\/?product=bergkristall-2","title":{"rendered":"Bergkristall \u2013 Trommelstein"},"content":{"rendered":"<p data-start=\"113\" data-end=\"147\"><strong data-start=\"116\" data-end=\"147\">Bergkristall \u2013 Trommelstein<\/strong><\/p>\n<p data-start=\"149\" data-end=\"378\">Der <strong data-start=\"153\" data-end=\"169\">Bergkristall<\/strong> steht f\u00fcr <strong data-start=\"180\" data-end=\"220\">Klarheit, Reinheit und innere St\u00e4rke<\/strong>. Als \u201eStein des Lichts\u201c wird er in der spirituellen Praxis gesch\u00e4tzt, um <strong data-start=\"294\" data-end=\"325\">negative Energien zu kl\u00e4ren<\/strong> und die <strong data-start=\"334\" data-end=\"361\">pers\u00f6nliche Entwicklung<\/strong> zu unterst\u00fctzen.<\/p>\n<p data-start=\"380\" data-end=\"636\">\u2728 <strong data-start=\"382\" data-end=\"410\">Wirkung auf einen Blick:<\/strong><br data-start=\"410\" data-end=\"413\" \/>\u2013 \ud83d\udcab verleiht Klarheit &amp; Ausdauer in herausfordernden Zeiten<br data-start=\"473\" data-end=\"476\" \/>\u2013 \ud83d\udee1\ufe0f sch\u00fctzt vor belastenden Energien<br data-start=\"514\" data-end=\"517\" \/>\u2013 \ud83e\uddd8\u200d\u2640\ufe0f f\u00f6rdert spirituelle Erkenntnisse &amp; inneres Wachstum<br data-start=\"576\" data-end=\"579\" \/>\u2013 \ud83d\udd2e unterst\u00fctzt bei Meditation &amp; geistiger Ausrichtung<\/p>\n<p data-start=\"638\" data-end=\"789\">Ob als Talisman oder Kraftstein \u2013 der Bergkristall bringt Licht ins Dunkel und hilft dir, deinen Weg mit mehr Bewusstsein und innerer Balance zu gehen.<\/p>\n<p data-start=\"791\" data-end=\"934\">\ud83d\udd38 <em data-start=\"794\" data-end=\"810\">Bitte beachte:<\/em> Jeder Bergkristall ist ein Unikat in Farbe, Form und Struktur \u2013 und genau <strong data-start=\"885\" data-end=\"905\">dein Seelenstein<\/strong> findet seinen Weg zu dir. \ud83c\udf1f<\/p>\n<p data-start=\"791\" data-end=\"934\"><strong>Hinweis:<\/strong> Die beschriebenen Wirkungen basieren auf Erfahrungen von Anwendern und Edelsteintherapeuten und sind wissenschaftlich nicht erwiesen. Sie ersetzen keine medizinische Diagnose oder Behandlung. Bitte konsultiere bei gesundheitlichen Beschwerden immer einen Arzt.<\/p>\n","protected":false},"excerpt":{"rendered":"<p>Bergkristall \u2013 Trommelstein Der Bergkristall steht f\u00fcr Klarheit, Reinheit und innere St\u00e4rke. Als \u201eStein des Lichts\u201c wird er in der spirituellen Praxis gesch\u00e4tzt, um negative Energien zu kl\u00e4ren und die pers\u00f6nliche Entwicklung zu unterst\u00fctzen. \u2728 Wirkung auf einen Blick:\u2013 \ud83d\udcab verleiht Klarheit &amp; Ausdauer in herausfordernden Zeiten\u2013 \ud83d\udee1\ufe0f sch\u00fctzt vor belastenden Energien\u2013 \ud83e\uddd8\u200d\u2640\ufe0f f\u00f6rdert spirituelle [&hellip;]<\/p>\n<p><a class=\"read-more\" href=\"https:\/\/www.bynaldis-shop.com\/?product=bergkristall-2\">Mehr lesen<span class=\"meta-nav\">&rarr;<\/span><\/a><\/p>\n","protected":false},"featured_media":8122,"template":"","meta":[],"product_brand":[],"product_cat":[206],"product_tag":[],"class_list":{"0":"post-7996","1":"product","2":"type-product","3":"status-publish","4":"has-post-thumbnail","6":"product_cat-trommelsteine","8":"first","9":"instock","10":"taxable","11":"shipping-taxable","12":"purchasable","13":"product-type-simple"},"_links":{"self":[{"href":"https:\/\/www.bynaldis-shop.com\/index.php?rest_route=\/wp\/v2\/product\/7996","targetHints":{"allow":["GET"]}}],"collection":[{"href":"https:\/\/www.bynaldis-shop.com\/index.php?rest_route=\/wp\/v2\/product"}],"about":[{"href":"https:\/\/www.bynaldis-shop.com\/index.php?rest_route=\/wp\/v2\/types\/product"}],"wp:featuredmedia":[{"embeddable":true,"href":"https:\/\/www.bynaldis-shop.com\/index.php?rest_route=\/wp\/v2\/media\/8122"}],"wp:attachment":[{"href":"https:\/\/www.bynaldis-shop.com\/index.php?rest_route=%2Fwp%2Fv2%2Fmedia&parent=7996"}],"wp:term":[{"taxonomy":"product_brand","embeddable":true,"href":"https:\/\/www.bynaldis-shop.com\/index.php?rest_route=%2Fwp%2Fv2%2Fproduct_brand&post=7996"},{"taxonomy":"product_cat","embeddable":true,"href":"https:\/\/www.bynaldis-shop.com\/index.php?rest_route=%2Fwp%2Fv2%2Fproduct_cat&post=7996"},{"taxonomy":"product_tag","embeddable":true,"href":"https:\/\/www.bynaldis-shop.com\/index.php?rest_route=%2Fwp%2Fv2%2Fproduct_tag&post=7996"}],"curies":[{"name":"wp","href":"https:\/\/api.w.org\/{rel}","templated":true}]}}