{"id":7995,"date":"2024-03-11T12:13:29","date_gmt":"2024-03-11T11:13:29","guid":{"rendered":"https:\/\/www.bynaldis-shop.com\/?post_type=product&#038;p=7995"},"modified":"2025-10-14T14:36:48","modified_gmt":"2025-10-14T12:36:48","slug":"haematit","status":"publish","type":"product","link":"https:\/\/www.bynaldis-shop.com\/?product=haematit","title":{"rendered":"Haematit &#8211; Trommelstein"},"content":{"rendered":"<p data-start=\"139\" data-end=\"428\">Der <strong data-start=\"143\" data-end=\"154\">H\u00e4matit<\/strong> ist ein kraftvoller Heilstein, der f\u00fcr seine <strong data-start=\"200\" data-end=\"233\">regenerierenden Eigenschaften<\/strong> bekannt ist. Er unterst\u00fctzt die <strong data-start=\"266\" data-end=\"283\">K\u00f6rperheilung<\/strong> auf vielf\u00e4ltige Weise und ist besonders hilfreich w\u00e4hrend der <strong data-start=\"346\" data-end=\"364\">Rekonvaleszenz<\/strong> \u2013 also in Zeiten, in denen der K\u00f6rper neue Kraft sch\u00f6pfen soll.<\/p>\n<p data-start=\"430\" data-end=\"707\">\u2728 <strong data-start=\"432\" data-end=\"460\">Wirkung auf einen Blick:<\/strong><br data-start=\"460\" data-end=\"463\" \/>\u2013 \ud83c\udf31 st\u00e4rkt die Regenerationskraft &amp; k\u00f6rperliche Widerstandsf\u00e4higkeit<br data-start=\"532\" data-end=\"535\" \/>\u2013 \ud83e\ude7a unterst\u00fctzt die Leber &amp; Entgiftung<br data-start=\"574\" data-end=\"577\" \/>\u2013 \ud83d\udd25 kann die Heilung von Narben &amp; Verbrennungen f\u00f6rdern<br data-start=\"633\" data-end=\"636\" \/>\u2013 \u2696\ufe0f schenkt innere Stabilit\u00e4t &amp; Ausgleich in herausfordernden Phasen<\/p>\n<p data-start=\"709\" data-end=\"853\">Als treuer Begleiter auf dem Weg zu mehr Gesundheit und Balance hilft der H\u00e4matit, neue Energie zu tanken und sich ganzheitlich zu regenerieren.<\/p>\n<p data-start=\"855\" data-end=\"993\">\ud83d\udd38 <em data-start=\"858\" data-end=\"874\">Bitte beachte:<\/em> Jeder H\u00e4matit ist ein Unikat in Farbe, Form und Struktur \u2013 und genau <strong data-start=\"944\" data-end=\"964\">dein Seelenstein<\/strong> findet seinen Weg zu dir. \ud83c\udf1f<\/p>\n<p data-start=\"855\" data-end=\"993\"><strong>Hinweis:<\/strong> Die beschriebenen Wirkungen basieren auf Erfahrungen von Anwendern und Edelsteintherapeuten und sind wissenschaftlich nicht erwiesen. Sie ersetzen keine medizinische Diagnose oder Behandlung. Bitte konsultiere bei gesundheitlichen Beschwerden immer einen Arzt.<\/p>\n","protected":false},"excerpt":{"rendered":"<p>Der H\u00e4matit ist ein kraftvoller Heilstein, der f\u00fcr seine regenerierenden Eigenschaften bekannt ist. Er unterst\u00fctzt die K\u00f6rperheilung auf vielf\u00e4ltige Weise und ist besonders hilfreich w\u00e4hrend der Rekonvaleszenz \u2013 also in Zeiten, in denen der K\u00f6rper neue Kraft sch\u00f6pfen soll. \u2728 Wirkung auf einen Blick:\u2013 \ud83c\udf31 st\u00e4rkt die Regenerationskraft &amp; k\u00f6rperliche Widerstandsf\u00e4higkeit\u2013 \ud83e\ude7a unterst\u00fctzt die Leber [&hellip;]<\/p>\n<p><a class=\"read-more\" href=\"https:\/\/www.bynaldis-shop.com\/?product=haematit\">Mehr lesen<span class=\"meta-nav\">&rarr;<\/span><\/a><\/p>\n","protected":false},"featured_media":8108,"template":"","meta":[],"product_brand":[],"product_cat":[206],"product_tag":[],"class_list":{"0":"post-7995","1":"product","2":"type-product","3":"status-publish","4":"has-post-thumbnail","6":"product_cat-trommelsteine","8":"first","9":"instock","10":"taxable","11":"shipping-taxable","12":"purchasable","13":"product-type-simple"},"_links":{"self":[{"href":"https:\/\/www.bynaldis-shop.com\/index.php?rest_route=\/wp\/v2\/product\/7995","targetHints":{"allow":["GET"]}}],"collection":[{"href":"https:\/\/www.bynaldis-shop.com\/index.php?rest_route=\/wp\/v2\/product"}],"about":[{"href":"https:\/\/www.bynaldis-shop.com\/index.php?rest_route=\/wp\/v2\/types\/product"}],"wp:featuredmedia":[{"embeddable":true,"href":"https:\/\/www.bynaldis-shop.com\/index.php?rest_route=\/wp\/v2\/media\/8108"}],"wp:attachment":[{"href":"https:\/\/www.bynaldis-shop.com\/index.php?rest_route=%2Fwp%2Fv2%2Fmedia&parent=7995"}],"wp:term":[{"taxonomy":"product_brand","embeddable":true,"href":"https:\/\/www.bynaldis-shop.com\/index.php?rest_route=%2Fwp%2Fv2%2Fproduct_brand&post=7995"},{"taxonomy":"product_cat","embeddable":true,"href":"https:\/\/www.bynaldis-shop.com\/index.php?rest_route=%2Fwp%2Fv2%2Fproduct_cat&post=7995"},{"taxonomy":"product_tag","embeddable":true,"href":"https:\/\/www.bynaldis-shop.com\/index.php?rest_route=%2Fwp%2Fv2%2Fproduct_tag&post=7995"}],"curies":[{"name":"wp","href":"https:\/\/api.w.org\/{rel}","templated":true}]}}