{"id":7992,"date":"2024-03-11T12:10:52","date_gmt":"2024-03-11T11:10:52","guid":{"rendered":"https:\/\/www.bynaldis-shop.com\/?post_type=product&#038;p=7992"},"modified":"2025-10-14T14:36:17","modified_gmt":"2025-10-14T12:36:17","slug":"zoisit","status":"publish","type":"product","link":"https:\/\/www.bynaldis-shop.com\/?product=zoisit","title":{"rendered":"Zoisit \u2013 Trommelstein"},"content":{"rendered":"<p data-start=\"130\" data-end=\"158\"><strong data-start=\"133\" data-end=\"158\">Zoisit \u2013 Trommelstein<\/strong><\/p>\n<p data-start=\"160\" data-end=\"447\">Der <strong data-start=\"164\" data-end=\"174\">Zoisit<\/strong> ist ein kraftvoller Unterst\u00fctzer, wenn es um Vitalit\u00e4t, Regeneration und innere Harmonie geht. Er wird besonders gesch\u00e4tzt f\u00fcr seine wohltuenden Einfl\u00fcsse auf das <strong data-start=\"338\" data-end=\"354\">Nervensystem<\/strong>, die <strong data-start=\"360\" data-end=\"383\">Fortpflanzungskraft<\/strong> und die <strong data-start=\"392\" data-end=\"409\">Fruchtbarkeit<\/strong> \u2013 sowohl k\u00f6rperlich als auch geistig.<\/p>\n<p data-start=\"449\" data-end=\"709\">\u2728 <strong data-start=\"451\" data-end=\"479\">Wirkung auf einen Blick:<\/strong><br data-start=\"479\" data-end=\"482\" \/>\u2013 \ud83c\udf3f f\u00f6rdert Fruchtbarkeit &amp; Regeneration<br data-start=\"523\" data-end=\"526\" \/>\u2013 \ud83e\udde0 unterst\u00fctzt das Nervensystem &amp; die innere Balance<br data-start=\"580\" data-end=\"583\" \/>\u2013 \ud83e\uddd8\u200d\u2640\ufe0f hilft, k\u00f6rperliche &amp; seelische Prozesse zu harmonisieren<br data-start=\"647\" data-end=\"650\" \/>\u2013 \ud83d\udcab schenkt neue Lebensenergie &amp; ein Gef\u00fchl von Ganzheit<\/p>\n<p data-start=\"711\" data-end=\"880\">Der Zoisit m\u00f6chte dich daran erinnern, in deine Kraft zu kommen, K\u00f6rper und Geist in Einklang zu bringen \u2013 und Vertrauen in deine nat\u00fcrliche Lebensenergie zu entwickeln.<\/p>\n<p data-start=\"882\" data-end=\"1015\">\ud83d\udd38 <em data-start=\"885\" data-end=\"901\">Bitte beachte:<\/em> Jeder Stein ist ein Unikat in Farbe, Form und Struktur \u2013 und genau <strong data-start=\"969\" data-end=\"989\">dein Seelenstein<\/strong> findet den Weg zu dir. \ud83c\udf1f<\/p>\n<p data-start=\"882\" data-end=\"1015\"><strong>Hinweis<\/strong>: Die beschriebenen Wirkungen basieren auf Erfahrungen von Anwendern und Edelsteintherapeuten und sind wissenschaftlich nicht erwiesen. Sie ersetzen keine medizinische Diagnose oder Behandlung. Bitte konsultiere bei gesundheitlichen Beschwerden immer einen Arzt.<\/p>\n","protected":false},"excerpt":{"rendered":"<p>Zoisit \u2013 Trommelstein Der Zoisit ist ein kraftvoller Unterst\u00fctzer, wenn es um Vitalit\u00e4t, Regeneration und innere Harmonie geht. Er wird besonders gesch\u00e4tzt f\u00fcr seine wohltuenden Einfl\u00fcsse auf das Nervensystem, die Fortpflanzungskraft und die Fruchtbarkeit \u2013 sowohl k\u00f6rperlich als auch geistig. \u2728 Wirkung auf einen Blick:\u2013 \ud83c\udf3f f\u00f6rdert Fruchtbarkeit &amp; Regeneration\u2013 \ud83e\udde0 unterst\u00fctzt das Nervensystem &amp; [&hellip;]<\/p>\n<p><a class=\"read-more\" href=\"https:\/\/www.bynaldis-shop.com\/?product=zoisit\">Mehr lesen<span class=\"meta-nav\">&rarr;<\/span><\/a><\/p>\n","protected":false},"featured_media":8131,"template":"","meta":[],"product_brand":[],"product_cat":[206],"product_tag":[],"class_list":{"0":"post-7992","1":"product","2":"type-product","3":"status-publish","4":"has-post-thumbnail","6":"product_cat-trommelsteine","8":"first","9":"instock","10":"taxable","11":"shipping-taxable","12":"purchasable","13":"product-type-simple"},"_links":{"self":[{"href":"https:\/\/www.bynaldis-shop.com\/index.php?rest_route=\/wp\/v2\/product\/7992","targetHints":{"allow":["GET"]}}],"collection":[{"href":"https:\/\/www.bynaldis-shop.com\/index.php?rest_route=\/wp\/v2\/product"}],"about":[{"href":"https:\/\/www.bynaldis-shop.com\/index.php?rest_route=\/wp\/v2\/types\/product"}],"wp:featuredmedia":[{"embeddable":true,"href":"https:\/\/www.bynaldis-shop.com\/index.php?rest_route=\/wp\/v2\/media\/8131"}],"wp:attachment":[{"href":"https:\/\/www.bynaldis-shop.com\/index.php?rest_route=%2Fwp%2Fv2%2Fmedia&parent=7992"}],"wp:term":[{"taxonomy":"product_brand","embeddable":true,"href":"https:\/\/www.bynaldis-shop.com\/index.php?rest_route=%2Fwp%2Fv2%2Fproduct_brand&post=7992"},{"taxonomy":"product_cat","embeddable":true,"href":"https:\/\/www.bynaldis-shop.com\/index.php?rest_route=%2Fwp%2Fv2%2Fproduct_cat&post=7992"},{"taxonomy":"product_tag","embeddable":true,"href":"https:\/\/www.bynaldis-shop.com\/index.php?rest_route=%2Fwp%2Fv2%2Fproduct_tag&post=7992"}],"curies":[{"name":"wp","href":"https:\/\/api.w.org\/{rel}","templated":true}]}}