{"id":7991,"date":"2024-03-11T12:10:21","date_gmt":"2024-03-11T11:10:21","guid":{"rendered":"https:\/\/www.bynaldis-shop.com\/?post_type=product&#038;p=7991"},"modified":"2025-10-14T14:35:41","modified_gmt":"2025-10-14T12:35:41","slug":"baryt","status":"publish","type":"product","link":"https:\/\/www.bynaldis-shop.com\/?product=baryt","title":{"rendered":"Baryt \u2013 Trommelstein"},"content":{"rendered":"<p data-start=\"154\" data-end=\"181\"><strong data-start=\"157\" data-end=\"181\">Baryt \u2013 Trommelstein<\/strong><\/p>\n<p data-start=\"183\" data-end=\"470\">Der <strong data-start=\"187\" data-end=\"196\">Baryt<\/strong> ist ein Edelstein, der f\u00fcr innere St\u00e4rke, Klarheit und emotionale Stabilit\u00e4t steht. Als handschmeichelnder Trommelstein unterst\u00fctzt er dich dabei, dich selbstbewusst durch herausfordernde Zeiten zu bewegen und dich nicht von \u00c4ngsten oder Selbstzweifeln aufhalten zu lassen.<\/p>\n<p data-start=\"472\" data-end=\"727\">\u2728 <strong data-start=\"474\" data-end=\"502\">Wirkung auf einen Blick:<\/strong><br data-start=\"502\" data-end=\"505\" \/>\u2013 \ud83d\udee1\ufe0f st\u00e4rkt Durchsetzungskraft &amp; Selbstvertrauen<br data-start=\"554\" data-end=\"557\" \/>\u2013 \ud83c\udf2b\ufe0f hilft bei \u00c4ngsten, Kummer &amp; Unsicherheiten<br data-start=\"605\" data-end=\"608\" \/>\u2013 \u2696\ufe0f f\u00f6rdert emotionale Balance &amp; mentale Klarheit<br data-start=\"658\" data-end=\"661\" \/>\u2013 \ud83c\udf1f \u00f6ffnet Wege zur pers\u00f6nlichen Entwicklung &amp; innerem Wachstum<\/p>\n<p data-start=\"729\" data-end=\"889\">Der Baryt m\u00f6chte dich sanft daran erinnern, dass du st\u00e4rker bist, als du denkst \u2013 und dass echte Entwicklung oft aus der \u00dcberwindung innerer Blockaden entsteht.<\/p>\n<p data-start=\"891\" data-end=\"1024\">\ud83d\udd38 <em data-start=\"894\" data-end=\"910\">Bitte beachte:<\/em> Jeder Stein ist ein Unikat in Farbe, Form und Struktur \u2013 und genau <strong data-start=\"978\" data-end=\"998\">dein Seelenstein<\/strong> findet den Weg zu dir. \ud83d\udcab<\/p>\n<p data-start=\"891\" data-end=\"1024\"><strong>Hinweis<\/strong>: Die beschriebenen Wirkungen basieren auf Erfahrungen von Anwendern und Edelsteintherapeuten und sind wissenschaftlich nicht erwiesen. Sie ersetzen keine medizinische Diagnose oder Behandlung. Bitte konsultiere bei gesundheitlichen Beschwerden immer einen Arzt.<\/p>\n","protected":false},"excerpt":{"rendered":"<p>Baryt \u2013 Trommelstein Der Baryt ist ein Edelstein, der f\u00fcr innere St\u00e4rke, Klarheit und emotionale Stabilit\u00e4t steht. Als handschmeichelnder Trommelstein unterst\u00fctzt er dich dabei, dich selbstbewusst durch herausfordernde Zeiten zu bewegen und dich nicht von \u00c4ngsten oder Selbstzweifeln aufhalten zu lassen. \u2728 Wirkung auf einen Blick:\u2013 \ud83d\udee1\ufe0f st\u00e4rkt Durchsetzungskraft &amp; Selbstvertrauen\u2013 \ud83c\udf2b\ufe0f hilft bei \u00c4ngsten, [&hellip;]<\/p>\n<p><a class=\"read-more\" href=\"https:\/\/www.bynaldis-shop.com\/?product=baryt\">Mehr lesen<span class=\"meta-nav\">&rarr;<\/span><\/a><\/p>\n","protected":false},"featured_media":8105,"template":"","meta":[],"product_brand":[],"product_cat":[206],"product_tag":[],"class_list":{"0":"post-7991","1":"product","2":"type-product","3":"status-publish","4":"has-post-thumbnail","6":"product_cat-trommelsteine","8":"first","9":"instock","10":"taxable","11":"shipping-taxable","12":"purchasable","13":"product-type-simple"},"_links":{"self":[{"href":"https:\/\/www.bynaldis-shop.com\/index.php?rest_route=\/wp\/v2\/product\/7991","targetHints":{"allow":["GET"]}}],"collection":[{"href":"https:\/\/www.bynaldis-shop.com\/index.php?rest_route=\/wp\/v2\/product"}],"about":[{"href":"https:\/\/www.bynaldis-shop.com\/index.php?rest_route=\/wp\/v2\/types\/product"}],"wp:featuredmedia":[{"embeddable":true,"href":"https:\/\/www.bynaldis-shop.com\/index.php?rest_route=\/wp\/v2\/media\/8105"}],"wp:attachment":[{"href":"https:\/\/www.bynaldis-shop.com\/index.php?rest_route=%2Fwp%2Fv2%2Fmedia&parent=7991"}],"wp:term":[{"taxonomy":"product_brand","embeddable":true,"href":"https:\/\/www.bynaldis-shop.com\/index.php?rest_route=%2Fwp%2Fv2%2Fproduct_brand&post=7991"},{"taxonomy":"product_cat","embeddable":true,"href":"https:\/\/www.bynaldis-shop.com\/index.php?rest_route=%2Fwp%2Fv2%2Fproduct_cat&post=7991"},{"taxonomy":"product_tag","embeddable":true,"href":"https:\/\/www.bynaldis-shop.com\/index.php?rest_route=%2Fwp%2Fv2%2Fproduct_tag&post=7991"}],"curies":[{"name":"wp","href":"https:\/\/api.w.org\/{rel}","templated":true}]}}