{"id":7988,"date":"2024-03-11T12:04:47","date_gmt":"2024-03-11T11:04:47","guid":{"rendered":"https:\/\/www.bynaldis-shop.com\/?post_type=product&#038;p=7988"},"modified":"2025-10-14T14:34:12","modified_gmt":"2025-10-14T12:34:12","slug":"rosenquarz-gross-2","status":"publish","type":"product","link":"https:\/\/www.bynaldis-shop.com\/?product=rosenquarz-gross-2","title":{"rendered":"Rosenquarz \u2013 Herzf\u00f6rmiger Trommelstein"},"content":{"rendered":"<p data-start=\"154\" data-end=\"199\"><strong data-start=\"157\" data-end=\"199\">Rosenquarz \u2013 Herzf\u00f6rmiger Trommelstein<\/strong><\/p>\n<p data-start=\"201\" data-end=\"426\">Dieses zartrosa \ud83d\udc95 <strong data-start=\"220\" data-end=\"243\">Herz aus Rosenquarz<\/strong> ist ein kraftvoller Begleiter f\u00fcr Liebe, Mitgef\u00fchl und inneren Frieden. Als Stein des Herzens \u00f6ffnet er dich f\u00fcr Selbstliebe und Harmonie in Beziehungen \u2013 sanft und heilsam zugleich.<\/p>\n<p data-start=\"428\" data-end=\"871\"><strong data-start=\"428\" data-end=\"442\">Rosenquarz<\/strong>, ein zartrosa Edelstein, wird oft als Symbol der Liebe und des Herzens betrachtet.<br data-start=\"525\" data-end=\"528\" \/>Es hei\u00dft, dass er das Herzchakra anspricht, um die F\u00e4higkeit zu st\u00e4rken, Liebe zu geben und zu empfangen.<br data-start=\"633\" data-end=\"636\" \/>Durch seine sanfte Energie wird angenommen, dass er Beziehungen harmonisiert und Selbstliebe sowie Akzeptanz f\u00f6rdert.<br data-start=\"753\" data-end=\"756\" \/>So wird der Rosenquarz oft als Unterst\u00fctzung f\u00fcr emotionales Wohlbefinden und spirituelle Verbundenheit gesehen. \ud83c\udf38<\/p>\n<p data-start=\"873\" data-end=\"1058\">\u2728 <strong data-start=\"875\" data-end=\"903\">Wirkung auf einen Blick:<\/strong><br data-start=\"903\" data-end=\"906\" \/>\u2013 \ud83d\udc97 f\u00f6rdert Liebe, Mitgef\u00fchl &amp; Herzensverbindung<br data-start=\"955\" data-end=\"958\" \/>\u2013 \ud83c\udf38 st\u00e4rkt das Herzchakra &amp; emotionale Heilung<br data-start=\"1005\" data-end=\"1008\" \/>\u2013 \ud83e\udd32 unterst\u00fctzt Selbstliebe &amp; sanfte Abgrenzung<\/p>\n<p data-start=\"1060\" data-end=\"1176\">Ein Herzensstein, der dich daran erinnert, dass wahre St\u00e4rke im Mitgef\u00fchl liegt \u2013 f\u00fcr dich selbst und f\u00fcr andere. \ud83d\udc9e<\/p>\n<p data-start=\"1060\" data-end=\"1176\"><strong>Hinweis:<\/strong> Die beschriebenen Wirkungen basieren auf Erfahrungen von Anwendern und Edelsteintherapeuten und sind wissenschaftlich nicht erwiesen. Sie ersetzen keine medizinische Diagnose oder Behandlung. Bitte konsultiere bei gesundheitlichen Beschwerden immer einen Arzt.<\/p>\n","protected":false},"excerpt":{"rendered":"<p>Rosenquarz \u2013 Herzf\u00f6rmiger Trommelstein Dieses zartrosa \ud83d\udc95 Herz aus Rosenquarz ist ein kraftvoller Begleiter f\u00fcr Liebe, Mitgef\u00fchl und inneren Frieden. Als Stein des Herzens \u00f6ffnet er dich f\u00fcr Selbstliebe und Harmonie in Beziehungen \u2013 sanft und heilsam zugleich. Rosenquarz, ein zartrosa Edelstein, wird oft als Symbol der Liebe und des Herzens betrachtet.Es hei\u00dft, dass er [&hellip;]<\/p>\n<p><a class=\"read-more\" href=\"https:\/\/www.bynaldis-shop.com\/?product=rosenquarz-gross-2\">Mehr lesen<span class=\"meta-nav\">&rarr;<\/span><\/a><\/p>\n","protected":false},"featured_media":8212,"template":"","meta":[],"product_brand":[],"product_cat":[209],"product_tag":[],"class_list":{"0":"post-7988","1":"product","2":"type-product","3":"status-publish","4":"has-post-thumbnail","6":"product_cat-herzen","8":"first","9":"instock","10":"taxable","11":"shipping-taxable","12":"purchasable","13":"product-type-simple"},"_links":{"self":[{"href":"https:\/\/www.bynaldis-shop.com\/index.php?rest_route=\/wp\/v2\/product\/7988","targetHints":{"allow":["GET"]}}],"collection":[{"href":"https:\/\/www.bynaldis-shop.com\/index.php?rest_route=\/wp\/v2\/product"}],"about":[{"href":"https:\/\/www.bynaldis-shop.com\/index.php?rest_route=\/wp\/v2\/types\/product"}],"wp:featuredmedia":[{"embeddable":true,"href":"https:\/\/www.bynaldis-shop.com\/index.php?rest_route=\/wp\/v2\/media\/8212"}],"wp:attachment":[{"href":"https:\/\/www.bynaldis-shop.com\/index.php?rest_route=%2Fwp%2Fv2%2Fmedia&parent=7988"}],"wp:term":[{"taxonomy":"product_brand","embeddable":true,"href":"https:\/\/www.bynaldis-shop.com\/index.php?rest_route=%2Fwp%2Fv2%2Fproduct_brand&post=7988"},{"taxonomy":"product_cat","embeddable":true,"href":"https:\/\/www.bynaldis-shop.com\/index.php?rest_route=%2Fwp%2Fv2%2Fproduct_cat&post=7988"},{"taxonomy":"product_tag","embeddable":true,"href":"https:\/\/www.bynaldis-shop.com\/index.php?rest_route=%2Fwp%2Fv2%2Fproduct_tag&post=7988"}],"curies":[{"name":"wp","href":"https:\/\/api.w.org\/{rel}","templated":true}]}}