{"id":7984,"date":"2024-03-11T12:00:51","date_gmt":"2024-03-11T11:00:51","guid":{"rendered":"https:\/\/www.bynaldis-shop.com\/?post_type=product&#038;p=7984"},"modified":"2025-10-14T14:25:51","modified_gmt":"2025-10-14T12:25:51","slug":"mookait","status":"publish","type":"product","link":"https:\/\/www.bynaldis-shop.com\/?product=mookait","title":{"rendered":"Mookait \u2013 Herzf\u00f6rmiger Trommelstein"},"content":{"rendered":"<p data-start=\"172\" data-end=\"214\"><strong data-start=\"175\" data-end=\"214\">Mookait \u2013 Herzf\u00f6rmiger Trommelstein<\/strong><\/p>\n<p data-start=\"216\" data-end=\"455\">Dieses wundersch\u00f6ne \ud83d\udc9b <strong data-start=\"239\" data-end=\"259\">Herz aus Mookait<\/strong> vereint die nat\u00fcrlichen Farben der australischen Erde \u2013 von Creme \u00fcber Ocker bis hin zu tiefem Rot. Jeder Stein ist ein Unikat und tr\u00e4gt die Kraft von Stabilit\u00e4t, Erdung und innerer Ruhe in sich.<\/p>\n<p data-start=\"457\" data-end=\"695\">Der Mookait unterst\u00fctzt dich dabei, im Hier und Jetzt anzukommen, Vertrauen in deine Entscheidungen zu finden und offen f\u00fcr Wandel zu bleiben. Er f\u00f6rdert Gelassenheit und schenkt Mut f\u00fcr neue Wege \u2013 mit einem ruhigen, geerdeten Herzen. \ud83c\udf31<\/p>\n<p data-start=\"697\" data-end=\"863\">\u2728 <strong data-start=\"699\" data-end=\"727\">Wirkung auf einen Blick:<\/strong><br data-start=\"727\" data-end=\"730\" \/>\u2013 \ud83c\udf3e schenkt Erdung &amp; innere Stabilit\u00e4t<br data-start=\"769\" data-end=\"772\" \/>\u2013 \ud83d\udc9b unterst\u00fctzt bei Entscheidungen &amp; Wandel<br data-start=\"816\" data-end=\"819\" \/>\u2013 \ud83c\udf1f bringt Ruhe &amp; Vertrauen in den Alltag<\/p>\n<p data-start=\"865\" data-end=\"954\">Ein sanftes Herz, das dich an deine innere Kraft und die Weisheit des Lebens erinnert. \ud83e\udd0e<\/p>\n<p data-start=\"865\" data-end=\"954\"><strong>Hinweis:<\/strong> Die beschriebenen Wirkungen basieren auf Erfahrungen von Anwendern und Edelsteintherapeuten und sind wissenschaftlich nicht erwiesen. Sie ersetzen keine medizinische Diagnose oder Behandlung. Bitte konsultiere bei gesundheitlichen Beschwerden immer einen Arzt.<\/p>\n","protected":false},"excerpt":{"rendered":"<p>Mookait \u2013 Herzf\u00f6rmiger Trommelstein Dieses wundersch\u00f6ne \ud83d\udc9b Herz aus Mookait vereint die nat\u00fcrlichen Farben der australischen Erde \u2013 von Creme \u00fcber Ocker bis hin zu tiefem Rot. Jeder Stein ist ein Unikat und tr\u00e4gt die Kraft von Stabilit\u00e4t, Erdung und innerer Ruhe in sich. Der Mookait unterst\u00fctzt dich dabei, im Hier und Jetzt anzukommen, Vertrauen [&hellip;]<\/p>\n<p><a class=\"read-more\" href=\"https:\/\/www.bynaldis-shop.com\/?product=mookait\">Mehr lesen<span class=\"meta-nav\">&rarr;<\/span><\/a><\/p>\n","protected":false},"featured_media":8180,"template":"","meta":[],"product_brand":[],"product_cat":[209],"product_tag":[],"class_list":{"0":"post-7984","1":"product","2":"type-product","3":"status-publish","4":"has-post-thumbnail","6":"product_cat-herzen","8":"first","9":"instock","10":"taxable","11":"shipping-taxable","12":"purchasable","13":"product-type-simple"},"_links":{"self":[{"href":"https:\/\/www.bynaldis-shop.com\/index.php?rest_route=\/wp\/v2\/product\/7984","targetHints":{"allow":["GET"]}}],"collection":[{"href":"https:\/\/www.bynaldis-shop.com\/index.php?rest_route=\/wp\/v2\/product"}],"about":[{"href":"https:\/\/www.bynaldis-shop.com\/index.php?rest_route=\/wp\/v2\/types\/product"}],"wp:featuredmedia":[{"embeddable":true,"href":"https:\/\/www.bynaldis-shop.com\/index.php?rest_route=\/wp\/v2\/media\/8180"}],"wp:attachment":[{"href":"https:\/\/www.bynaldis-shop.com\/index.php?rest_route=%2Fwp%2Fv2%2Fmedia&parent=7984"}],"wp:term":[{"taxonomy":"product_brand","embeddable":true,"href":"https:\/\/www.bynaldis-shop.com\/index.php?rest_route=%2Fwp%2Fv2%2Fproduct_brand&post=7984"},{"taxonomy":"product_cat","embeddable":true,"href":"https:\/\/www.bynaldis-shop.com\/index.php?rest_route=%2Fwp%2Fv2%2Fproduct_cat&post=7984"},{"taxonomy":"product_tag","embeddable":true,"href":"https:\/\/www.bynaldis-shop.com\/index.php?rest_route=%2Fwp%2Fv2%2Fproduct_tag&post=7984"}],"curies":[{"name":"wp","href":"https:\/\/api.w.org\/{rel}","templated":true}]}}