{"id":7982,"date":"2024-03-11T11:59:59","date_gmt":"2024-03-11T10:59:59","guid":{"rendered":"https:\/\/www.bynaldis-shop.com\/?post_type=product&#038;p=7982"},"modified":"2025-10-14T14:25:13","modified_gmt":"2025-10-14T12:25:13","slug":"heliotrop-blutstein","status":"publish","type":"product","link":"https:\/\/www.bynaldis-shop.com\/?product=heliotrop-blutstein","title":{"rendered":"Heliotrop \u2013 Trommelstein"},"content":{"rendered":"<p data-start=\"154\" data-end=\"185\"><strong data-start=\"157\" data-end=\"185\">Heliotrop \u2013 Trommelstein<\/strong><\/p>\n<p data-start=\"187\" data-end=\"414\">Der <strong data-start=\"191\" data-end=\"204\">Heliotrop<\/strong>, auch bekannt als <em data-start=\"223\" data-end=\"234\">Blutstein<\/em>, ist ein kraftvoller Begleiter zur St\u00e4rkung deines Wurzelchakras \ud83c\udf3f. Als glatter Trommelstein liegt er angenehm in der Hand und erinnert dich an innere Stabilit\u00e4t, Mut und Erdung.<\/p>\n<p data-start=\"416\" data-end=\"677\">\u2728 <strong data-start=\"418\" data-end=\"446\">Wirkung auf einen Blick:<\/strong><br data-start=\"446\" data-end=\"449\" \/>\u2013 \ud83c\udf31 st\u00e4rkt Selbstvertrauen &amp; Entscheidungsfreude<br data-start=\"498\" data-end=\"501\" \/>\u2013 \ud83e\udded unterst\u00fctzt dabei, eigene Talente zu entfalten<br data-start=\"552\" data-end=\"555\" \/>\u2013 \ud83c\udf0d f\u00f6rdert die tiefe Verbindung zu deinen Wurzeln &amp; zur Erde<br data-start=\"617\" data-end=\"620\" \/>\u2013 \u2764\ufe0f\u200d\ud83d\udd25 inspiriert zu innerem Wachstum &amp; klaren Idealen<\/p>\n<p data-start=\"679\" data-end=\"870\">Der Heliotrop m\u00f6chte dir helfen, deine inneren St\u00e4rken zu erkennen und mit \u00dcberzeugung deinen Weg zu gehen. Seine geerdete Kraft begleitet dich sanft \u2013 besonders in herausfordernden Momenten.<\/p>\n<p data-start=\"872\" data-end=\"1005\">\ud83d\udd38 <em data-start=\"875\" data-end=\"891\">Bitte beachte:<\/em> Jeder Stein ist ein Unikat in Farbe, Form und Struktur \u2013 und genau <strong data-start=\"959\" data-end=\"979\">dein Seelenstein<\/strong> findet den Weg zu dir. \ud83e\udef6<\/p>\n<p data-start=\"872\" data-end=\"1005\"><strong>Hinweis:<\/strong> Die beschriebenen Wirkungen basieren auf Erfahrungen von Anwendern und Edelsteintherapeuten und sind wissenschaftlich nicht erwiesen. Sie ersetzen keine medizinische Diagnose oder Behandlung. Bitte konsultiere bei gesundheitlichen Beschwerden immer einen Arzt.<\/p>\n","protected":false},"excerpt":{"rendered":"<p>Heliotrop \u2013 Trommelstein Der Heliotrop, auch bekannt als Blutstein, ist ein kraftvoller Begleiter zur St\u00e4rkung deines Wurzelchakras \ud83c\udf3f. Als glatter Trommelstein liegt er angenehm in der Hand und erinnert dich an innere Stabilit\u00e4t, Mut und Erdung. \u2728 Wirkung auf einen Blick:\u2013 \ud83c\udf31 st\u00e4rkt Selbstvertrauen &amp; Entscheidungsfreude\u2013 \ud83e\udded unterst\u00fctzt dabei, eigene Talente zu entfalten\u2013 \ud83c\udf0d f\u00f6rdert [&hellip;]<\/p>\n<p><a class=\"read-more\" href=\"https:\/\/www.bynaldis-shop.com\/?product=heliotrop-blutstein\">Mehr lesen<span class=\"meta-nav\">&rarr;<\/span><\/a><\/p>\n","protected":false},"featured_media":8181,"template":"","meta":[],"product_brand":[],"product_cat":[206],"product_tag":[],"class_list":{"0":"post-7982","1":"product","2":"type-product","3":"status-publish","4":"has-post-thumbnail","6":"product_cat-trommelsteine","8":"first","9":"instock","10":"taxable","11":"shipping-taxable","12":"purchasable","13":"product-type-simple"},"_links":{"self":[{"href":"https:\/\/www.bynaldis-shop.com\/index.php?rest_route=\/wp\/v2\/product\/7982","targetHints":{"allow":["GET"]}}],"collection":[{"href":"https:\/\/www.bynaldis-shop.com\/index.php?rest_route=\/wp\/v2\/product"}],"about":[{"href":"https:\/\/www.bynaldis-shop.com\/index.php?rest_route=\/wp\/v2\/types\/product"}],"wp:featuredmedia":[{"embeddable":true,"href":"https:\/\/www.bynaldis-shop.com\/index.php?rest_route=\/wp\/v2\/media\/8181"}],"wp:attachment":[{"href":"https:\/\/www.bynaldis-shop.com\/index.php?rest_route=%2Fwp%2Fv2%2Fmedia&parent=7982"}],"wp:term":[{"taxonomy":"product_brand","embeddable":true,"href":"https:\/\/www.bynaldis-shop.com\/index.php?rest_route=%2Fwp%2Fv2%2Fproduct_brand&post=7982"},{"taxonomy":"product_cat","embeddable":true,"href":"https:\/\/www.bynaldis-shop.com\/index.php?rest_route=%2Fwp%2Fv2%2Fproduct_cat&post=7982"},{"taxonomy":"product_tag","embeddable":true,"href":"https:\/\/www.bynaldis-shop.com\/index.php?rest_route=%2Fwp%2Fv2%2Fproduct_tag&post=7982"}],"curies":[{"name":"wp","href":"https:\/\/api.w.org\/{rel}","templated":true}]}}