{"id":7974,"date":"2024-03-11T11:53:23","date_gmt":"2024-03-11T10:53:23","guid":{"rendered":"https:\/\/www.bynaldis-shop.com\/?post_type=product&#038;p=7974"},"modified":"2025-10-14T14:23:42","modified_gmt":"2025-10-14T12:23:42","slug":"orangencalzit","status":"publish","type":"product","link":"https:\/\/www.bynaldis-shop.com\/?product=orangencalzit","title":{"rendered":"Orangencalcit \u2013 Herzf\u00f6rmiger Trommelstein"},"content":{"rendered":"<p data-start=\"176\" data-end=\"224\"><strong data-start=\"179\" data-end=\"224\">Orangencalcit \u2013 Herzf\u00f6rmiger Trommelstein<\/strong><\/p>\n<p data-start=\"226\" data-end=\"468\">Dieses sonnige \ud83d\udc9b <strong data-start=\"244\" data-end=\"270\">Herz aus Orangencalcit<\/strong> bringt Leichtigkeit, Lebensfreude und frischen Schwung in deinen Alltag. Die warme, orange Farbe erinnert an Sonnenstrahlen und l\u00e4dt dazu ein, das Herz zu \u00f6ffnen und neue Energie flie\u00dfen zu lassen.<\/p>\n<p data-start=\"470\" data-end=\"689\">Der Orangencalcit wirkt stimmungsaufhellend und f\u00f6rdert Kreativit\u00e4t, Optimismus und innere Bewegung. In Herzform geschliffen, liegt er angenehm in der Hand und schenkt ein Gef\u00fchl von Geborgenheit, Mut und Lebenslust.<\/p>\n<p data-start=\"691\" data-end=\"849\">\u2728 <strong data-start=\"693\" data-end=\"721\">Wirkung auf einen Blick:<\/strong><br data-start=\"721\" data-end=\"724\" \/>\u2013 \ud83c\udf3c bringt Lebensfreude &amp; Optimismus<br data-start=\"761\" data-end=\"764\" \/>\u2013 \ud83c\udfa8 unterst\u00fctzt Kreativit\u00e4t &amp; Neuanfang<br data-start=\"804\" data-end=\"807\" \/>\u2013 \ud83d\udc97 schenkt Herzensw\u00e4rme &amp; Leichtigkeit<\/p>\n<p data-start=\"851\" data-end=\"960\">Ein leuchtendes Herz, das dich daran erinnert, wie sch\u00f6n es ist, mit offenem Herzen durchs Leben zu gehen.<\/p>\n<p data-start=\"851\" data-end=\"960\"><strong>Hinweis:<\/strong> Die beschriebenen Wirkungen basieren auf Erfahrungen von Anwendern und Edelsteintherapeuten und sind wissenschaftlich nicht erwiesen. Sie ersetzen keine medizinische Diagnose oder Behandlung. Bitte konsultiere bei gesundheitlichen Beschwerden immer einen Arzt.<\/p>\n","protected":false},"excerpt":{"rendered":"<p>Orangencalcit \u2013 Herzf\u00f6rmiger Trommelstein Dieses sonnige \ud83d\udc9b Herz aus Orangencalcit bringt Leichtigkeit, Lebensfreude und frischen Schwung in deinen Alltag. Die warme, orange Farbe erinnert an Sonnenstrahlen und l\u00e4dt dazu ein, das Herz zu \u00f6ffnen und neue Energie flie\u00dfen zu lassen. Der Orangencalcit wirkt stimmungsaufhellend und f\u00f6rdert Kreativit\u00e4t, Optimismus und innere Bewegung. In Herzform geschliffen, liegt [&hellip;]<\/p>\n<p><a class=\"read-more\" href=\"https:\/\/www.bynaldis-shop.com\/?product=orangencalzit\">Mehr lesen<span class=\"meta-nav\">&rarr;<\/span><\/a><\/p>\n","protected":false},"featured_media":8182,"template":"","meta":[],"product_brand":[],"product_cat":[209],"product_tag":[],"class_list":{"0":"post-7974","1":"product","2":"type-product","3":"status-publish","4":"has-post-thumbnail","6":"product_cat-herzen","8":"first","9":"instock","10":"taxable","11":"shipping-taxable","12":"purchasable","13":"product-type-simple"},"_links":{"self":[{"href":"https:\/\/www.bynaldis-shop.com\/index.php?rest_route=\/wp\/v2\/product\/7974","targetHints":{"allow":["GET"]}}],"collection":[{"href":"https:\/\/www.bynaldis-shop.com\/index.php?rest_route=\/wp\/v2\/product"}],"about":[{"href":"https:\/\/www.bynaldis-shop.com\/index.php?rest_route=\/wp\/v2\/types\/product"}],"wp:featuredmedia":[{"embeddable":true,"href":"https:\/\/www.bynaldis-shop.com\/index.php?rest_route=\/wp\/v2\/media\/8182"}],"wp:attachment":[{"href":"https:\/\/www.bynaldis-shop.com\/index.php?rest_route=%2Fwp%2Fv2%2Fmedia&parent=7974"}],"wp:term":[{"taxonomy":"product_brand","embeddable":true,"href":"https:\/\/www.bynaldis-shop.com\/index.php?rest_route=%2Fwp%2Fv2%2Fproduct_brand&post=7974"},{"taxonomy":"product_cat","embeddable":true,"href":"https:\/\/www.bynaldis-shop.com\/index.php?rest_route=%2Fwp%2Fv2%2Fproduct_cat&post=7974"},{"taxonomy":"product_tag","embeddable":true,"href":"https:\/\/www.bynaldis-shop.com\/index.php?rest_route=%2Fwp%2Fv2%2Fproduct_tag&post=7974"}],"curies":[{"name":"wp","href":"https:\/\/api.w.org\/{rel}","templated":true}]}}