{"id":7973,"date":"2024-03-11T11:52:56","date_gmt":"2024-03-11T10:52:56","guid":{"rendered":"https:\/\/www.bynaldis-shop.com\/?post_type=product&#038;p=7973"},"modified":"2025-10-14T14:23:06","modified_gmt":"2025-10-14T12:23:06","slug":"tigerauge","status":"publish","type":"product","link":"https:\/\/www.bynaldis-shop.com\/?product=tigerauge","title":{"rendered":"Tigerauge \u2013 Herzf\u00f6rmiger Trommelstein"},"content":{"rendered":"<p data-start=\"159\" data-end=\"203\"><strong data-start=\"162\" data-end=\"203\">Tigerauge \u2013 Herzf\u00f6rmiger Trommelstein<\/strong><\/p>\n<p data-start=\"205\" data-end=\"447\">Dieses handschmeichelnde \ud83d\udc9b <strong data-start=\"233\" data-end=\"255\">Herz aus Tigerauge<\/strong> vereint kraftvolle Erdung mit sch\u00fctzender St\u00e4rke. Der schimmernde Stein in warmen Gold- und Braunt\u00f6nen ist nicht nur ein optisches Highlight, sondern auch ein liebevoller Begleiter im Alltag.<\/p>\n<p data-start=\"449\" data-end=\"742\">Tigerauge gilt als Stein des Mutes und der Klarheit. Es st\u00e4rkt das Selbstvertrauen, hilft dabei, den \u00dcberblick zu bewahren und sch\u00fctzt vor negativen Einfl\u00fcssen. In Herzform geschliffen, verbindet er diese kraftvolle Wirkung mit der sanften Erinnerung, dem eigenen Herzen treu zu bleiben \ud83d\udc97.<\/p>\n<p data-start=\"744\" data-end=\"905\">\u2728 <strong data-start=\"746\" data-end=\"774\">Wirkung auf einen Blick:<\/strong><br data-start=\"774\" data-end=\"777\" \/>\u2013 \ud83d\udee1\ufe0f st\u00e4rkt innere Stabilit\u00e4t &amp; Selbstsicherheit<br data-start=\"826\" data-end=\"829\" \/>\u2013 \ud83c\udf3f f\u00f6rdert Klarheit &amp; Bodenhaftung<br data-start=\"865\" data-end=\"868\" \/>\u2013 \ud83d\udc97 Symbol f\u00fcr Mut &amp; Herzensst\u00e4rke<\/p>\n<p data-start=\"907\" data-end=\"1029\">Ein kleiner Schatz, der Erdung und Zuversicht in deine H\u00e4nde legt \u2013 und dich immer wieder an deine eigene St\u00e4rke erinnert.<\/p>\n<p data-start=\"907\" data-end=\"1029\"><strong>Hinweis<\/strong>: Die beschriebenen Wirkungen basieren auf Erfahrungen von Anwendern und Edelsteintherapeuten und sind wissenschaftlich nicht erwiesen. Sie ersetzen keine medizinische Diagnose oder Behandlung. Bitte konsultiere bei gesundheitlichen Beschwerden immer einen Arzt.<\/p>\n","protected":false},"excerpt":{"rendered":"<p>Tigerauge \u2013 Herzf\u00f6rmiger Trommelstein Dieses handschmeichelnde \ud83d\udc9b Herz aus Tigerauge vereint kraftvolle Erdung mit sch\u00fctzender St\u00e4rke. Der schimmernde Stein in warmen Gold- und Braunt\u00f6nen ist nicht nur ein optisches Highlight, sondern auch ein liebevoller Begleiter im Alltag. Tigerauge gilt als Stein des Mutes und der Klarheit. Es st\u00e4rkt das Selbstvertrauen, hilft dabei, den \u00dcberblick zu [&hellip;]<\/p>\n<p><a class=\"read-more\" href=\"https:\/\/www.bynaldis-shop.com\/?product=tigerauge\">Mehr lesen<span class=\"meta-nav\">&rarr;<\/span><\/a><\/p>\n","protected":false},"featured_media":8174,"template":"","meta":[],"product_brand":[],"product_cat":[209],"product_tag":[],"class_list":{"0":"post-7973","1":"product","2":"type-product","3":"status-publish","4":"has-post-thumbnail","6":"product_cat-herzen","8":"first","9":"instock","10":"taxable","11":"shipping-taxable","12":"purchasable","13":"product-type-simple"},"_links":{"self":[{"href":"https:\/\/www.bynaldis-shop.com\/index.php?rest_route=\/wp\/v2\/product\/7973","targetHints":{"allow":["GET"]}}],"collection":[{"href":"https:\/\/www.bynaldis-shop.com\/index.php?rest_route=\/wp\/v2\/product"}],"about":[{"href":"https:\/\/www.bynaldis-shop.com\/index.php?rest_route=\/wp\/v2\/types\/product"}],"wp:featuredmedia":[{"embeddable":true,"href":"https:\/\/www.bynaldis-shop.com\/index.php?rest_route=\/wp\/v2\/media\/8174"}],"wp:attachment":[{"href":"https:\/\/www.bynaldis-shop.com\/index.php?rest_route=%2Fwp%2Fv2%2Fmedia&parent=7973"}],"wp:term":[{"taxonomy":"product_brand","embeddable":true,"href":"https:\/\/www.bynaldis-shop.com\/index.php?rest_route=%2Fwp%2Fv2%2Fproduct_brand&post=7973"},{"taxonomy":"product_cat","embeddable":true,"href":"https:\/\/www.bynaldis-shop.com\/index.php?rest_route=%2Fwp%2Fv2%2Fproduct_cat&post=7973"},{"taxonomy":"product_tag","embeddable":true,"href":"https:\/\/www.bynaldis-shop.com\/index.php?rest_route=%2Fwp%2Fv2%2Fproduct_tag&post=7973"}],"curies":[{"name":"wp","href":"https:\/\/api.w.org\/{rel}","templated":true}]}}