{"id":7969,"date":"2024-03-11T11:47:15","date_gmt":"2024-03-11T10:47:15","guid":{"rendered":"https:\/\/www.bynaldis-shop.com\/?post_type=product&#038;p=7969"},"modified":"2025-10-28T11:35:36","modified_gmt":"2025-10-28T10:35:36","slug":"lavendel","status":"publish","type":"product","link":"https:\/\/www.bynaldis-shop.com\/?product=lavendel","title":{"rendered":"Lavendel R\u00e4ucherst\u00e4bchen \u2013 Ruhe f\u00fcr die Seele"},"content":{"rendered":"<h3 data-start=\"135\" data-end=\"187\">Lavendel R\u00e4ucherst\u00e4bchen \u2013 Ruhe f\u00fcr die Seele<\/h3>\n<p data-start=\"189\" data-end=\"310\">Lassen Sie sich vom <strong data-start=\"209\" data-end=\"239\">sanften Duft des Lavendels<\/strong> umh\u00fcllen \u2013 beruhigend, reinigend und wohltuend f\u00fcr K\u00f6rper und Geist.<\/p>\n<p data-start=\"312\" data-end=\"556\">Unsere handgerollten R\u00e4ucherst\u00e4bchen aus Indien verstr\u00f6men den <strong data-start=\"375\" data-end=\"402\">klassisch-floralen Duft<\/strong> von Lavendel, der inneren Frieden schenkt und Spannungen l\u00f6st. Ideal f\u00fcr den Abend, zum Meditieren oder einfach zum <strong data-start=\"519\" data-end=\"555\">Abschalten nach einem langen Tag<\/strong>.<\/p>\n<p data-start=\"558\" data-end=\"788\"><strong data-start=\"558\" data-end=\"578\">\u2728 Eigenschaften:<\/strong><br data-start=\"578\" data-end=\"581\" \/>\u2013 Reiner Lavendelduft \ud83c\udf3f<br data-start=\"605\" data-end=\"608\" \/>\u2013 Beruhigend, kl\u00e4rend &amp; entspannend<br data-start=\"643\" data-end=\"646\" \/>\u2013 Ideal vor dem Schlafengehen oder zur Meditation<br data-start=\"695\" data-end=\"698\" \/>\u2013 Handgefertigt in traditioneller Herstellung<\/p>\n<p data-start=\"790\" data-end=\"886\"><strong data-start=\"790\" data-end=\"877\">G\u00f6nnen Sie sich eine Auszeit inmitten von Lavendelfeldern \u2013 ganz ohne Kofferpacken.<\/strong><\/p>\n<p data-start=\"790\" data-end=\"886\">Neben diesen R\u00e4ucherst\u00e4bchen gibt es bei uns noch viele weitere wundersch\u00f6ne D\u00fcfte. Einzeln oder in praktischen Packungen, die darauf warten, von dir entdeckt zu werden. Von sanft blumig bis warm und erdig ist f\u00fcr jeden Moment das Passende dabei. Und damit dein R\u00e4uchererlebnis vollkommen wird, findest du bei uns auch liebevoll gestaltete R\u00e4ucherst\u00e4bchenhalter. Ob f\u00fcr dich selbst oder als besonderes Geschenk f\u00fcr einen lieben Menschen. Unsere R\u00e4ucherst\u00e4bchen bringen Freude und Wohlgef\u00fchl in jeden Raum.<\/p>\n","protected":false},"excerpt":{"rendered":"<p>Lavendel R\u00e4ucherst\u00e4bchen \u2013 Ruhe f\u00fcr die Seele Lassen Sie sich vom sanften Duft des Lavendels umh\u00fcllen \u2013 beruhigend, reinigend und wohltuend f\u00fcr K\u00f6rper und Geist. Unsere handgerollten R\u00e4ucherst\u00e4bchen aus Indien verstr\u00f6men den klassisch-floralen Duft von Lavendel, der inneren Frieden schenkt und Spannungen l\u00f6st. Ideal f\u00fcr den Abend, zum Meditieren oder einfach zum Abschalten nach einem [&hellip;]<\/p>\n<p><a class=\"read-more\" href=\"https:\/\/www.bynaldis-shop.com\/?product=lavendel\">Mehr lesen<span class=\"meta-nav\">&rarr;<\/span><\/a><\/p>\n","protected":false},"featured_media":8084,"template":"","meta":[],"product_brand":[],"product_cat":[251],"product_tag":[],"class_list":{"0":"post-7969","1":"product","2":"type-product","3":"status-publish","4":"has-post-thumbnail","6":"product_cat-je-sorte-10-stueck","8":"first","9":"instock","10":"taxable","11":"shipping-taxable","12":"purchasable","13":"product-type-simple"},"_links":{"self":[{"href":"https:\/\/www.bynaldis-shop.com\/index.php?rest_route=\/wp\/v2\/product\/7969","targetHints":{"allow":["GET"]}}],"collection":[{"href":"https:\/\/www.bynaldis-shop.com\/index.php?rest_route=\/wp\/v2\/product"}],"about":[{"href":"https:\/\/www.bynaldis-shop.com\/index.php?rest_route=\/wp\/v2\/types\/product"}],"wp:featuredmedia":[{"embeddable":true,"href":"https:\/\/www.bynaldis-shop.com\/index.php?rest_route=\/wp\/v2\/media\/8084"}],"wp:attachment":[{"href":"https:\/\/www.bynaldis-shop.com\/index.php?rest_route=%2Fwp%2Fv2%2Fmedia&parent=7969"}],"wp:term":[{"taxonomy":"product_brand","embeddable":true,"href":"https:\/\/www.bynaldis-shop.com\/index.php?rest_route=%2Fwp%2Fv2%2Fproduct_brand&post=7969"},{"taxonomy":"product_cat","embeddable":true,"href":"https:\/\/www.bynaldis-shop.com\/index.php?rest_route=%2Fwp%2Fv2%2Fproduct_cat&post=7969"},{"taxonomy":"product_tag","embeddable":true,"href":"https:\/\/www.bynaldis-shop.com\/index.php?rest_route=%2Fwp%2Fv2%2Fproduct_tag&post=7969"}],"curies":[{"name":"wp","href":"https:\/\/api.w.org\/{rel}","templated":true}]}}