{"id":7967,"date":"2024-03-11T11:46:32","date_gmt":"2024-03-11T10:46:32","guid":{"rendered":"https:\/\/www.bynaldis-shop.com\/?post_type=product&#038;p=7967"},"modified":"2025-10-28T11:36:15","modified_gmt":"2025-10-28T10:36:15","slug":"zimt","status":"publish","type":"product","link":"https:\/\/www.bynaldis-shop.com\/?product=zimt","title":{"rendered":"Zimt R\u00e4ucherst\u00e4bchen \u2013 Winterduft &#038; Wohlgef\u00fchl"},"content":{"rendered":"<h3 data-start=\"142\" data-end=\"195\">Zimt R\u00e4ucherst\u00e4bchen \u2013 Winterduft &amp; Wohlgef\u00fchl<\/h3>\n<p data-start=\"197\" data-end=\"338\">Erleben Sie die <strong data-start=\"213\" data-end=\"265\">gem\u00fctliche Atmosph\u00e4re von Winter und Weihnachten<\/strong> mit dem warm-w\u00fcrzigen Duft unserer handgerollten Zimt-R\u00e4ucherst\u00e4bchen.<\/p>\n<p data-start=\"340\" data-end=\"585\">Der <strong data-start=\"344\" data-end=\"376\">verf\u00fchrerische Duft von Zimt<\/strong> erf\u00fcllt den Raum wie eine liebevolle Umarmung \u2013 ideal f\u00fcr kalte Tage, an denen das Herz nach W\u00e4rme sucht. Erinnerungen an <strong data-start=\"499\" data-end=\"521\">kuschelige Stunden<\/strong>, flackerndes Kerzenlicht und verschneite Fensterb\u00e4nke erwachen.<\/p>\n<p data-start=\"587\" data-end=\"772\"><strong data-start=\"587\" data-end=\"607\">\u2728 Eigenschaften:<\/strong><br data-start=\"607\" data-end=\"610\" \/>\u2013 W\u00fcrzig-warmer Zimtduft \ud83c\udf84<br data-start=\"637\" data-end=\"640\" \/>\u2013 Schafft Gem\u00fctlichkeit &amp; Geborgenheit<br data-start=\"678\" data-end=\"681\" \/>\u2013 Ideal f\u00fcr Wintertage, Advent &amp; ruhige Abende<\/p>\n<p data-start=\"774\" data-end=\"902\"><strong data-start=\"774\" data-end=\"894\">G\u00f6nnen Sie sich eine duftende Auszeit und tauchen Sie ein in eine Welt voller Behaglichkeit und winterlichem Zauber.<\/strong> \ud83d\udd6f\ufe0f<\/p>\n<p data-start=\"774\" data-end=\"902\">Neben diesen R\u00e4ucherst\u00e4bchen gibt es bei uns noch viele weitere wundersch\u00f6ne D\u00fcfte. Einzeln oder in praktischen Packungen, die darauf warten, von dir entdeckt zu werden. Von sanft blumig bis warm und erdig ist f\u00fcr jeden Moment das Passende dabei. Und damit dein R\u00e4uchererlebnis vollkommen wird, findest du bei uns auch liebevoll gestaltete R\u00e4ucherst\u00e4bchenhalter. Ob f\u00fcr dich selbst oder als besonderes Geschenk f\u00fcr einen lieben Menschen. Unsere R\u00e4ucherst\u00e4bchen bringen Freude und Wohlgef\u00fchl in jeden Raum.<\/p>\n","protected":false},"excerpt":{"rendered":"<p>Zimt R\u00e4ucherst\u00e4bchen \u2013 Winterduft &amp; Wohlgef\u00fchl Erleben Sie die gem\u00fctliche Atmosph\u00e4re von Winter und Weihnachten mit dem warm-w\u00fcrzigen Duft unserer handgerollten Zimt-R\u00e4ucherst\u00e4bchen. Der verf\u00fchrerische Duft von Zimt erf\u00fcllt den Raum wie eine liebevolle Umarmung \u2013 ideal f\u00fcr kalte Tage, an denen das Herz nach W\u00e4rme sucht. Erinnerungen an kuschelige Stunden, flackerndes Kerzenlicht und verschneite Fensterb\u00e4nke [&hellip;]<\/p>\n<p><a class=\"read-more\" href=\"https:\/\/www.bynaldis-shop.com\/?product=zimt\">Mehr lesen<span class=\"meta-nav\">&rarr;<\/span><\/a><\/p>\n","protected":false},"featured_media":8084,"template":"","meta":[],"product_brand":[],"product_cat":[251],"product_tag":[],"class_list":{"0":"post-7967","1":"product","2":"type-product","3":"status-publish","4":"has-post-thumbnail","6":"product_cat-je-sorte-10-stueck","8":"first","9":"instock","10":"taxable","11":"shipping-taxable","12":"purchasable","13":"product-type-simple"},"_links":{"self":[{"href":"https:\/\/www.bynaldis-shop.com\/index.php?rest_route=\/wp\/v2\/product\/7967","targetHints":{"allow":["GET"]}}],"collection":[{"href":"https:\/\/www.bynaldis-shop.com\/index.php?rest_route=\/wp\/v2\/product"}],"about":[{"href":"https:\/\/www.bynaldis-shop.com\/index.php?rest_route=\/wp\/v2\/types\/product"}],"wp:featuredmedia":[{"embeddable":true,"href":"https:\/\/www.bynaldis-shop.com\/index.php?rest_route=\/wp\/v2\/media\/8084"}],"wp:attachment":[{"href":"https:\/\/www.bynaldis-shop.com\/index.php?rest_route=%2Fwp%2Fv2%2Fmedia&parent=7967"}],"wp:term":[{"taxonomy":"product_brand","embeddable":true,"href":"https:\/\/www.bynaldis-shop.com\/index.php?rest_route=%2Fwp%2Fv2%2Fproduct_brand&post=7967"},{"taxonomy":"product_cat","embeddable":true,"href":"https:\/\/www.bynaldis-shop.com\/index.php?rest_route=%2Fwp%2Fv2%2Fproduct_cat&post=7967"},{"taxonomy":"product_tag","embeddable":true,"href":"https:\/\/www.bynaldis-shop.com\/index.php?rest_route=%2Fwp%2Fv2%2Fproduct_tag&post=7967"}],"curies":[{"name":"wp","href":"https:\/\/api.w.org\/{rel}","templated":true}]}}