{"id":7966,"date":"2024-03-11T11:46:11","date_gmt":"2024-03-11T10:46:11","guid":{"rendered":"https:\/\/www.bynaldis-shop.com\/?post_type=product&#038;p=7966"},"modified":"2025-10-28T11:36:45","modified_gmt":"2025-10-28T10:36:45","slug":"nepali-gras","status":"publish","type":"product","link":"https:\/\/www.bynaldis-shop.com\/?product=nepali-gras","title":{"rendered":"Nepaligras R\u00e4ucherst\u00e4bchen \u2013 Frische Klarheit &#038; sanfte Tr\u00e4ume"},"content":{"rendered":"<h3 data-start=\"190\" data-end=\"257\">Nepaligras R\u00e4ucherst\u00e4bchen \u2013 Frische Klarheit &amp; sanfte Tr\u00e4ume<\/h3>\n<p data-start=\"259\" data-end=\"355\">Entdecken Sie die <strong data-start=\"277\" data-end=\"322\">k\u00fchlende Frische des nepalesischen Grases<\/strong>, eingebettet in sanften Rauch.<\/p>\n<p data-start=\"357\" data-end=\"620\">Mit ihrem <strong data-start=\"367\" data-end=\"397\">herb-frischen, klaren Duft<\/strong> schaffen diese R\u00e4ucherst\u00e4bchen eine <strong data-start=\"434\" data-end=\"475\">reinigende und beruhigende Atmosph\u00e4re<\/strong>, die sich besonders im Schlafzimmer wohltuend entfaltet. Sie begleiten sanft in den Schlaf und schenken <strong data-start=\"580\" data-end=\"619\">Leichtigkeit und Ruhe f\u00fcr die Nacht<\/strong>.<\/p>\n<p data-start=\"622\" data-end=\"696\">Ein Hauch von Bergwiese liegt in der Luft \u2013 still, erfrischend und erdend.<\/p>\n<p data-start=\"698\" data-end=\"894\"><strong data-start=\"698\" data-end=\"718\">\u2728 Eigenschaften:<\/strong><br data-start=\"718\" data-end=\"721\" \/>\u2013 Klarer, k\u00fchlender Duft von Nepalgras \ud83c\udf43<br data-start=\"762\" data-end=\"765\" \/>\u2013 Beruhigend, kl\u00e4rend &amp; schlaff\u00f6rdernd<br data-start=\"803\" data-end=\"806\" \/>\u2013 Ideal f\u00fcr Abendrituale &amp; das Schlafzimmer<\/p>\n<p data-start=\"896\" data-end=\"1013\"><strong data-start=\"896\" data-end=\"1008\">Lassen Sie die Gedanken des Tages los und sinken Sie mit dem Duft des Himalayas in einen friedvollen Schlaf.<\/strong><\/p>\n<p data-start=\"896\" data-end=\"1013\">Neben diesen R\u00e4ucherst\u00e4bchen gibt es bei uns noch viele weitere wundersch\u00f6ne D\u00fcfte. Einzeln oder in praktischen Packungen, die darauf warten, von dir entdeckt zu werden. Von sanft blumig bis warm und erdig ist f\u00fcr jeden Moment das Passende dabei. Und damit dein R\u00e4uchererlebnis vollkommen wird, findest du bei uns auch liebevoll gestaltete R\u00e4ucherst\u00e4bchenhalter. Ob f\u00fcr dich selbst oder als besonderes Geschenk f\u00fcr einen lieben Menschen. Unsere R\u00e4ucherst\u00e4bchen bringen Freude und Wohlgef\u00fchl in jeden Raum.<\/p>\n","protected":false},"excerpt":{"rendered":"<p>Nepaligras R\u00e4ucherst\u00e4bchen \u2013 Frische Klarheit &amp; sanfte Tr\u00e4ume Entdecken Sie die k\u00fchlende Frische des nepalesischen Grases, eingebettet in sanften Rauch. Mit ihrem herb-frischen, klaren Duft schaffen diese R\u00e4ucherst\u00e4bchen eine reinigende und beruhigende Atmosph\u00e4re, die sich besonders im Schlafzimmer wohltuend entfaltet. Sie begleiten sanft in den Schlaf und schenken Leichtigkeit und Ruhe f\u00fcr die Nacht. Ein [&hellip;]<\/p>\n<p><a class=\"read-more\" href=\"https:\/\/www.bynaldis-shop.com\/?product=nepali-gras\">Mehr lesen<span class=\"meta-nav\">&rarr;<\/span><\/a><\/p>\n","protected":false},"featured_media":8084,"template":"","meta":[],"product_brand":[],"product_cat":[251],"product_tag":[],"class_list":{"0":"post-7966","1":"product","2":"type-product","3":"status-publish","4":"has-post-thumbnail","6":"product_cat-je-sorte-10-stueck","8":"first","9":"instock","10":"taxable","11":"shipping-taxable","12":"purchasable","13":"product-type-simple"},"_links":{"self":[{"href":"https:\/\/www.bynaldis-shop.com\/index.php?rest_route=\/wp\/v2\/product\/7966","targetHints":{"allow":["GET"]}}],"collection":[{"href":"https:\/\/www.bynaldis-shop.com\/index.php?rest_route=\/wp\/v2\/product"}],"about":[{"href":"https:\/\/www.bynaldis-shop.com\/index.php?rest_route=\/wp\/v2\/types\/product"}],"wp:featuredmedia":[{"embeddable":true,"href":"https:\/\/www.bynaldis-shop.com\/index.php?rest_route=\/wp\/v2\/media\/8084"}],"wp:attachment":[{"href":"https:\/\/www.bynaldis-shop.com\/index.php?rest_route=%2Fwp%2Fv2%2Fmedia&parent=7966"}],"wp:term":[{"taxonomy":"product_brand","embeddable":true,"href":"https:\/\/www.bynaldis-shop.com\/index.php?rest_route=%2Fwp%2Fv2%2Fproduct_brand&post=7966"},{"taxonomy":"product_cat","embeddable":true,"href":"https:\/\/www.bynaldis-shop.com\/index.php?rest_route=%2Fwp%2Fv2%2Fproduct_cat&post=7966"},{"taxonomy":"product_tag","embeddable":true,"href":"https:\/\/www.bynaldis-shop.com\/index.php?rest_route=%2Fwp%2Fv2%2Fproduct_tag&post=7966"}],"curies":[{"name":"wp","href":"https:\/\/api.w.org\/{rel}","templated":true}]}}