{"id":7965,"date":"2024-03-11T11:45:50","date_gmt":"2024-03-11T10:45:50","guid":{"rendered":"https:\/\/www.bynaldis-shop.com\/?post_type=product&#038;p=7965"},"modified":"2025-10-28T11:37:15","modified_gmt":"2025-10-28T10:37:15","slug":"orangenblueten","status":"publish","type":"product","link":"https:\/\/www.bynaldis-shop.com\/?product=orangenblueten","title":{"rendered":"Orangenbl\u00fcten R\u00e4ucherst\u00e4bchen \u2013 Frische, Leichtigkeit &#038; neue Energie"},"content":{"rendered":"<h3 data-start=\"173\" data-end=\"248\">Orangenbl\u00fcten R\u00e4ucherst\u00e4bchen \u2013 Frische, Leichtigkeit &amp; neue Energie<\/h3>\n<p data-start=\"250\" data-end=\"353\">Erleben Sie den <strong data-start=\"266\" data-end=\"303\">strahlenden Duft der Orangenbl\u00fcte<\/strong>, handgerollt in traditioneller Weise in Indien.<\/p>\n<p data-start=\"355\" data-end=\"633\">Die <strong data-start=\"359\" data-end=\"403\">fruchtig-frische und vitalisierende Note<\/strong> dieser besonderen Bl\u00fcte erf\u00fcllt Ihre R\u00e4ume mit einer <strong data-start=\"457\" data-end=\"486\">hellen, klaren Atmosph\u00e4re<\/strong> \u2013 wie ein Sonnenstrahl am Morgen. Der feine Rauch durchzieht sanft alle Winkel Ihres Zuhauses und schenkt Ihnen <strong data-start=\"599\" data-end=\"632\">neue Leichtigkeit und Frische<\/strong>.<\/p>\n<p data-start=\"635\" data-end=\"721\">Ideal f\u00fcr einen belebenden Start in den Tag oder kleine Energiepausen zwischendurch.<\/p>\n<p data-start=\"723\" data-end=\"946\"><strong data-start=\"723\" data-end=\"743\">\u2728 Eigenschaften:<\/strong><br data-start=\"743\" data-end=\"746\" \/>\u2013 Fruchtig-blumiger Duft der Orangenbl\u00fcte \ud83c\udf4a<br data-start=\"790\" data-end=\"793\" \/>\u2013 Erfrischend, vitalisierend &amp; stimmungsaufhellend<br data-start=\"843\" data-end=\"846\" \/>\u2013 Ideal f\u00fcr Morgenrituale, kreative Arbeit &amp; gute Laune<\/p>\n<p data-start=\"948\" data-end=\"1078\"><strong data-start=\"948\" data-end=\"1073\">Lassen Sie sich von der Leichtigkeit der Orangenbl\u00fcte umh\u00fcllen und tanken Sie neue Energie \u2013 f\u00fcr K\u00f6rper, Geist und Seele.<\/strong> \ud83c\udf1e\ud83e\udde1<\/p>\n<p data-start=\"948\" data-end=\"1078\">Neben diesen R\u00e4ucherst\u00e4bchen gibt es bei uns noch viele weitere wundersch\u00f6ne D\u00fcfte. Einzeln oder in praktischen Packungen, die darauf warten, von dir entdeckt zu werden. Von sanft blumig bis warm und erdig ist f\u00fcr jeden Moment das Passende dabei. Und damit dein R\u00e4uchererlebnis vollkommen wird, findest du bei uns auch liebevoll gestaltete R\u00e4ucherst\u00e4bchenhalter. Ob f\u00fcr dich selbst oder als besonderes Geschenk f\u00fcr einen lieben Menschen. Unsere R\u00e4ucherst\u00e4bchen bringen Freude und Wohlgef\u00fchl in jeden Raum.<\/p>\n","protected":false},"excerpt":{"rendered":"<p>Orangenbl\u00fcten R\u00e4ucherst\u00e4bchen \u2013 Frische, Leichtigkeit &amp; neue Energie Erleben Sie den strahlenden Duft der Orangenbl\u00fcte, handgerollt in traditioneller Weise in Indien. Die fruchtig-frische und vitalisierende Note dieser besonderen Bl\u00fcte erf\u00fcllt Ihre R\u00e4ume mit einer hellen, klaren Atmosph\u00e4re \u2013 wie ein Sonnenstrahl am Morgen. Der feine Rauch durchzieht sanft alle Winkel Ihres Zuhauses und schenkt Ihnen [&hellip;]<\/p>\n<p><a class=\"read-more\" href=\"https:\/\/www.bynaldis-shop.com\/?product=orangenblueten\">Mehr lesen<span class=\"meta-nav\">&rarr;<\/span><\/a><\/p>\n","protected":false},"featured_media":8084,"template":"","meta":[],"product_brand":[],"product_cat":[251],"product_tag":[],"class_list":{"0":"post-7965","1":"product","2":"type-product","3":"status-publish","4":"has-post-thumbnail","6":"product_cat-je-sorte-10-stueck","8":"first","9":"instock","10":"taxable","11":"shipping-taxable","12":"purchasable","13":"product-type-simple"},"_links":{"self":[{"href":"https:\/\/www.bynaldis-shop.com\/index.php?rest_route=\/wp\/v2\/product\/7965","targetHints":{"allow":["GET"]}}],"collection":[{"href":"https:\/\/www.bynaldis-shop.com\/index.php?rest_route=\/wp\/v2\/product"}],"about":[{"href":"https:\/\/www.bynaldis-shop.com\/index.php?rest_route=\/wp\/v2\/types\/product"}],"wp:featuredmedia":[{"embeddable":true,"href":"https:\/\/www.bynaldis-shop.com\/index.php?rest_route=\/wp\/v2\/media\/8084"}],"wp:attachment":[{"href":"https:\/\/www.bynaldis-shop.com\/index.php?rest_route=%2Fwp%2Fv2%2Fmedia&parent=7965"}],"wp:term":[{"taxonomy":"product_brand","embeddable":true,"href":"https:\/\/www.bynaldis-shop.com\/index.php?rest_route=%2Fwp%2Fv2%2Fproduct_brand&post=7965"},{"taxonomy":"product_cat","embeddable":true,"href":"https:\/\/www.bynaldis-shop.com\/index.php?rest_route=%2Fwp%2Fv2%2Fproduct_cat&post=7965"},{"taxonomy":"product_tag","embeddable":true,"href":"https:\/\/www.bynaldis-shop.com\/index.php?rest_route=%2Fwp%2Fv2%2Fproduct_tag&post=7965"}],"curies":[{"name":"wp","href":"https:\/\/api.w.org\/{rel}","templated":true}]}}