{"id":7964,"date":"2024-03-11T11:45:29","date_gmt":"2024-03-11T10:45:29","guid":{"rendered":"https:\/\/www.bynaldis-shop.com\/?post_type=product&#038;p=7964"},"modified":"2025-10-28T11:37:40","modified_gmt":"2025-10-28T10:37:40","slug":"agarholz","status":"publish","type":"product","link":"https:\/\/www.bynaldis-shop.com\/?product=agarholz","title":{"rendered":"Agarholz R\u00e4ucherst\u00e4bchen \u2013 Eine Symphonie der Sinne"},"content":{"rendered":"<h3 data-start=\"200\" data-end=\"258\">Agarholz R\u00e4ucherst\u00e4bchen \u2013 Eine Symphonie der Sinne<\/h3>\n<p data-start=\"260\" data-end=\"381\">In der Welt der Sinne entfaltet sich ein <strong data-start=\"301\" data-end=\"324\">zauberhaftes Ritual<\/strong>, getragen vom <strong data-start=\"339\" data-end=\"378\">bet\u00f6rend-herben Duft des Agarholzes<\/strong>.<\/p>\n<p data-start=\"383\" data-end=\"709\">Sanft verglimmend, umh\u00fcllt es den Raum mit einer <strong data-start=\"432\" data-end=\"473\">Aura aus Ruhe, Tiefe und Gelassenheit<\/strong> \u2013 wie ein stiller Begleiter f\u00fcr Momente der Einkehr. Die kunstvolle Komposition aus <strong data-start=\"558\" data-end=\"613\">H\u00f6lzern, Bl\u00fcten, Harzen, Wurzeln, Kr\u00e4utern und \u00d6len<\/strong> macht jedes St\u00e4bchen zu einem liebevoll gefertigten Meisterwerk, sorgf\u00e4ltig auf Bambus gerollt.<\/p>\n<p data-start=\"711\" data-end=\"958\">Ein <strong data-start=\"715\" data-end=\"741\">Hauch von Exklusivit\u00e4t<\/strong> durchzieht den Alltag \u2013 eine Einladung, in den einfachen Dingen des Lebens das <strong data-start=\"821\" data-end=\"834\">Besondere<\/strong> zu entdecken. W\u00e4hrend sich der feine Rauch langsam ausbreitet, erf\u00fcllt er den Raum mit <strong data-start=\"922\" data-end=\"957\">W\u00e4rme, Harmonie und Achtsamkeit<\/strong>.<\/p>\n<p data-start=\"960\" data-end=\"1198\"><strong data-start=\"960\" data-end=\"980\">\u2728 Eigenschaften:<\/strong><br data-start=\"980\" data-end=\"983\" \/>\u2013 Tief-herber, edler Agarholzduft \ud83c\udf32<br data-start=\"1019\" data-end=\"1022\" \/>\u2013 Beruhigend, erdend &amp; meditativ<br data-start=\"1054\" data-end=\"1057\" \/>\u2013 Von Hand gerollt auf nat\u00fcrlichem Bambus<br data-start=\"1098\" data-end=\"1101\" \/>\u2013 Ideal f\u00fcr Rituale, Meditation &amp; bewusste Auszeiten<\/p>\n<p data-start=\"1200\" data-end=\"1305\"><strong data-start=\"1200\" data-end=\"1298\">Erleben Sie die stille Magie des Agarholzes \u2013 ein Duft, der ber\u00fchrt, zentriert und verzaubert.<\/strong><\/p>\n<p data-start=\"1200\" data-end=\"1305\">Neben diesen R\u00e4ucherst\u00e4bchen gibt es bei uns noch viele weitere wundersch\u00f6ne D\u00fcfte. Einzeln oder in praktischen Packungen, die darauf warten, von dir entdeckt zu werden. Von sanft blumig bis warm und erdig ist f\u00fcr jeden Moment das Passende dabei. Und damit dein R\u00e4uchererlebnis vollkommen wird, findest du bei uns auch liebevoll gestaltete R\u00e4ucherst\u00e4bchenhalter. Ob f\u00fcr dich selbst oder als besonderes Geschenk f\u00fcr einen lieben Menschen. Unsere R\u00e4ucherst\u00e4bchen bringen Freude und Wohlgef\u00fchl in jeden Raum.<\/p>\n","protected":false},"excerpt":{"rendered":"<p>Agarholz R\u00e4ucherst\u00e4bchen \u2013 Eine Symphonie der Sinne In der Welt der Sinne entfaltet sich ein zauberhaftes Ritual, getragen vom bet\u00f6rend-herben Duft des Agarholzes. Sanft verglimmend, umh\u00fcllt es den Raum mit einer Aura aus Ruhe, Tiefe und Gelassenheit \u2013 wie ein stiller Begleiter f\u00fcr Momente der Einkehr. Die kunstvolle Komposition aus H\u00f6lzern, Bl\u00fcten, Harzen, Wurzeln, Kr\u00e4utern [&hellip;]<\/p>\n<p><a class=\"read-more\" href=\"https:\/\/www.bynaldis-shop.com\/?product=agarholz\">Mehr lesen<span class=\"meta-nav\">&rarr;<\/span><\/a><\/p>\n","protected":false},"featured_media":8084,"template":"","meta":[],"product_brand":[],"product_cat":[251],"product_tag":[],"class_list":{"0":"post-7964","1":"product","2":"type-product","3":"status-publish","4":"has-post-thumbnail","6":"product_cat-je-sorte-10-stueck","8":"first","9":"instock","10":"taxable","11":"shipping-taxable","12":"purchasable","13":"product-type-simple"},"_links":{"self":[{"href":"https:\/\/www.bynaldis-shop.com\/index.php?rest_route=\/wp\/v2\/product\/7964","targetHints":{"allow":["GET"]}}],"collection":[{"href":"https:\/\/www.bynaldis-shop.com\/index.php?rest_route=\/wp\/v2\/product"}],"about":[{"href":"https:\/\/www.bynaldis-shop.com\/index.php?rest_route=\/wp\/v2\/types\/product"}],"wp:featuredmedia":[{"embeddable":true,"href":"https:\/\/www.bynaldis-shop.com\/index.php?rest_route=\/wp\/v2\/media\/8084"}],"wp:attachment":[{"href":"https:\/\/www.bynaldis-shop.com\/index.php?rest_route=%2Fwp%2Fv2%2Fmedia&parent=7964"}],"wp:term":[{"taxonomy":"product_brand","embeddable":true,"href":"https:\/\/www.bynaldis-shop.com\/index.php?rest_route=%2Fwp%2Fv2%2Fproduct_brand&post=7964"},{"taxonomy":"product_cat","embeddable":true,"href":"https:\/\/www.bynaldis-shop.com\/index.php?rest_route=%2Fwp%2Fv2%2Fproduct_cat&post=7964"},{"taxonomy":"product_tag","embeddable":true,"href":"https:\/\/www.bynaldis-shop.com\/index.php?rest_route=%2Fwp%2Fv2%2Fproduct_tag&post=7964"}],"curies":[{"name":"wp","href":"https:\/\/api.w.org\/{rel}","templated":true}]}}