{"id":7963,"date":"2024-03-11T11:45:05","date_gmt":"2024-03-11T10:45:05","guid":{"rendered":"https:\/\/www.bynaldis-shop.com\/?post_type=product&#038;p=7963"},"modified":"2025-10-28T11:38:26","modified_gmt":"2025-10-28T10:38:26","slug":"moschus","status":"publish","type":"product","link":"https:\/\/www.bynaldis-shop.com\/?product=moschus","title":{"rendered":"Moschus R\u00e4ucherst\u00e4bchen \u2013 Tief, Sinnlich, Geheimnisvoll"},"content":{"rendered":"<h3 data-start=\"197\" data-end=\"260\">Moschus R\u00e4ucherst\u00e4bchen \u2013 Tief. Sinnlich. Geheimnisvoll.<\/h3>\n<p data-start=\"262\" data-end=\"421\">Entdecke die <strong data-start=\"275\" data-end=\"309\">faszinierende Aura des Moschus<\/strong> \u2013 ein Duft, der <strong data-start=\"326\" data-end=\"354\">warm, erdig und bet\u00f6rend<\/strong> wirkt und jeden Raum mit einer ganz besonderen Stimmung erf\u00fcllt.<\/p>\n<p data-start=\"423\" data-end=\"633\">Moschus ist mehr als nur ein Aroma \u2013 er ist eine <strong data-start=\"472\" data-end=\"499\">Erfahrung f\u00fcr die Sinne<\/strong>, die tief ber\u00fchrt und den Moment verlangsamt. Ideal f\u00fcr Meditation, Rituale oder einfach als duftende Begleitung zur inneren Einkehr.<\/p>\n<p data-start=\"635\" data-end=\"852\"><strong data-start=\"635\" data-end=\"655\">\u2728 Eigenschaften:<\/strong><br data-start=\"655\" data-end=\"658\" \/>\u2013 Tiefer, sinnlicher Moschusduft mit warmer Note\u00a0<br data-start=\"709\" data-end=\"712\" \/>\u2013 Wirkt erdend, entspannend &amp; geheimnisvoll<br data-start=\"755\" data-end=\"758\" \/>\u2013 Perfekt f\u00fcr Meditation, Achtsamkeit &amp; Abendruhe<\/p>\n<p data-start=\"854\" data-end=\"960\"><strong data-start=\"854\" data-end=\"954\">Lass dich vom Zauber des Moschus tragen \u2013 in eine Welt der Stille, Tiefe und inneren Verbindung.<\/strong><\/p>\n<p data-start=\"854\" data-end=\"960\">Neben diesen R\u00e4ucherst\u00e4bchen gibt es bei uns noch viele weitere wundersch\u00f6ne D\u00fcfte. Einzeln oder in praktischen Packungen, die darauf warten, von dir entdeckt zu werden. Von sanft blumig bis warm und erdig ist f\u00fcr jeden Moment das Passende dabei. Und damit dein R\u00e4uchererlebnis vollkommen wird, findest du bei uns auch liebevoll gestaltete R\u00e4ucherst\u00e4bchenhalter. Ob f\u00fcr dich selbst oder als besonderes Geschenk f\u00fcr einen lieben Menschen. Unsere R\u00e4ucherst\u00e4bchen bringen Freude und Wohlgef\u00fchl in jeden Raum.<\/p>\n","protected":false},"excerpt":{"rendered":"<p>Moschus R\u00e4ucherst\u00e4bchen \u2013 Tief. Sinnlich. Geheimnisvoll. Entdecke die faszinierende Aura des Moschus \u2013 ein Duft, der warm, erdig und bet\u00f6rend wirkt und jeden Raum mit einer ganz besonderen Stimmung erf\u00fcllt. Moschus ist mehr als nur ein Aroma \u2013 er ist eine Erfahrung f\u00fcr die Sinne, die tief ber\u00fchrt und den Moment verlangsamt. Ideal f\u00fcr Meditation, [&hellip;]<\/p>\n<p><a class=\"read-more\" href=\"https:\/\/www.bynaldis-shop.com\/?product=moschus\">Mehr lesen<span class=\"meta-nav\">&rarr;<\/span><\/a><\/p>\n","protected":false},"featured_media":8084,"template":"","meta":[],"product_brand":[],"product_cat":[251],"product_tag":[],"class_list":{"0":"post-7963","1":"product","2":"type-product","3":"status-publish","4":"has-post-thumbnail","6":"product_cat-je-sorte-10-stueck","8":"first","9":"instock","10":"taxable","11":"shipping-taxable","12":"purchasable","13":"product-type-simple"},"_links":{"self":[{"href":"https:\/\/www.bynaldis-shop.com\/index.php?rest_route=\/wp\/v2\/product\/7963","targetHints":{"allow":["GET"]}}],"collection":[{"href":"https:\/\/www.bynaldis-shop.com\/index.php?rest_route=\/wp\/v2\/product"}],"about":[{"href":"https:\/\/www.bynaldis-shop.com\/index.php?rest_route=\/wp\/v2\/types\/product"}],"wp:featuredmedia":[{"embeddable":true,"href":"https:\/\/www.bynaldis-shop.com\/index.php?rest_route=\/wp\/v2\/media\/8084"}],"wp:attachment":[{"href":"https:\/\/www.bynaldis-shop.com\/index.php?rest_route=%2Fwp%2Fv2%2Fmedia&parent=7963"}],"wp:term":[{"taxonomy":"product_brand","embeddable":true,"href":"https:\/\/www.bynaldis-shop.com\/index.php?rest_route=%2Fwp%2Fv2%2Fproduct_brand&post=7963"},{"taxonomy":"product_cat","embeddable":true,"href":"https:\/\/www.bynaldis-shop.com\/index.php?rest_route=%2Fwp%2Fv2%2Fproduct_cat&post=7963"},{"taxonomy":"product_tag","embeddable":true,"href":"https:\/\/www.bynaldis-shop.com\/index.php?rest_route=%2Fwp%2Fv2%2Fproduct_tag&post=7963"}],"curies":[{"name":"wp","href":"https:\/\/api.w.org\/{rel}","templated":true}]}}