{"id":7961,"date":"2024-03-11T11:43:58","date_gmt":"2024-03-11T10:43:58","guid":{"rendered":"https:\/\/www.bynaldis-shop.com\/?post_type=product&#038;p=7961"},"modified":"2025-10-28T11:40:01","modified_gmt":"2025-10-28T10:40:01","slug":"amber-mond","status":"publish","type":"product","link":"https:\/\/www.bynaldis-shop.com\/?product=amber-mond","title":{"rendered":"Amber Mond R\u00e4ucherst\u00e4bchen \u2013 Sinnliche Magie der Nacht"},"content":{"rendered":"<h3 data-start=\"196\" data-end=\"257\">Amber Mond R\u00e4ucherst\u00e4bchen \u2013 Sinnliche Magie der Nacht<\/h3>\n<p data-start=\"259\" data-end=\"390\"><strong data-start=\"259\" data-end=\"273\">Tauche ein<\/strong> in die mystische Atmosph\u00e4re eines n\u00e4chtlichen Himmels, wo der <strong data-start=\"336\" data-end=\"350\">Amber Mond<\/strong> seine geheimnisvolle Kraft entfaltet.<\/p>\n<p data-start=\"392\" data-end=\"635\">Diese R\u00e4ucherst\u00e4bchen verstr\u00f6men eine <strong data-start=\"430\" data-end=\"463\">warme, s\u00fc\u00dflich-sinnliche Aura<\/strong>, die die Sinne umh\u00fcllt wie ein sanfter Schleier aus Mondlicht. Ihr Duft erinnert an die <strong data-start=\"552\" data-end=\"582\">Anziehungskraft des Mondes<\/strong> \u2013 geheimnisvoll, verf\u00fchrerisch und voller Sehnsucht.<\/p>\n<p data-start=\"637\" data-end=\"905\">Wie ein uraltes Aphrodisiakum entfacht ihr warmer, vollmundiger Duft ein <strong data-start=\"710\" data-end=\"744\">inneres Feuer der Leidenschaft<\/strong>. Jeder Hauch erz\u00e4hlt von <strong data-start=\"770\" data-end=\"797\">Geheimnissen, Verlangen<\/strong> und dem Wunsch, die Realit\u00e4t hinter sich zu lassen \u2013 hinein in eine Welt voller <strong data-start=\"878\" data-end=\"904\">Magie und Sinnlichkeit<\/strong>.<\/p>\n<p data-start=\"907\" data-end=\"1122\"><strong data-start=\"907\" data-end=\"927\">\u2728 Eigenschaften:<\/strong><br data-start=\"927\" data-end=\"930\" \/>\u2013 Warmer, s\u00fc\u00dflich-sinnlicher Duft mit Tiefe \ud83c\udf19<br data-start=\"976\" data-end=\"979\" \/>\u2013 Wirkt verf\u00fchrend, beruhigend &amp; stimmungsvoll<br data-start=\"1025\" data-end=\"1028\" \/>\u2013 Ideal f\u00fcr Abende, Rituale &amp; romantische Momente<\/p>\n<p data-start=\"1124\" data-end=\"1290\"><strong data-start=\"1124\" data-end=\"1163\">Lass dich vom Amber Mond verf\u00fchren.<\/strong> Sp\u00fcre die Kraft der Nacht, den Zauber der Sterne \u2013 und das Versprechen von unendlicher Liebe im sanften Licht des Mondes.<\/p>\n<p data-start=\"1124\" data-end=\"1290\">Neben diesen R\u00e4ucherst\u00e4bchen gibt es bei uns noch viele weitere wundersch\u00f6ne D\u00fcfte. Einzeln oder in praktischen Packungen, die darauf warten, von dir entdeckt zu werden. Von sanft blumig bis warm und erdig ist f\u00fcr jeden Moment das Passende dabei. Und damit dein R\u00e4uchererlebnis vollkommen wird, findest du bei uns auch liebevoll gestaltete R\u00e4ucherst\u00e4bchenhalter. Ob f\u00fcr dich selbst oder als besonderes Geschenk f\u00fcr einen lieben Menschen. Unsere R\u00e4ucherst\u00e4bchen bringen Freude und Wohlgef\u00fchl in jeden Raum.<\/p>\n","protected":false},"excerpt":{"rendered":"<p>Amber Mond R\u00e4ucherst\u00e4bchen \u2013 Sinnliche Magie der Nacht Tauche ein in die mystische Atmosph\u00e4re eines n\u00e4chtlichen Himmels, wo der Amber Mond seine geheimnisvolle Kraft entfaltet. Diese R\u00e4ucherst\u00e4bchen verstr\u00f6men eine warme, s\u00fc\u00dflich-sinnliche Aura, die die Sinne umh\u00fcllt wie ein sanfter Schleier aus Mondlicht. Ihr Duft erinnert an die Anziehungskraft des Mondes \u2013 geheimnisvoll, verf\u00fchrerisch und voller [&hellip;]<\/p>\n<p><a class=\"read-more\" href=\"https:\/\/www.bynaldis-shop.com\/?product=amber-mond\">Mehr lesen<span class=\"meta-nav\">&rarr;<\/span><\/a><\/p>\n","protected":false},"featured_media":8084,"template":"","meta":[],"product_brand":[],"product_cat":[251],"product_tag":[],"class_list":{"0":"post-7961","1":"product","2":"type-product","3":"status-publish","4":"has-post-thumbnail","6":"product_cat-je-sorte-10-stueck","8":"first","9":"instock","10":"taxable","11":"shipping-taxable","12":"purchasable","13":"product-type-simple"},"_links":{"self":[{"href":"https:\/\/www.bynaldis-shop.com\/index.php?rest_route=\/wp\/v2\/product\/7961","targetHints":{"allow":["GET"]}}],"collection":[{"href":"https:\/\/www.bynaldis-shop.com\/index.php?rest_route=\/wp\/v2\/product"}],"about":[{"href":"https:\/\/www.bynaldis-shop.com\/index.php?rest_route=\/wp\/v2\/types\/product"}],"wp:featuredmedia":[{"embeddable":true,"href":"https:\/\/www.bynaldis-shop.com\/index.php?rest_route=\/wp\/v2\/media\/8084"}],"wp:attachment":[{"href":"https:\/\/www.bynaldis-shop.com\/index.php?rest_route=%2Fwp%2Fv2%2Fmedia&parent=7961"}],"wp:term":[{"taxonomy":"product_brand","embeddable":true,"href":"https:\/\/www.bynaldis-shop.com\/index.php?rest_route=%2Fwp%2Fv2%2Fproduct_brand&post=7961"},{"taxonomy":"product_cat","embeddable":true,"href":"https:\/\/www.bynaldis-shop.com\/index.php?rest_route=%2Fwp%2Fv2%2Fproduct_cat&post=7961"},{"taxonomy":"product_tag","embeddable":true,"href":"https:\/\/www.bynaldis-shop.com\/index.php?rest_route=%2Fwp%2Fv2%2Fproduct_tag&post=7961"}],"curies":[{"name":"wp","href":"https:\/\/api.w.org\/{rel}","templated":true}]}}