{"id":7959,"date":"2024-03-11T11:43:09","date_gmt":"2024-03-11T10:43:09","guid":{"rendered":"https:\/\/www.bynaldis-shop.com\/?post_type=product&#038;p=7959"},"modified":"2025-10-28T11:41:49","modified_gmt":"2025-10-28T10:41:49","slug":"isis","status":"publish","type":"product","link":"https:\/\/www.bynaldis-shop.com\/?product=isis","title":{"rendered":"Isis R\u00e4ucherst\u00e4bchen \u2013 Magie der G\u00f6ttin"},"content":{"rendered":"<h3 data-start=\"155\" data-end=\"201\">Isis R\u00e4ucherst\u00e4bchen \u2013 Magie der G\u00f6ttin<\/h3>\n<p data-start=\"203\" data-end=\"380\">Die <strong data-start=\"207\" data-end=\"231\">Isis R\u00e4ucherst\u00e4bchen<\/strong> entf\u00fchren dich in eine <strong data-start=\"255\" data-end=\"282\">warme, \u00e4gyptische Nacht<\/strong> unter einem leuchtenden Sternenhimmel \u2013 inspiriert von der Kraft und Anmut der <strong data-start=\"362\" data-end=\"379\">Gro\u00dfen G\u00f6ttin<\/strong>.<\/p>\n<p data-start=\"382\" data-end=\"538\">Ihr <strong data-start=\"386\" data-end=\"426\">verf\u00fchrerischer, stimulierender Duft<\/strong> erf\u00fcllt den Raum mit einer <strong data-start=\"454\" data-end=\"495\">magischen, geheimnisvollen Atmosph\u00e4re<\/strong>, die Herz und Geist gleicherma\u00dfen ber\u00fchrt.<\/p>\n<p data-start=\"540\" data-end=\"753\"><strong data-start=\"540\" data-end=\"560\">\u2728 Eigenschaften:<\/strong><br data-start=\"560\" data-end=\"563\" \/>\u2013 Mystisch-w\u00fcrziger Duft mit tiefer Aura\u00a0<br data-start=\"606\" data-end=\"609\" \/>\u2013 Wirkt inspirierend, st\u00e4rkend &amp; sinnlich<br data-start=\"650\" data-end=\"653\" \/>\u2013 Ideal f\u00fcr Rituale, kreative Zeiten &amp; besondere Abende<\/p>\n<p data-start=\"755\" data-end=\"834\"><strong data-start=\"755\" data-end=\"829\">Sp\u00fcre die Pr\u00e4senz der G\u00f6ttin \u2013 kraftvoll, geheimnisvoll und sch\u00fctzend.<\/strong><\/p>\n<p data-start=\"755\" data-end=\"834\">Neben diesen R\u00e4ucherst\u00e4bchen gibt es bei uns noch viele weitere wundersch\u00f6ne D\u00fcfte. Einzeln oder in praktischen Packungen, die darauf warten, von dir entdeckt zu werden. Von sanft blumig bis warm und erdig ist f\u00fcr jeden Moment das Passende dabei. Und damit dein R\u00e4uchererlebnis vollkommen wird, findest du bei uns auch liebevoll gestaltete R\u00e4ucherst\u00e4bchenhalter. Ob f\u00fcr dich selbst oder als besonderes Geschenk f\u00fcr einen lieben Menschen. Unsere R\u00e4ucherst\u00e4bchen bringen Freude und Wohlgef\u00fchl in jeden Raum.<\/p>\n","protected":false},"excerpt":{"rendered":"<p>Isis R\u00e4ucherst\u00e4bchen \u2013 Magie der G\u00f6ttin Die Isis R\u00e4ucherst\u00e4bchen entf\u00fchren dich in eine warme, \u00e4gyptische Nacht unter einem leuchtenden Sternenhimmel \u2013 inspiriert von der Kraft und Anmut der Gro\u00dfen G\u00f6ttin. Ihr verf\u00fchrerischer, stimulierender Duft erf\u00fcllt den Raum mit einer magischen, geheimnisvollen Atmosph\u00e4re, die Herz und Geist gleicherma\u00dfen ber\u00fchrt. \u2728 Eigenschaften:\u2013 Mystisch-w\u00fcrziger Duft mit tiefer Aura\u00a0\u2013 [&hellip;]<\/p>\n<p><a class=\"read-more\" href=\"https:\/\/www.bynaldis-shop.com\/?product=isis\">Mehr lesen<span class=\"meta-nav\">&rarr;<\/span><\/a><\/p>\n","protected":false},"featured_media":8084,"template":"","meta":[],"product_brand":[],"product_cat":[251],"product_tag":[],"class_list":{"0":"post-7959","1":"product","2":"type-product","3":"status-publish","4":"has-post-thumbnail","6":"product_cat-je-sorte-10-stueck","8":"first","9":"instock","10":"taxable","11":"shipping-taxable","12":"purchasable","13":"product-type-simple"},"_links":{"self":[{"href":"https:\/\/www.bynaldis-shop.com\/index.php?rest_route=\/wp\/v2\/product\/7959","targetHints":{"allow":["GET"]}}],"collection":[{"href":"https:\/\/www.bynaldis-shop.com\/index.php?rest_route=\/wp\/v2\/product"}],"about":[{"href":"https:\/\/www.bynaldis-shop.com\/index.php?rest_route=\/wp\/v2\/types\/product"}],"wp:featuredmedia":[{"embeddable":true,"href":"https:\/\/www.bynaldis-shop.com\/index.php?rest_route=\/wp\/v2\/media\/8084"}],"wp:attachment":[{"href":"https:\/\/www.bynaldis-shop.com\/index.php?rest_route=%2Fwp%2Fv2%2Fmedia&parent=7959"}],"wp:term":[{"taxonomy":"product_brand","embeddable":true,"href":"https:\/\/www.bynaldis-shop.com\/index.php?rest_route=%2Fwp%2Fv2%2Fproduct_brand&post=7959"},{"taxonomy":"product_cat","embeddable":true,"href":"https:\/\/www.bynaldis-shop.com\/index.php?rest_route=%2Fwp%2Fv2%2Fproduct_cat&post=7959"},{"taxonomy":"product_tag","embeddable":true,"href":"https:\/\/www.bynaldis-shop.com\/index.php?rest_route=%2Fwp%2Fv2%2Fproduct_tag&post=7959"}],"curies":[{"name":"wp","href":"https:\/\/api.w.org\/{rel}","templated":true}]}}