{"id":7958,"date":"2024-03-11T11:42:47","date_gmt":"2024-03-11T10:42:47","guid":{"rendered":"https:\/\/www.bynaldis-shop.com\/?post_type=product&#038;p=7958"},"modified":"2025-10-28T11:42:27","modified_gmt":"2025-10-28T10:42:27","slug":"celestial","status":"publish","type":"product","link":"https:\/\/www.bynaldis-shop.com\/?product=celestial","title":{"rendered":"Celestial R\u00e4ucherst\u00e4bchen \u2013 Himmlischer Duft f\u00fcr Seele &#038; Sinne"},"content":{"rendered":"<h3 data-start=\"173\" data-end=\"242\">Celestial R\u00e4ucherst\u00e4bchen \u2013 Himmlischer Duft f\u00fcr Seele &amp; Sinne<\/h3>\n<p data-start=\"244\" data-end=\"407\">Die <strong data-start=\"248\" data-end=\"277\">Celestial R\u00e4ucherst\u00e4bchen<\/strong> tragen den Zauber des Himmels in sich \u2013 ein <strong data-start=\"322\" data-end=\"347\">sanft mystischer Duft<\/strong>, der dich in eine <strong data-start=\"366\" data-end=\"395\">ruhige, lichtvolle Sph\u00e4re<\/strong> entf\u00fchrt.<\/p>\n<p data-start=\"409\" data-end=\"559\">Mit ihrer feinen, harmonisierenden Note schenken sie <strong data-start=\"462\" data-end=\"490\">Klarheit, innere Balance<\/strong> und eine Atmosph\u00e4re, die wie ein stiller Nachthimmel \u00fcber dir liegt.<\/p>\n<p data-start=\"561\" data-end=\"773\"><strong data-start=\"561\" data-end=\"581\">\u2728 Eigenschaften:<\/strong><br data-start=\"581\" data-end=\"584\" \/>\u2013 Sanft-mystischer, harmonischer Duft \u2728<br data-start=\"623\" data-end=\"626\" \/>\u2013 Ideal f\u00fcr Meditation, Abendruhe &amp; spirituelle Rituale<br data-start=\"681\" data-end=\"684\" \/>\u2013 Wirkt beruhigend, lichtvoll &amp; inspirierend<\/p>\n<p data-start=\"775\" data-end=\"858\"><strong data-start=\"775\" data-end=\"852\">Ein Duft wie Sternenstaub \u2013 f\u00fcr Momente der Weite, Stille und Verbindung.<\/strong><\/p>\n<p data-start=\"775\" data-end=\"858\">Neben diesen R\u00e4ucherst\u00e4bchen gibt es bei uns noch viele weitere wundersch\u00f6ne D\u00fcfte. Einzeln oder in praktischen Packungen, die darauf warten, von dir entdeckt zu werden. Von sanft blumig bis warm und erdig ist f\u00fcr jeden Moment das Passende dabei. Und damit dein R\u00e4uchererlebnis vollkommen wird, findest du bei uns auch liebevoll gestaltete R\u00e4ucherst\u00e4bchenhalter. Ob f\u00fcr dich selbst oder als besonderes Geschenk f\u00fcr einen lieben Menschen. Unsere R\u00e4ucherst\u00e4bchen bringen Freude und Wohlgef\u00fchl in jeden Raum.<\/p>\n","protected":false},"excerpt":{"rendered":"<p>Celestial R\u00e4ucherst\u00e4bchen \u2013 Himmlischer Duft f\u00fcr Seele &amp; Sinne Die Celestial R\u00e4ucherst\u00e4bchen tragen den Zauber des Himmels in sich \u2013 ein sanft mystischer Duft, der dich in eine ruhige, lichtvolle Sph\u00e4re entf\u00fchrt. Mit ihrer feinen, harmonisierenden Note schenken sie Klarheit, innere Balance und eine Atmosph\u00e4re, die wie ein stiller Nachthimmel \u00fcber dir liegt. \u2728 Eigenschaften:\u2013 [&hellip;]<\/p>\n<p><a class=\"read-more\" href=\"https:\/\/www.bynaldis-shop.com\/?product=celestial\">Mehr lesen<span class=\"meta-nav\">&rarr;<\/span><\/a><\/p>\n","protected":false},"featured_media":8084,"template":"","meta":[],"product_brand":[],"product_cat":[251],"product_tag":[],"class_list":{"0":"post-7958","1":"product","2":"type-product","3":"status-publish","4":"has-post-thumbnail","6":"product_cat-je-sorte-10-stueck","8":"first","9":"instock","10":"taxable","11":"shipping-taxable","12":"purchasable","13":"product-type-simple"},"_links":{"self":[{"href":"https:\/\/www.bynaldis-shop.com\/index.php?rest_route=\/wp\/v2\/product\/7958","targetHints":{"allow":["GET"]}}],"collection":[{"href":"https:\/\/www.bynaldis-shop.com\/index.php?rest_route=\/wp\/v2\/product"}],"about":[{"href":"https:\/\/www.bynaldis-shop.com\/index.php?rest_route=\/wp\/v2\/types\/product"}],"wp:featuredmedia":[{"embeddable":true,"href":"https:\/\/www.bynaldis-shop.com\/index.php?rest_route=\/wp\/v2\/media\/8084"}],"wp:attachment":[{"href":"https:\/\/www.bynaldis-shop.com\/index.php?rest_route=%2Fwp%2Fv2%2Fmedia&parent=7958"}],"wp:term":[{"taxonomy":"product_brand","embeddable":true,"href":"https:\/\/www.bynaldis-shop.com\/index.php?rest_route=%2Fwp%2Fv2%2Fproduct_brand&post=7958"},{"taxonomy":"product_cat","embeddable":true,"href":"https:\/\/www.bynaldis-shop.com\/index.php?rest_route=%2Fwp%2Fv2%2Fproduct_cat&post=7958"},{"taxonomy":"product_tag","embeddable":true,"href":"https:\/\/www.bynaldis-shop.com\/index.php?rest_route=%2Fwp%2Fv2%2Fproduct_tag&post=7958"}],"curies":[{"name":"wp","href":"https:\/\/api.w.org\/{rel}","templated":true}]}}