{"id":7957,"date":"2024-03-11T11:42:26","date_gmt":"2024-03-11T10:42:26","guid":{"rendered":"https:\/\/www.bynaldis-shop.com\/?post_type=product&#038;p=7957"},"modified":"2025-10-28T11:42:52","modified_gmt":"2025-10-28T10:42:52","slug":"nag-champa","status":"publish","type":"product","link":"https:\/\/www.bynaldis-shop.com\/?product=nag-champa","title":{"rendered":"Nag Champa R\u00e4ucherst\u00e4bchen \u2013 Exotik. Tiefe. Harmonie"},"content":{"rendered":"<h3 data-start=\"182\" data-end=\"243\">Nag Champa R\u00e4ucherst\u00e4bchen \u2013 Exotik. Tiefe. Harmonie.<\/h3>\n<p data-start=\"245\" data-end=\"461\">Die <strong data-start=\"249\" data-end=\"279\">Nag Champa R\u00e4ucherst\u00e4bchen<\/strong> entf\u00fchren dich auf eine <strong data-start=\"304\" data-end=\"342\">sinnliche Reise durch ferne Welten<\/strong>. Ihr <strong data-start=\"348\" data-end=\"388\">warmer, leicht s\u00fc\u00dflich-w\u00fcrziger Duft<\/strong> schafft eine Atmosph\u00e4re von <strong data-start=\"417\" data-end=\"460\">Spiritualit\u00e4t, Ruhe und innerer Einkehr<\/strong>.<\/p>\n<p data-start=\"463\" data-end=\"628\">Ob beim Meditieren, Entspannen oder einfach im Alltag \u2013 dieser bet\u00f6rende Duft wirkt <strong data-start=\"547\" data-end=\"578\">erdend und \u00f6ffnend zugleich<\/strong>, wie ein stiller Begleiter f\u00fcr Momente des Seins.<\/p>\n<p data-start=\"630\" data-end=\"844\"><strong data-start=\"630\" data-end=\"650\">\u2728 Eigenschaften:<\/strong><br data-start=\"650\" data-end=\"653\" \/>\u2013 Klassischer Nag-Champa-Duft mit tiefer, warmer Note \ud83e\udeb7<br data-start=\"709\" data-end=\"712\" \/>\u2013 Spirituell, beruhigend &amp; inspirierend<br data-start=\"751\" data-end=\"754\" \/>\u2013 Ideal f\u00fcr Meditation, Rituale &amp; Achtsamkeit<\/p>\n<p data-start=\"846\" data-end=\"945\"><strong data-start=\"846\" data-end=\"942\">Lass dich von diesem Duftklassiker umarmen \u2013 f\u00fcr mehr Tiefe, Gelassenheit und Seelenfrieden.<\/strong> \ud83c\udf19<\/p>\n<p data-start=\"846\" data-end=\"945\">Neben diesen R\u00e4ucherst\u00e4bchen gibt es bei uns noch viele weitere wundersch\u00f6ne D\u00fcfte. Einzeln oder in praktischen Packungen, die darauf warten, von dir entdeckt zu werden. Von sanft blumig bis warm und erdig ist f\u00fcr jeden Moment das Passende dabei. Und damit dein R\u00e4uchererlebnis vollkommen wird, findest du bei uns auch liebevoll gestaltete R\u00e4ucherst\u00e4bchenhalter. Ob f\u00fcr dich selbst oder als besonderes Geschenk f\u00fcr einen lieben Menschen. Unsere R\u00e4ucherst\u00e4bchen bringen Freude und Wohlgef\u00fchl in jeden Raum.<\/p>\n","protected":false},"excerpt":{"rendered":"<p>Nag Champa R\u00e4ucherst\u00e4bchen \u2013 Exotik. Tiefe. Harmonie. Die Nag Champa R\u00e4ucherst\u00e4bchen entf\u00fchren dich auf eine sinnliche Reise durch ferne Welten. Ihr warmer, leicht s\u00fc\u00dflich-w\u00fcrziger Duft schafft eine Atmosph\u00e4re von Spiritualit\u00e4t, Ruhe und innerer Einkehr. Ob beim Meditieren, Entspannen oder einfach im Alltag \u2013 dieser bet\u00f6rende Duft wirkt erdend und \u00f6ffnend zugleich, wie ein stiller Begleiter [&hellip;]<\/p>\n<p><a class=\"read-more\" href=\"https:\/\/www.bynaldis-shop.com\/?product=nag-champa\">Mehr lesen<span class=\"meta-nav\">&rarr;<\/span><\/a><\/p>\n","protected":false},"featured_media":8084,"template":"","meta":[],"product_brand":[],"product_cat":[251],"product_tag":[],"class_list":{"0":"post-7957","1":"product","2":"type-product","3":"status-publish","4":"has-post-thumbnail","6":"product_cat-je-sorte-10-stueck","8":"first","9":"instock","10":"taxable","11":"shipping-taxable","12":"purchasable","13":"product-type-simple"},"_links":{"self":[{"href":"https:\/\/www.bynaldis-shop.com\/index.php?rest_route=\/wp\/v2\/product\/7957","targetHints":{"allow":["GET"]}}],"collection":[{"href":"https:\/\/www.bynaldis-shop.com\/index.php?rest_route=\/wp\/v2\/product"}],"about":[{"href":"https:\/\/www.bynaldis-shop.com\/index.php?rest_route=\/wp\/v2\/types\/product"}],"wp:featuredmedia":[{"embeddable":true,"href":"https:\/\/www.bynaldis-shop.com\/index.php?rest_route=\/wp\/v2\/media\/8084"}],"wp:attachment":[{"href":"https:\/\/www.bynaldis-shop.com\/index.php?rest_route=%2Fwp%2Fv2%2Fmedia&parent=7957"}],"wp:term":[{"taxonomy":"product_brand","embeddable":true,"href":"https:\/\/www.bynaldis-shop.com\/index.php?rest_route=%2Fwp%2Fv2%2Fproduct_brand&post=7957"},{"taxonomy":"product_cat","embeddable":true,"href":"https:\/\/www.bynaldis-shop.com\/index.php?rest_route=%2Fwp%2Fv2%2Fproduct_cat&post=7957"},{"taxonomy":"product_tag","embeddable":true,"href":"https:\/\/www.bynaldis-shop.com\/index.php?rest_route=%2Fwp%2Fv2%2Fproduct_tag&post=7957"}],"curies":[{"name":"wp","href":"https:\/\/api.w.org\/{rel}","templated":true}]}}