{"id":7956,"date":"2024-03-11T11:41:44","date_gmt":"2024-03-11T10:41:44","guid":{"rendered":"https:\/\/www.bynaldis-shop.com\/?post_type=product&#038;p=7956"},"modified":"2025-10-28T11:43:28","modified_gmt":"2025-10-28T10:43:28","slug":"rose","status":"publish","type":"product","link":"https:\/\/www.bynaldis-shop.com\/?product=rose","title":{"rendered":"Rose R\u00e4ucherst\u00e4bchen \u2013 Zart, Herzlich, Harmonisch"},"content":{"rendered":"<h3 data-start=\"168\" data-end=\"226\">Rosen R\u00e4ucherst\u00e4bchen \u2013 Zart. Herzlich. Harmonisch.<\/h3>\n<p data-start=\"228\" data-end=\"360\">Die <strong data-start=\"232\" data-end=\"257\">Rosen R\u00e4ucherst\u00e4bchen<\/strong> entf\u00fchren dich in die sanfte Welt der <strong data-start=\"296\" data-end=\"314\">blumigen D\u00fcfte<\/strong> \u2013 zart, beruhigend und voller Herzensw\u00e4rme.<\/p>\n<p data-start=\"362\" data-end=\"523\">Der feine Rosenduft erf\u00fcllt den Raum mit einer <strong data-start=\"409\" data-end=\"449\">liebevollen, harmonischen Atmosph\u00e4re<\/strong>, die dich einl\u00e4dt, durchzuatmen, loszulassen und ganz bei dir anzukommen.<\/p>\n<p data-start=\"525\" data-end=\"719\"><strong data-start=\"525\" data-end=\"545\">\u2728 Eigenschaften:<\/strong><br data-start=\"545\" data-end=\"548\" \/>\u2013 Zarter, blumiger Rosenduft \ud83c\udf38<br data-start=\"579\" data-end=\"582\" \/>\u2013 Wirkt beruhigend &amp; herzens\u00f6ffnend<br data-start=\"617\" data-end=\"620\" \/>\u2013 Ideal f\u00fcr Auszeiten, Rituale &amp; sanfte Verw\u00f6hnmomente<\/p>\n<p data-start=\"721\" data-end=\"810\"><strong data-start=\"721\" data-end=\"805\">G\u00f6nn dir duftende Streicheleinheiten f\u00fcr die Seele \u2013 mit der K\u00f6nigin der Bl\u00fcten.<\/strong> \ud83d\udc97\ud83c\udf39<\/p>\n<p data-start=\"721\" data-end=\"810\">Neben diesen R\u00e4ucherst\u00e4bchen gibt es bei uns noch viele weitere wundersch\u00f6ne D\u00fcfte. Einzeln oder in praktischen Packungen, die darauf warten, von dir entdeckt zu werden. Von sanft blumig bis warm und erdig ist f\u00fcr jeden Moment das Passende dabei. Und damit dein R\u00e4uchererlebnis vollkommen wird, findest du bei uns auch liebevoll gestaltete R\u00e4ucherst\u00e4bchenhalter. Ob f\u00fcr dich selbst oder als besonderes Geschenk f\u00fcr einen lieben Menschen. Unsere R\u00e4ucherst\u00e4bchen bringen Freude und Wohlgef\u00fchl in jeden Raum.<\/p>\n","protected":false},"excerpt":{"rendered":"<p>Rosen R\u00e4ucherst\u00e4bchen \u2013 Zart. Herzlich. Harmonisch. Die Rosen R\u00e4ucherst\u00e4bchen entf\u00fchren dich in die sanfte Welt der blumigen D\u00fcfte \u2013 zart, beruhigend und voller Herzensw\u00e4rme. Der feine Rosenduft erf\u00fcllt den Raum mit einer liebevollen, harmonischen Atmosph\u00e4re, die dich einl\u00e4dt, durchzuatmen, loszulassen und ganz bei dir anzukommen. \u2728 Eigenschaften:\u2013 Zarter, blumiger Rosenduft \ud83c\udf38\u2013 Wirkt beruhigend &amp; herzens\u00f6ffnend\u2013 [&hellip;]<\/p>\n<p><a class=\"read-more\" href=\"https:\/\/www.bynaldis-shop.com\/?product=rose\">Mehr lesen<span class=\"meta-nav\">&rarr;<\/span><\/a><\/p>\n","protected":false},"featured_media":8084,"template":"","meta":[],"product_brand":[],"product_cat":[251],"product_tag":[],"class_list":{"0":"post-7956","1":"product","2":"type-product","3":"status-publish","4":"has-post-thumbnail","6":"product_cat-je-sorte-10-stueck","8":"first","9":"instock","10":"taxable","11":"shipping-taxable","12":"purchasable","13":"product-type-simple"},"_links":{"self":[{"href":"https:\/\/www.bynaldis-shop.com\/index.php?rest_route=\/wp\/v2\/product\/7956","targetHints":{"allow":["GET"]}}],"collection":[{"href":"https:\/\/www.bynaldis-shop.com\/index.php?rest_route=\/wp\/v2\/product"}],"about":[{"href":"https:\/\/www.bynaldis-shop.com\/index.php?rest_route=\/wp\/v2\/types\/product"}],"wp:featuredmedia":[{"embeddable":true,"href":"https:\/\/www.bynaldis-shop.com\/index.php?rest_route=\/wp\/v2\/media\/8084"}],"wp:attachment":[{"href":"https:\/\/www.bynaldis-shop.com\/index.php?rest_route=%2Fwp%2Fv2%2Fmedia&parent=7956"}],"wp:term":[{"taxonomy":"product_brand","embeddable":true,"href":"https:\/\/www.bynaldis-shop.com\/index.php?rest_route=%2Fwp%2Fv2%2Fproduct_brand&post=7956"},{"taxonomy":"product_cat","embeddable":true,"href":"https:\/\/www.bynaldis-shop.com\/index.php?rest_route=%2Fwp%2Fv2%2Fproduct_cat&post=7956"},{"taxonomy":"product_tag","embeddable":true,"href":"https:\/\/www.bynaldis-shop.com\/index.php?rest_route=%2Fwp%2Fv2%2Fproduct_tag&post=7956"}],"curies":[{"name":"wp","href":"https:\/\/api.w.org\/{rel}","templated":true}]}}