{"id":7955,"date":"2024-03-11T11:41:22","date_gmt":"2024-03-11T10:41:22","guid":{"rendered":"https:\/\/www.bynaldis-shop.com\/?post_type=product&#038;p=7955"},"modified":"2025-10-28T11:43:48","modified_gmt":"2025-10-28T10:43:48","slug":"aphrodite","status":"publish","type":"product","link":"https:\/\/www.bynaldis-shop.com\/?product=aphrodite","title":{"rendered":"Aphrodite R\u00e4ucherst\u00e4bchen \u2013 Sinnlichkeit &#038; Magie der Liebe"},"content":{"rendered":"<h3 data-start=\"185\" data-end=\"250\">Aphrodite R\u00e4ucherst\u00e4bchen \u2013 Sinnlichkeit &amp; Magie der Liebe<\/h3>\n<p data-start=\"252\" data-end=\"475\">Die <strong data-start=\"256\" data-end=\"285\">Aphrodite R\u00e4ucherst\u00e4bchen<\/strong> entf\u00fchren dich in den <strong data-start=\"308\" data-end=\"343\">Duftzauber der G\u00f6ttin der Liebe<\/strong>. Ihre <strong data-start=\"350\" data-end=\"381\">femininen, exotischen Noten<\/strong> h\u00fcllen den Raum in eine bet\u00f6rende Sinnlichkeit \u2013 zart, verf\u00fchrerisch und voller Leidenschaft.<\/p>\n<p data-start=\"477\" data-end=\"731\">Dieser Duft weckt das Herz, inspiriert die Sinne und schafft eine Atmosph\u00e4re, in der <strong data-start=\"562\" data-end=\"598\">Anziehungskraft und Weiblichkeit<\/strong> sp\u00fcrbar werden. Ideal f\u00fcr besondere Abende, Rituale oder einfach dann, wenn du dich mit deiner inneren Sch\u00f6nheit verbinden m\u00f6chtest.<\/p>\n<p data-start=\"733\" data-end=\"923\"><strong data-start=\"733\" data-end=\"753\">\u2728 Eigenschaften:<\/strong><br data-start=\"753\" data-end=\"756\" \/>\u2013 Sinnlich-feminine Duftkomposition \ud83c\udf3a<br data-start=\"794\" data-end=\"797\" \/>\u2013 Exotisch, weich &amp; bet\u00f6rend<br data-start=\"825\" data-end=\"828\" \/>\u2013 F\u00fcr romantische Abende, Selbstf\u00fcrsorge &amp; Rituale<\/p>\n<p data-start=\"925\" data-end=\"1016\">Lass dich von <strong data-start=\"939\" data-end=\"966\">Aphrodites Duft umarmen<\/strong> \u2013 f\u00fcr Momente voller Liebe, Magie und Tiefe. \ud83d\udcab\ud83c\udf39<\/p>\n<p data-start=\"925\" data-end=\"1016\">Neben diesen R\u00e4ucherst\u00e4bchen gibt es bei uns noch viele weitere wundersch\u00f6ne D\u00fcfte. Einzeln oder in praktischen Packungen, die darauf warten, von dir entdeckt zu werden. Von sanft blumig bis warm und erdig ist f\u00fcr jeden Moment das Passende dabei. Und damit dein R\u00e4uchererlebnis vollkommen wird, findest du bei uns auch liebevoll gestaltete R\u00e4ucherst\u00e4bchenhalter. Ob f\u00fcr dich selbst oder als besonderes Geschenk f\u00fcr einen lieben Menschen. Unsere R\u00e4ucherst\u00e4bchen bringen Freude und Wohlgef\u00fchl in jeden Raum.<\/p>\n","protected":false},"excerpt":{"rendered":"<p>Aphrodite R\u00e4ucherst\u00e4bchen \u2013 Sinnlichkeit &amp; Magie der Liebe Die Aphrodite R\u00e4ucherst\u00e4bchen entf\u00fchren dich in den Duftzauber der G\u00f6ttin der Liebe. Ihre femininen, exotischen Noten h\u00fcllen den Raum in eine bet\u00f6rende Sinnlichkeit \u2013 zart, verf\u00fchrerisch und voller Leidenschaft. Dieser Duft weckt das Herz, inspiriert die Sinne und schafft eine Atmosph\u00e4re, in der Anziehungskraft und Weiblichkeit sp\u00fcrbar [&hellip;]<\/p>\n<p><a class=\"read-more\" href=\"https:\/\/www.bynaldis-shop.com\/?product=aphrodite\">Mehr lesen<span class=\"meta-nav\">&rarr;<\/span><\/a><\/p>\n","protected":false},"featured_media":8084,"template":"","meta":[],"product_brand":[],"product_cat":[251],"product_tag":[],"class_list":{"0":"post-7955","1":"product","2":"type-product","3":"status-publish","4":"has-post-thumbnail","6":"product_cat-je-sorte-10-stueck","8":"first","9":"instock","10":"taxable","11":"shipping-taxable","12":"purchasable","13":"product-type-simple"},"_links":{"self":[{"href":"https:\/\/www.bynaldis-shop.com\/index.php?rest_route=\/wp\/v2\/product\/7955","targetHints":{"allow":["GET"]}}],"collection":[{"href":"https:\/\/www.bynaldis-shop.com\/index.php?rest_route=\/wp\/v2\/product"}],"about":[{"href":"https:\/\/www.bynaldis-shop.com\/index.php?rest_route=\/wp\/v2\/types\/product"}],"wp:featuredmedia":[{"embeddable":true,"href":"https:\/\/www.bynaldis-shop.com\/index.php?rest_route=\/wp\/v2\/media\/8084"}],"wp:attachment":[{"href":"https:\/\/www.bynaldis-shop.com\/index.php?rest_route=%2Fwp%2Fv2%2Fmedia&parent=7955"}],"wp:term":[{"taxonomy":"product_brand","embeddable":true,"href":"https:\/\/www.bynaldis-shop.com\/index.php?rest_route=%2Fwp%2Fv2%2Fproduct_brand&post=7955"},{"taxonomy":"product_cat","embeddable":true,"href":"https:\/\/www.bynaldis-shop.com\/index.php?rest_route=%2Fwp%2Fv2%2Fproduct_cat&post=7955"},{"taxonomy":"product_tag","embeddable":true,"href":"https:\/\/www.bynaldis-shop.com\/index.php?rest_route=%2Fwp%2Fv2%2Fproduct_tag&post=7955"}],"curies":[{"name":"wp","href":"https:\/\/api.w.org\/{rel}","templated":true}]}}