{"id":7954,"date":"2024-03-11T11:40:56","date_gmt":"2024-03-11T10:40:56","guid":{"rendered":"https:\/\/www.bynaldis-shop.com\/?post_type=product&#038;p=7954"},"modified":"2025-10-28T11:44:09","modified_gmt":"2025-10-28T10:44:09","slug":"weihrauch","status":"publish","type":"product","link":"https:\/\/www.bynaldis-shop.com\/?product=weihrauch","title":{"rendered":"Weihrauch R\u00e4ucherst\u00e4bchen \u2013 Klassischer Duft f\u00fcr Ruhe &#038; Klarheit"},"content":{"rendered":"<h3 data-start=\"168\" data-end=\"238\">Weihrauch R\u00e4ucherst\u00e4bchen \u2013 Klassischer Duft f\u00fcr Ruhe &amp; Klarheit<\/h3>\n<p data-start=\"240\" data-end=\"485\"><strong data-start=\"240\" data-end=\"253\">Weihrauch<\/strong> geh\u00f6rt zu den \u00e4ltesten und edelsten R\u00e4ucherstoffen \u2013 ein echter Klassiker unter den Duftst\u00e4bchen. Sein <strong data-start=\"357\" data-end=\"400\">warm-balsamischer, leicht w\u00fcrziger Duft<\/strong> erf\u00fcllt den Raum mit einer Atmosph\u00e4re von <strong data-start=\"443\" data-end=\"484\">Reinheit, Ruhe und spiritueller Tiefe<\/strong>.<\/p>\n<p data-start=\"487\" data-end=\"704\">Diese R\u00e4ucherst\u00e4bchen sind ideal f\u00fcr <strong data-start=\"524\" data-end=\"585\">Momente der Entspannung, Meditation oder stille Besinnung<\/strong>. Der feine, angenehme Rauch wirkt zugleich kl\u00e4rend und beruhigend \u2013 ein Duft, der K\u00f6rper, Geist und Raum harmonisiert.<\/p>\n<p data-start=\"706\" data-end=\"908\"><strong data-start=\"706\" data-end=\"726\">\u2728 Eigenschaften:<\/strong><br data-start=\"726\" data-end=\"729\" \/>\u2013 Klassisches, w\u00fcrzig-balsamisches Aroma<br data-start=\"769\" data-end=\"772\" \/>\u2013 Reinigt die Atmosph\u00e4re &amp; beruhigt die Sinne<br data-start=\"817\" data-end=\"820\" \/>\u2013 Ideal f\u00fcr Meditation, Rituale &amp; Auszeiten<\/p>\n<p data-start=\"910\" data-end=\"997\">Ein zeitloser Duftbegleiter f\u00fcr mehr <strong data-start=\"947\" data-end=\"980\">Stille, Zentrierung und Licht<\/strong> im Alltag. \ud83d\udd6f\ufe0f\ud83c\udf3f<\/p>\n<p data-start=\"910\" data-end=\"997\">Neben diesen R\u00e4ucherst\u00e4bchen gibt es bei uns noch viele weitere wundersch\u00f6ne D\u00fcfte. Einzeln oder in praktischen Packungen, die darauf warten, von dir entdeckt zu werden. Von sanft blumig bis warm und erdig ist f\u00fcr jeden Moment das Passende dabei. Und damit dein R\u00e4uchererlebnis vollkommen wird, findest du bei uns auch liebevoll gestaltete R\u00e4ucherst\u00e4bchenhalter. Ob f\u00fcr dich selbst oder als besonderes Geschenk f\u00fcr einen lieben Menschen. Unsere R\u00e4ucherst\u00e4bchen bringen Freude und Wohlgef\u00fchl in jeden Raum.<\/p>\n","protected":false},"excerpt":{"rendered":"<p>Weihrauch R\u00e4ucherst\u00e4bchen \u2013 Klassischer Duft f\u00fcr Ruhe &amp; Klarheit Weihrauch geh\u00f6rt zu den \u00e4ltesten und edelsten R\u00e4ucherstoffen \u2013 ein echter Klassiker unter den Duftst\u00e4bchen. Sein warm-balsamischer, leicht w\u00fcrziger Duft erf\u00fcllt den Raum mit einer Atmosph\u00e4re von Reinheit, Ruhe und spiritueller Tiefe. Diese R\u00e4ucherst\u00e4bchen sind ideal f\u00fcr Momente der Entspannung, Meditation oder stille Besinnung. Der feine, [&hellip;]<\/p>\n<p><a class=\"read-more\" href=\"https:\/\/www.bynaldis-shop.com\/?product=weihrauch\">Mehr lesen<span class=\"meta-nav\">&rarr;<\/span><\/a><\/p>\n","protected":false},"featured_media":8084,"template":"","meta":[],"product_brand":[],"product_cat":[251],"product_tag":[],"class_list":{"0":"post-7954","1":"product","2":"type-product","3":"status-publish","4":"has-post-thumbnail","6":"product_cat-je-sorte-10-stueck","8":"first","9":"instock","10":"taxable","11":"shipping-taxable","12":"purchasable","13":"product-type-simple"},"_links":{"self":[{"href":"https:\/\/www.bynaldis-shop.com\/index.php?rest_route=\/wp\/v2\/product\/7954","targetHints":{"allow":["GET"]}}],"collection":[{"href":"https:\/\/www.bynaldis-shop.com\/index.php?rest_route=\/wp\/v2\/product"}],"about":[{"href":"https:\/\/www.bynaldis-shop.com\/index.php?rest_route=\/wp\/v2\/types\/product"}],"wp:featuredmedia":[{"embeddable":true,"href":"https:\/\/www.bynaldis-shop.com\/index.php?rest_route=\/wp\/v2\/media\/8084"}],"wp:attachment":[{"href":"https:\/\/www.bynaldis-shop.com\/index.php?rest_route=%2Fwp%2Fv2%2Fmedia&parent=7954"}],"wp:term":[{"taxonomy":"product_brand","embeddable":true,"href":"https:\/\/www.bynaldis-shop.com\/index.php?rest_route=%2Fwp%2Fv2%2Fproduct_brand&post=7954"},{"taxonomy":"product_cat","embeddable":true,"href":"https:\/\/www.bynaldis-shop.com\/index.php?rest_route=%2Fwp%2Fv2%2Fproduct_cat&post=7954"},{"taxonomy":"product_tag","embeddable":true,"href":"https:\/\/www.bynaldis-shop.com\/index.php?rest_route=%2Fwp%2Fv2%2Fproduct_tag&post=7954"}],"curies":[{"name":"wp","href":"https:\/\/api.w.org\/{rel}","templated":true}]}}