{"id":7953,"date":"2024-03-11T11:40:30","date_gmt":"2024-03-11T10:40:30","guid":{"rendered":"https:\/\/www.bynaldis-shop.com\/?post_type=product&#038;p=7953"},"modified":"2026-03-12T14:31:06","modified_gmt":"2026-03-12T13:31:06","slug":"balalaika","status":"publish","type":"product","link":"https:\/\/www.bynaldis-shop.com\/?product=balalaika","title":{"rendered":"Balalaika R\u00e4ucherst\u00e4bchen \u2013 Duft mit Seele und Tiefe"},"content":{"rendered":"<h3 data-start=\"211\" data-end=\"270\">Balalaika R\u00e4ucherst\u00e4bchen \u2013 Duft mit Seele und Tiefe<\/h3>\n<p data-start=\"272\" data-end=\"498\"><strong data-start=\"272\" data-end=\"285\">Balalaika<\/strong> \u2013 wie ein leises Lied in der Luft. Diese R\u00e4ucherst\u00e4bchen verstr\u00f6men einen <strong data-start=\"360\" data-end=\"387\">warmen, sinnlichen Duft<\/strong> mit holzigen und leicht w\u00fcrzigen Nuancen, die an ferne L\u00e4nder, alte Melodien und gem\u00fctliche Abende erinnern.<\/p>\n<p data-start=\"500\" data-end=\"653\">Ein Duft, der ber\u00fchrt \u2013 tief, erdig und zugleich sanft. Ideal f\u00fcr ruhige Stunden, kreative Momente oder wenn du einfach deiner Seele Raum geben m\u00f6chtest.<\/p>\n<p data-start=\"655\" data-end=\"871\"><strong data-start=\"655\" data-end=\"675\">\u2728 Eigenschaften:<\/strong><br data-start=\"675\" data-end=\"678\" \/>\u2013 Warmer, leicht w\u00fcrziger Duft mit Tiefe<br data-start=\"718\" data-end=\"721\" \/>\u2013 Stimmungsvolle Begleitung f\u00fcr Entspannung &amp; Reflexion<br data-start=\"776\" data-end=\"779\" \/>\u2013 Ideal f\u00fcr Abende, kreative Phasen &amp; Tagtr\u00e4ume<\/p>\n<p data-start=\"873\" data-end=\"931\"><strong data-start=\"873\" data-end=\"886\">Balalaika<\/strong> \u2013 ein Duft wie ein Lied aus dem Herzen.<\/p>\n<p data-start=\"873\" data-end=\"931\">Neben diesen R\u00e4ucherst\u00e4bchen gibt es bei uns noch viele weitere wundersch\u00f6ne D\u00fcfte. Einzeln oder in praktischen Packungen, die darauf warten, von dir entdeckt zu werden. Von sanft blumig bis warm und erdig ist f\u00fcr jeden Moment das Passende dabei. Und damit dein R\u00e4uchererlebnis vollkommen wird, findest du bei uns auch liebevoll gestaltete R\u00e4ucherst\u00e4bchenhalter. Ob f\u00fcr dich selbst oder als besonderes Geschenk f\u00fcr einen lieben Menschen. Unsere R\u00e4ucherst\u00e4bchen bringen Freude und Wohlgef\u00fchl in jeden Raum.<\/p>\n","protected":false},"excerpt":{"rendered":"<p>Balalaika R\u00e4ucherst\u00e4bchen \u2013 Duft mit Seele und Tiefe Balalaika \u2013 wie ein leises Lied in der Luft. Diese R\u00e4ucherst\u00e4bchen verstr\u00f6men einen warmen, sinnlichen Duft mit holzigen und leicht w\u00fcrzigen Nuancen, die an ferne L\u00e4nder, alte Melodien und gem\u00fctliche Abende erinnern. Ein Duft, der ber\u00fchrt \u2013 tief, erdig und zugleich sanft. Ideal f\u00fcr ruhige Stunden, kreative [&hellip;]<\/p>\n<p><a class=\"read-more\" href=\"https:\/\/www.bynaldis-shop.com\/?product=balalaika\">Mehr lesen<span class=\"meta-nav\">&rarr;<\/span><\/a><\/p>\n","protected":false},"featured_media":8084,"template":"","meta":[],"product_brand":[],"product_cat":[251],"product_tag":[],"class_list":{"0":"post-7953","1":"product","2":"type-product","3":"status-publish","4":"has-post-thumbnail","6":"product_cat-je-sorte-10-stueck","8":"first","9":"instock","10":"taxable","11":"shipping-taxable","12":"purchasable","13":"product-type-simple"},"_links":{"self":[{"href":"https:\/\/www.bynaldis-shop.com\/index.php?rest_route=\/wp\/v2\/product\/7953","targetHints":{"allow":["GET"]}}],"collection":[{"href":"https:\/\/www.bynaldis-shop.com\/index.php?rest_route=\/wp\/v2\/product"}],"about":[{"href":"https:\/\/www.bynaldis-shop.com\/index.php?rest_route=\/wp\/v2\/types\/product"}],"wp:featuredmedia":[{"embeddable":true,"href":"https:\/\/www.bynaldis-shop.com\/index.php?rest_route=\/wp\/v2\/media\/8084"}],"wp:attachment":[{"href":"https:\/\/www.bynaldis-shop.com\/index.php?rest_route=%2Fwp%2Fv2%2Fmedia&parent=7953"}],"wp:term":[{"taxonomy":"product_brand","embeddable":true,"href":"https:\/\/www.bynaldis-shop.com\/index.php?rest_route=%2Fwp%2Fv2%2Fproduct_brand&post=7953"},{"taxonomy":"product_cat","embeddable":true,"href":"https:\/\/www.bynaldis-shop.com\/index.php?rest_route=%2Fwp%2Fv2%2Fproduct_cat&post=7953"},{"taxonomy":"product_tag","embeddable":true,"href":"https:\/\/www.bynaldis-shop.com\/index.php?rest_route=%2Fwp%2Fv2%2Fproduct_tag&post=7953"}],"curies":[{"name":"wp","href":"https:\/\/api.w.org\/{rel}","templated":true}]}}