{"id":7952,"date":"2024-03-11T11:40:07","date_gmt":"2024-03-11T10:40:07","guid":{"rendered":"https:\/\/www.bynaldis-shop.com\/?post_type=product&#038;p=7952"},"modified":"2025-10-28T11:44:51","modified_gmt":"2025-10-28T10:44:51","slug":"jasmin","status":"publish","type":"product","link":"https:\/\/www.bynaldis-shop.com\/?product=jasmin","title":{"rendered":"Jasmin R\u00e4ucherst\u00e4bchen \u2013 Zarte Bl\u00fcte, tiefe Ruhe"},"content":{"rendered":"<h3 data-start=\"223\" data-end=\"278\">Jasmin R\u00e4ucherst\u00e4bchen \u2013 Zarte Bl\u00fcte, tiefe Ruhe<\/h3>\n<p data-start=\"280\" data-end=\"413\">Die feine, blumige Eleganz des <strong data-start=\"311\" data-end=\"322\">Jasmins<\/strong> entfaltet sich in jedem Moment \u2013 sanft, harmonisierend und voller nat\u00fcrlicher Sch\u00f6nheit.<\/p>\n<p data-start=\"415\" data-end=\"647\">Am Abend schenkt sein Duft <strong data-start=\"442\" data-end=\"467\">Ruhe und Gelassenheit<\/strong>, am Morgen <strong data-start=\"479\" data-end=\"502\">belebt er die Sinne<\/strong> und begleitet dich mit Leichtigkeit in den Tag. Ein Hauch Jasmin erf\u00fcllt den Raum mit Frieden, Weiblichkeit und einem stillen L\u00e4cheln der Natur.<\/p>\n<p data-start=\"649\" data-end=\"854\"><strong data-start=\"649\" data-end=\"669\">\u2728 Eigenschaften:<\/strong><br data-start=\"669\" data-end=\"672\" \/>\u2013 Blumiger, klarer Jasmin-Duft \ud83c\udf3c<br data-start=\"705\" data-end=\"708\" \/>\u2013 Wirkt beruhigend, sinnlich &amp; ausgleichend<br data-start=\"751\" data-end=\"754\" \/>\u2013 Ideal f\u00fcr Morgenrituale, Abendruhe &amp; kleine Auszeiten<\/p>\n<p data-start=\"856\" data-end=\"951\">Lass dich vom Duft des <strong data-start=\"879\" data-end=\"899\">Jasmins umh\u00fcllen<\/strong> \u2013 zu jeder Tageszeit ein Geschenk f\u00fcr die Seele. \ud83e\udd0d<\/p>\n<p data-start=\"856\" data-end=\"951\">Neben diesen R\u00e4ucherst\u00e4bchen gibt es bei uns noch viele weitere wundersch\u00f6ne D\u00fcfte. Einzeln oder in praktischen Packungen, die darauf warten, von dir entdeckt zu werden. Von sanft blumig bis warm und erdig ist f\u00fcr jeden Moment das Passende dabei. Und damit dein R\u00e4uchererlebnis vollkommen wird, findest du bei uns auch liebevoll gestaltete R\u00e4ucherst\u00e4bchenhalter. Ob f\u00fcr dich selbst oder als besonderes Geschenk f\u00fcr einen lieben Menschen. Unsere R\u00e4ucherst\u00e4bchen bringen Freude und Wohlgef\u00fchl in jeden Raum.<\/p>\n","protected":false},"excerpt":{"rendered":"<p>Jasmin R\u00e4ucherst\u00e4bchen \u2013 Zarte Bl\u00fcte, tiefe Ruhe Die feine, blumige Eleganz des Jasmins entfaltet sich in jedem Moment \u2013 sanft, harmonisierend und voller nat\u00fcrlicher Sch\u00f6nheit. Am Abend schenkt sein Duft Ruhe und Gelassenheit, am Morgen belebt er die Sinne und begleitet dich mit Leichtigkeit in den Tag. Ein Hauch Jasmin erf\u00fcllt den Raum mit Frieden, [&hellip;]<\/p>\n<p><a class=\"read-more\" href=\"https:\/\/www.bynaldis-shop.com\/?product=jasmin\">Mehr lesen<span class=\"meta-nav\">&rarr;<\/span><\/a><\/p>\n","protected":false},"featured_media":8084,"template":"","meta":[],"product_brand":[],"product_cat":[251],"product_tag":[],"class_list":{"0":"post-7952","1":"product","2":"type-product","3":"status-publish","4":"has-post-thumbnail","6":"product_cat-je-sorte-10-stueck","8":"first","9":"instock","10":"taxable","11":"shipping-taxable","12":"purchasable","13":"product-type-simple"},"_links":{"self":[{"href":"https:\/\/www.bynaldis-shop.com\/index.php?rest_route=\/wp\/v2\/product\/7952","targetHints":{"allow":["GET"]}}],"collection":[{"href":"https:\/\/www.bynaldis-shop.com\/index.php?rest_route=\/wp\/v2\/product"}],"about":[{"href":"https:\/\/www.bynaldis-shop.com\/index.php?rest_route=\/wp\/v2\/types\/product"}],"wp:featuredmedia":[{"embeddable":true,"href":"https:\/\/www.bynaldis-shop.com\/index.php?rest_route=\/wp\/v2\/media\/8084"}],"wp:attachment":[{"href":"https:\/\/www.bynaldis-shop.com\/index.php?rest_route=%2Fwp%2Fv2%2Fmedia&parent=7952"}],"wp:term":[{"taxonomy":"product_brand","embeddable":true,"href":"https:\/\/www.bynaldis-shop.com\/index.php?rest_route=%2Fwp%2Fv2%2Fproduct_brand&post=7952"},{"taxonomy":"product_cat","embeddable":true,"href":"https:\/\/www.bynaldis-shop.com\/index.php?rest_route=%2Fwp%2Fv2%2Fproduct_cat&post=7952"},{"taxonomy":"product_tag","embeddable":true,"href":"https:\/\/www.bynaldis-shop.com\/index.php?rest_route=%2Fwp%2Fv2%2Fproduct_tag&post=7952"}],"curies":[{"name":"wp","href":"https:\/\/api.w.org\/{rel}","templated":true}]}}