{"id":7951,"date":"2024-03-11T11:39:45","date_gmt":"2024-03-11T10:39:45","guid":{"rendered":"https:\/\/www.bynaldis-shop.com\/?post_type=product&#038;p=7951"},"modified":"2025-10-28T11:45:21","modified_gmt":"2025-10-28T10:45:21","slug":"tibet-lotus","status":"publish","type":"product","link":"https:\/\/www.bynaldis-shop.com\/?product=tibet-lotus","title":{"rendered":"Tibet Lotus R\u00e4ucherst\u00e4bchen \u2013 Stille. Tiefe. Hingabe"},"content":{"rendered":"<h3 data-start=\"204\" data-end=\"265\">Tibet Lotus R\u00e4ucherst\u00e4bchen \u2013 Stille. Tiefe. Hingabe.<\/h3>\n<p data-start=\"267\" data-end=\"527\">Die <strong data-start=\"271\" data-end=\"286\">Tibet Lotus<\/strong> R\u00e4ucherst\u00e4bchen sind eine sanfte, wohltuende Begleitung f\u00fcr <strong data-start=\"347\" data-end=\"384\">Meditation, Gebet und Achtsamkeit<\/strong>. Ihr feiner, floraler Duft umh\u00fcllt die Sinne und unterst\u00fctzt das Eintauchen in die eigene Gedanken- und Gef\u00fchlswelt \u2013 still, kl\u00e4rend und tief.<\/p>\n<p data-start=\"529\" data-end=\"775\">In buddhistischen Tempeln werden sie auch rituell verwendet: <strong data-start=\"590\" data-end=\"636\">als Zeichen des Gebets oder der Danksagung<\/strong>, indem man sie achtsam vom Kopf zum Herzen f\u00fchrt und dann in einem sandgef\u00fcllten Gef\u00e4\u00df ruhen l\u00e4sst \u2013 dort d\u00fcrfen sie in Stille verglimmen.<\/p>\n<p data-start=\"777\" data-end=\"990\"><strong data-start=\"777\" data-end=\"797\">\u2728 Eigenschaften:<\/strong><br data-start=\"797\" data-end=\"800\" \/>\u2013 Feiner, meditativer Duft mit Lotus-Note \ud83c\udf38<br data-start=\"844\" data-end=\"847\" \/>\u2013 Ideal f\u00fcr Meditation, Gebet &amp; stille Rituale<br data-start=\"893\" data-end=\"896\" \/>\u2013 Spirituelles Werkzeug zur Zentrierung &amp; Einkehr<\/p>\n<p data-start=\"992\" data-end=\"1066\">Ein Duft wie ein stilles Gebet \u2013 <strong data-start=\"1025\" data-end=\"1062\">verbindend, kl\u00e4rend und lichtvoll<\/strong>. \ud83d\ude4f<\/p>\n<p data-start=\"992\" data-end=\"1066\">Neben diesen R\u00e4ucherst\u00e4bchen gibt es bei uns noch viele weitere wundersch\u00f6ne D\u00fcfte. Einzeln oder in praktischen Packungen, die darauf warten, von dir entdeckt zu werden. Von sanft blumig bis warm und erdig ist f\u00fcr jeden Moment das Passende dabei. Und damit dein R\u00e4uchererlebnis vollkommen wird, findest du bei uns auch liebevoll gestaltete R\u00e4ucherst\u00e4bchenhalter. Ob f\u00fcr dich selbst oder als besonderes Geschenk f\u00fcr einen lieben Menschen. Unsere R\u00e4ucherst\u00e4bchen bringen Freude und Wohlgef\u00fchl in jeden Raum.<\/p>\n","protected":false},"excerpt":{"rendered":"<p>Tibet Lotus R\u00e4ucherst\u00e4bchen \u2013 Stille. Tiefe. Hingabe. Die Tibet Lotus R\u00e4ucherst\u00e4bchen sind eine sanfte, wohltuende Begleitung f\u00fcr Meditation, Gebet und Achtsamkeit. Ihr feiner, floraler Duft umh\u00fcllt die Sinne und unterst\u00fctzt das Eintauchen in die eigene Gedanken- und Gef\u00fchlswelt \u2013 still, kl\u00e4rend und tief. In buddhistischen Tempeln werden sie auch rituell verwendet: als Zeichen des Gebets [&hellip;]<\/p>\n<p><a class=\"read-more\" href=\"https:\/\/www.bynaldis-shop.com\/?product=tibet-lotus\">Mehr lesen<span class=\"meta-nav\">&rarr;<\/span><\/a><\/p>\n","protected":false},"featured_media":8084,"template":"","meta":[],"product_brand":[],"product_cat":[251],"product_tag":[],"class_list":{"0":"post-7951","1":"product","2":"type-product","3":"status-publish","4":"has-post-thumbnail","6":"product_cat-je-sorte-10-stueck","8":"first","9":"instock","10":"taxable","11":"shipping-taxable","12":"purchasable","13":"product-type-simple"},"_links":{"self":[{"href":"https:\/\/www.bynaldis-shop.com\/index.php?rest_route=\/wp\/v2\/product\/7951","targetHints":{"allow":["GET"]}}],"collection":[{"href":"https:\/\/www.bynaldis-shop.com\/index.php?rest_route=\/wp\/v2\/product"}],"about":[{"href":"https:\/\/www.bynaldis-shop.com\/index.php?rest_route=\/wp\/v2\/types\/product"}],"wp:featuredmedia":[{"embeddable":true,"href":"https:\/\/www.bynaldis-shop.com\/index.php?rest_route=\/wp\/v2\/media\/8084"}],"wp:attachment":[{"href":"https:\/\/www.bynaldis-shop.com\/index.php?rest_route=%2Fwp%2Fv2%2Fmedia&parent=7951"}],"wp:term":[{"taxonomy":"product_brand","embeddable":true,"href":"https:\/\/www.bynaldis-shop.com\/index.php?rest_route=%2Fwp%2Fv2%2Fproduct_brand&post=7951"},{"taxonomy":"product_cat","embeddable":true,"href":"https:\/\/www.bynaldis-shop.com\/index.php?rest_route=%2Fwp%2Fv2%2Fproduct_cat&post=7951"},{"taxonomy":"product_tag","embeddable":true,"href":"https:\/\/www.bynaldis-shop.com\/index.php?rest_route=%2Fwp%2Fv2%2Fproduct_tag&post=7951"}],"curies":[{"name":"wp","href":"https:\/\/api.w.org\/{rel}","templated":true}]}}