{"id":7949,"date":"2024-03-11T11:38:59","date_gmt":"2024-03-11T10:38:59","guid":{"rendered":"https:\/\/www.bynaldis-shop.com\/?post_type=product&#038;p=7949"},"modified":"2025-10-28T11:45:55","modified_gmt":"2025-10-28T10:45:55","slug":"astral-sandel","status":"publish","type":"product","link":"https:\/\/www.bynaldis-shop.com\/?product=astral-sandel","title":{"rendered":"Astral Sandal R\u00e4ucherst\u00e4bchen \u2013 Sanft. Klar. Inspirierend"},"content":{"rendered":"<h3 data-start=\"168\" data-end=\"233\">Astral Sandal R\u00e4ucherst\u00e4bchen \u2013 Sanft. Klar. Inspirierend.<\/h3>\n<p data-start=\"235\" data-end=\"426\">Mit ihrem sanften, holzigen Duft verstr\u00f6men die <strong data-start=\"283\" data-end=\"316\">Astral Sandal R\u00e4ucherst\u00e4bchen<\/strong> die wohltuende Tiefe des <strong data-start=\"342\" data-end=\"358\">Sandelholzes<\/strong> \u2013 ein Aroma, das beruhigt, kl\u00e4rt und Raum f\u00fcr neue Gedanken \u00f6ffnet.<\/p>\n<p data-start=\"428\" data-end=\"580\">Die dezente Pr\u00e4senz dieser R\u00e4ucherst\u00e4bchen schafft eine <strong data-start=\"484\" data-end=\"517\">ruhige, meditative Atmosph\u00e4re<\/strong> \u2013 ideal zum Innehalten, Tr\u00e4umen oder einfach zum Entspannen.<\/p>\n<p data-start=\"582\" data-end=\"783\"><strong data-start=\"582\" data-end=\"602\">\u2728 Eigenschaften:<\/strong><br data-start=\"602\" data-end=\"605\" \/>\u2013 Reines, warmes Sandelholz-Aroma<br data-start=\"638\" data-end=\"641\" \/>\u2013 Wirkt kl\u00e4rend, beruhigend &amp; inspirierend<br data-start=\"683\" data-end=\"686\" \/>\u2013 Perfekt f\u00fcr Meditation, R\u00fcckzug &amp; kreative Rituale<\/p>\n<p data-start=\"785\" data-end=\"859\">Ein Duft wie ein stiller Begleiter \u2013 <strong data-start=\"822\" data-end=\"852\">erdend, lichtvoll und tief<\/strong>. \ud83c\udf33\ud83d\udd4a\ufe0f<\/p>\n<p data-start=\"785\" data-end=\"859\">Neben diesen R\u00e4ucherst\u00e4bchen gibt es bei uns noch viele weitere wundersch\u00f6ne D\u00fcfte. Einzeln oder in praktischen Packungen, die darauf warten, von dir entdeckt zu werden. Von sanft blumig bis warm und erdig ist f\u00fcr jeden Moment das Passende dabei. Und damit dein R\u00e4uchererlebnis vollkommen wird, findest du bei uns auch liebevoll gestaltete R\u00e4ucherst\u00e4bchenhalter. Ob f\u00fcr dich selbst oder als besonderes Geschenk f\u00fcr einen lieben Menschen. Unsere R\u00e4ucherst\u00e4bchen bringen Freude und Wohlgef\u00fchl in jeden Raum.<\/p>\n","protected":false},"excerpt":{"rendered":"<p>Astral Sandal R\u00e4ucherst\u00e4bchen \u2013 Sanft. Klar. Inspirierend. Mit ihrem sanften, holzigen Duft verstr\u00f6men die Astral Sandal R\u00e4ucherst\u00e4bchen die wohltuende Tiefe des Sandelholzes \u2013 ein Aroma, das beruhigt, kl\u00e4rt und Raum f\u00fcr neue Gedanken \u00f6ffnet. Die dezente Pr\u00e4senz dieser R\u00e4ucherst\u00e4bchen schafft eine ruhige, meditative Atmosph\u00e4re \u2013 ideal zum Innehalten, Tr\u00e4umen oder einfach zum Entspannen. \u2728 Eigenschaften:\u2013 [&hellip;]<\/p>\n<p><a class=\"read-more\" href=\"https:\/\/www.bynaldis-shop.com\/?product=astral-sandel\">Mehr lesen<span class=\"meta-nav\">&rarr;<\/span><\/a><\/p>\n","protected":false},"featured_media":8084,"template":"","meta":[],"product_brand":[],"product_cat":[251],"product_tag":[],"class_list":{"0":"post-7949","1":"product","2":"type-product","3":"status-publish","4":"has-post-thumbnail","6":"product_cat-je-sorte-10-stueck","8":"first","9":"instock","10":"taxable","11":"shipping-taxable","12":"purchasable","13":"product-type-simple"},"_links":{"self":[{"href":"https:\/\/www.bynaldis-shop.com\/index.php?rest_route=\/wp\/v2\/product\/7949","targetHints":{"allow":["GET"]}}],"collection":[{"href":"https:\/\/www.bynaldis-shop.com\/index.php?rest_route=\/wp\/v2\/product"}],"about":[{"href":"https:\/\/www.bynaldis-shop.com\/index.php?rest_route=\/wp\/v2\/types\/product"}],"wp:featuredmedia":[{"embeddable":true,"href":"https:\/\/www.bynaldis-shop.com\/index.php?rest_route=\/wp\/v2\/media\/8084"}],"wp:attachment":[{"href":"https:\/\/www.bynaldis-shop.com\/index.php?rest_route=%2Fwp%2Fv2%2Fmedia&parent=7949"}],"wp:term":[{"taxonomy":"product_brand","embeddable":true,"href":"https:\/\/www.bynaldis-shop.com\/index.php?rest_route=%2Fwp%2Fv2%2Fproduct_brand&post=7949"},{"taxonomy":"product_cat","embeddable":true,"href":"https:\/\/www.bynaldis-shop.com\/index.php?rest_route=%2Fwp%2Fv2%2Fproduct_cat&post=7949"},{"taxonomy":"product_tag","embeddable":true,"href":"https:\/\/www.bynaldis-shop.com\/index.php?rest_route=%2Fwp%2Fv2%2Fproduct_tag&post=7949"}],"curies":[{"name":"wp","href":"https:\/\/api.w.org\/{rel}","templated":true}]}}