{"id":7948,"date":"2024-03-11T11:38:38","date_gmt":"2024-03-11T10:38:38","guid":{"rendered":"https:\/\/www.bynaldis-shop.com\/?post_type=product&#038;p=7948"},"modified":"2025-10-28T11:46:11","modified_gmt":"2025-10-28T10:46:11","slug":"elegance","status":"publish","type":"product","link":"https:\/\/www.bynaldis-shop.com\/?product=elegance","title":{"rendered":"Elegance R\u00e4ucherst\u00e4bchen \u2013 Duft der Raffinesse"},"content":{"rendered":"<h3 data-start=\"193\" data-end=\"245\">Elegance R\u00e4ucherst\u00e4bchen \u2013 Duft der Raffinesse<\/h3>\n<p data-start=\"247\" data-end=\"494\">Der edle Duft von <strong data-start=\"265\" data-end=\"277\">Elegance<\/strong> entfaltet eine Atmosph\u00e4re von <strong data-start=\"308\" data-end=\"349\">Opulenz, Stil und zeitloser Sch\u00f6nheit<\/strong>. Mit seiner warmen, feinen Komposition schafft er einen Raum voller Harmonie und Anmut \u2013 wie ein Hauch von Luxus, der leise den Alltag veredelt.<\/p>\n<p data-start=\"496\" data-end=\"696\">Ob bei besonderen Anl\u00e4ssen oder als t\u00e4gliches Ritual: Diese R\u00e4ucherst\u00e4bchen verleihen jedem Moment eine <strong data-start=\"600\" data-end=\"628\">Note von W\u00fcrde und Tiefe<\/strong> und h\u00fcllen dein Zuhause in eine Aura unvergleichlicher <strong data-start=\"684\" data-end=\"695\">Eleganz<\/strong>.<\/p>\n<p data-start=\"698\" data-end=\"895\"><strong data-start=\"698\" data-end=\"718\">\u2728 Eigenschaften:<\/strong><br data-start=\"718\" data-end=\"721\" \/>\u2013 Exquisiter, stilvoller Duft<br data-start=\"750\" data-end=\"753\" \/>\u2013 Ideal f\u00fcr festliche Anl\u00e4sse &amp; besondere Momente<br data-start=\"802\" data-end=\"805\" \/>\u2013 Veredelt Rituale, R\u00e4ume und stille Zeiten<\/p>\n<p data-start=\"897\" data-end=\"973\">Ein Duft wie ein stilles Versprechen \u2013 f\u00fcr alle, die das Sch\u00f6ne lieben.<\/p>\n<p data-start=\"897\" data-end=\"973\">Neben diesen R\u00e4ucherst\u00e4bchen gibt es bei uns noch viele weitere wundersch\u00f6ne D\u00fcfte. Einzeln oder in praktischen Packungen, die darauf warten, von dir entdeckt zu werden. Von sanft blumig bis warm und erdig ist f\u00fcr jeden Moment das Passende dabei. Und damit dein R\u00e4uchererlebnis vollkommen wird, findest du bei uns auch liebevoll gestaltete R\u00e4ucherst\u00e4bchenhalter. Ob f\u00fcr dich selbst oder als besonderes Geschenk f\u00fcr einen lieben Menschen. Unsere R\u00e4ucherst\u00e4bchen bringen Freude und Wohlgef\u00fchl in jeden Raum.<\/p>\n","protected":false},"excerpt":{"rendered":"<p>Elegance R\u00e4ucherst\u00e4bchen \u2013 Duft der Raffinesse Der edle Duft von Elegance entfaltet eine Atmosph\u00e4re von Opulenz, Stil und zeitloser Sch\u00f6nheit. Mit seiner warmen, feinen Komposition schafft er einen Raum voller Harmonie und Anmut \u2013 wie ein Hauch von Luxus, der leise den Alltag veredelt. Ob bei besonderen Anl\u00e4ssen oder als t\u00e4gliches Ritual: Diese R\u00e4ucherst\u00e4bchen verleihen [&hellip;]<\/p>\n<p><a class=\"read-more\" href=\"https:\/\/www.bynaldis-shop.com\/?product=elegance\">Mehr lesen<span class=\"meta-nav\">&rarr;<\/span><\/a><\/p>\n","protected":false},"featured_media":8084,"template":"","meta":[],"product_brand":[],"product_cat":[251],"product_tag":[],"class_list":{"0":"post-7948","1":"product","2":"type-product","3":"status-publish","4":"has-post-thumbnail","6":"product_cat-je-sorte-10-stueck","8":"first","9":"instock","10":"taxable","11":"shipping-taxable","12":"purchasable","13":"product-type-simple"},"_links":{"self":[{"href":"https:\/\/www.bynaldis-shop.com\/index.php?rest_route=\/wp\/v2\/product\/7948","targetHints":{"allow":["GET"]}}],"collection":[{"href":"https:\/\/www.bynaldis-shop.com\/index.php?rest_route=\/wp\/v2\/product"}],"about":[{"href":"https:\/\/www.bynaldis-shop.com\/index.php?rest_route=\/wp\/v2\/types\/product"}],"wp:featuredmedia":[{"embeddable":true,"href":"https:\/\/www.bynaldis-shop.com\/index.php?rest_route=\/wp\/v2\/media\/8084"}],"wp:attachment":[{"href":"https:\/\/www.bynaldis-shop.com\/index.php?rest_route=%2Fwp%2Fv2%2Fmedia&parent=7948"}],"wp:term":[{"taxonomy":"product_brand","embeddable":true,"href":"https:\/\/www.bynaldis-shop.com\/index.php?rest_route=%2Fwp%2Fv2%2Fproduct_brand&post=7948"},{"taxonomy":"product_cat","embeddable":true,"href":"https:\/\/www.bynaldis-shop.com\/index.php?rest_route=%2Fwp%2Fv2%2Fproduct_cat&post=7948"},{"taxonomy":"product_tag","embeddable":true,"href":"https:\/\/www.bynaldis-shop.com\/index.php?rest_route=%2Fwp%2Fv2%2Fproduct_tag&post=7948"}],"curies":[{"name":"wp","href":"https:\/\/api.w.org\/{rel}","templated":true}]}}