{"id":7947,"date":"2024-03-11T11:38:10","date_gmt":"2024-03-11T10:38:10","guid":{"rendered":"https:\/\/www.bynaldis-shop.com\/?post_type=product&#038;p=7947"},"modified":"2025-10-28T11:46:50","modified_gmt":"2025-10-28T10:46:50","slug":"mellow-yellow","status":"publish","type":"product","link":"https:\/\/www.bynaldis-shop.com\/?product=mellow-yellow","title":{"rendered":"Mellow Yellow R\u00e4ucherst\u00e4bchen \u2013 Der Duft der gelben Rose"},"content":{"rendered":"<h3 data-start=\"195\" data-end=\"258\">Mellow Yellow R\u00e4ucherst\u00e4bchen \u2013 Der Duft der gelben Rose<\/h3>\n<p data-start=\"260\" data-end=\"536\"><strong data-start=\"260\" data-end=\"277\">Mellow Yellow<\/strong> verf\u00fchrt mit dem \u00fcppigen, zugleich leichten Duft einer gelben Rose \u2013 zart, sonnig und voller Lebensfreude. Einer der ersten und beliebtesten D\u00fcfte unserer Kollektion, der seit jeher f\u00fcr seine <strong data-start=\"470\" data-end=\"492\">nat\u00fcrliche Eleganz<\/strong> und <strong data-start=\"497\" data-end=\"520\">sanfte Leichtigkeit<\/strong> gesch\u00e4tzt wird.<\/p>\n<p data-start=\"538\" data-end=\"790\">Diese R\u00e4ucherst\u00e4bchen entf\u00fchren dich in eine Welt sinnlicher Aromen und bringen einen Hauch von <strong data-start=\"634\" data-end=\"666\">Exklusivit\u00e4t und Inspiration<\/strong> in deinen Alltag. Ideal f\u00fcr Momente der Ruhe, Kreativit\u00e4t oder einfach, um deinem Zuhause eine besondere Note zu verleihen.<\/p>\n<p data-start=\"792\" data-end=\"994\"><strong data-start=\"792\" data-end=\"812\">\u2728 Eigenschaften:<\/strong><br data-start=\"812\" data-end=\"815\" \/>\u2013 Feiner Rosenduft mit sonniger Leichtigkeit<br data-start=\"859\" data-end=\"862\" \/>\u2013 Handgerollt aus nat\u00fcrlichen Zutaten<br data-start=\"899\" data-end=\"902\" \/>\u2013 Ideal f\u00fcr Meditation, Auszeit &amp; Wohlf\u00fchlr\u00e4ume<\/p>\n<p data-start=\"996\" data-end=\"1080\">Lass dich vom <strong data-start=\"1010\" data-end=\"1034\">Duft der gelben Rose<\/strong> umh\u00fcllen \u2013 sanft, warm und voller Licht.<\/p>\n<p data-start=\"996\" data-end=\"1080\">Neben diesen R\u00e4ucherst\u00e4bchen gibt es bei uns noch viele weitere wundersch\u00f6ne D\u00fcfte. Einzeln oder in praktischen Packungen, die darauf warten, von dir entdeckt zu werden. Von sanft blumig bis warm und erdig ist f\u00fcr jeden Moment das Passende dabei. Und damit dein R\u00e4uchererlebnis vollkommen wird, findest du bei uns auch liebevoll gestaltete R\u00e4ucherst\u00e4bchenhalter. Ob f\u00fcr dich selbst oder als besonderes Geschenk f\u00fcr einen lieben Menschen. Unsere R\u00e4ucherst\u00e4bchen bringen Freude und Wohlgef\u00fchl in jeden Raum.<\/p>\n","protected":false},"excerpt":{"rendered":"<p>Mellow Yellow R\u00e4ucherst\u00e4bchen \u2013 Der Duft der gelben Rose Mellow Yellow verf\u00fchrt mit dem \u00fcppigen, zugleich leichten Duft einer gelben Rose \u2013 zart, sonnig und voller Lebensfreude. Einer der ersten und beliebtesten D\u00fcfte unserer Kollektion, der seit jeher f\u00fcr seine nat\u00fcrliche Eleganz und sanfte Leichtigkeit gesch\u00e4tzt wird. Diese R\u00e4ucherst\u00e4bchen entf\u00fchren dich in eine Welt sinnlicher [&hellip;]<\/p>\n<p><a class=\"read-more\" href=\"https:\/\/www.bynaldis-shop.com\/?product=mellow-yellow\">Mehr lesen<span class=\"meta-nav\">&rarr;<\/span><\/a><\/p>\n","protected":false},"featured_media":8084,"template":"","meta":[],"product_brand":[],"product_cat":[251],"product_tag":[],"class_list":{"0":"post-7947","1":"product","2":"type-product","3":"status-publish","4":"has-post-thumbnail","6":"product_cat-je-sorte-10-stueck","8":"first","9":"instock","10":"taxable","11":"shipping-taxable","12":"purchasable","13":"product-type-simple"},"_links":{"self":[{"href":"https:\/\/www.bynaldis-shop.com\/index.php?rest_route=\/wp\/v2\/product\/7947","targetHints":{"allow":["GET"]}}],"collection":[{"href":"https:\/\/www.bynaldis-shop.com\/index.php?rest_route=\/wp\/v2\/product"}],"about":[{"href":"https:\/\/www.bynaldis-shop.com\/index.php?rest_route=\/wp\/v2\/types\/product"}],"wp:featuredmedia":[{"embeddable":true,"href":"https:\/\/www.bynaldis-shop.com\/index.php?rest_route=\/wp\/v2\/media\/8084"}],"wp:attachment":[{"href":"https:\/\/www.bynaldis-shop.com\/index.php?rest_route=%2Fwp%2Fv2%2Fmedia&parent=7947"}],"wp:term":[{"taxonomy":"product_brand","embeddable":true,"href":"https:\/\/www.bynaldis-shop.com\/index.php?rest_route=%2Fwp%2Fv2%2Fproduct_brand&post=7947"},{"taxonomy":"product_cat","embeddable":true,"href":"https:\/\/www.bynaldis-shop.com\/index.php?rest_route=%2Fwp%2Fv2%2Fproduct_cat&post=7947"},{"taxonomy":"product_tag","embeddable":true,"href":"https:\/\/www.bynaldis-shop.com\/index.php?rest_route=%2Fwp%2Fv2%2Fproduct_tag&post=7947"}],"curies":[{"name":"wp","href":"https:\/\/api.w.org\/{rel}","templated":true}]}}