{"id":7941,"date":"2024-03-11T10:54:44","date_gmt":"2024-03-11T09:54:44","guid":{"rendered":"https:\/\/www.bynaldis-shop.com\/?post_type=product&#038;p=7941"},"modified":"2025-10-14T14:07:16","modified_gmt":"2025-10-14T12:07:16","slug":"home","status":"publish","type":"product","link":"https:\/\/www.bynaldis-shop.com\/?product=home","title":{"rendered":"Home &#8211; Familiengl\u00fcck"},"content":{"rendered":"<p>Ein Baby ist angekommen und das vielleicht sogar in deiner Familie. Ein wahres Gl\u00fcck, welches sich unbeschreiblich anf\u00fchlt. Ein Neuanfang, ein neues Kapitel, in dem Sie Ihre eigene Familie gr\u00fcnden, Ihr eigenes Zuhause schaffen und die Bedeutung von Geborgenheit und Zusammenhalt erfahren.<\/p>\n<p>Diese Figur wird zu einem zeitlosen Geschenk, das die Freude \u00fcber neue Lebensabschnitte und die tiefe Verbundenheit innerhalb der Familie zelebriert. Es ist ein Symbol f\u00fcr das Gl\u00fcck, das entsteht, wenn man sein Zuhause mit den Menschen teilt, die man am meisten liebt.<\/p>\n<p>Die Willow Tree Figur, geh\u00fcllt in einem edlen goldenen Karton mit Federfl\u00fcgeln, sind nicht nur ein Geschenk \u2013 sie sind eine zarte Umarmung. Gef\u00fcllt mit Holzwolle und einem herzlichen Aufkleber, vermitteln sie Botschaften von Herz zu Herz, ein Geschenk, das Liebe und Leichtigkeit tr\u00e4gt.<\/p>\n<p>Lass nun auch St\u00fcck f\u00fcr St\u00fcck einen Willow Tree Engel bei dir einziehen, um dich so t\u00e4glich an die Kraft der Familie und Liebe zu erinnern.<\/p>\n","protected":false},"excerpt":{"rendered":"<p>Ein Baby ist angekommen und das vielleicht sogar in deiner Familie. Ein wahres Gl\u00fcck, welches sich unbeschreiblich anf\u00fchlt. Ein Neuanfang, ein neues Kapitel, in dem Sie Ihre eigene Familie gr\u00fcnden, Ihr eigenes Zuhause schaffen und die Bedeutung von Geborgenheit und Zusammenhalt erfahren. Diese Figur wird zu einem zeitlosen Geschenk, das die Freude \u00fcber neue Lebensabschnitte [&hellip;]<\/p>\n<p><a class=\"read-more\" href=\"https:\/\/www.bynaldis-shop.com\/?product=home\">Mehr lesen<span class=\"meta-nav\">&rarr;<\/span><\/a><\/p>\n","protected":false},"featured_media":8075,"template":"","meta":[],"product_brand":[],"product_cat":[174],"product_tag":[],"class_list":{"0":"post-7941","1":"product","2":"type-product","3":"status-publish","4":"has-post-thumbnail","6":"product_cat-willow-tree","8":"first","9":"instock","10":"taxable","11":"shipping-taxable","12":"purchasable","13":"product-type-simple"},"_links":{"self":[{"href":"https:\/\/www.bynaldis-shop.com\/index.php?rest_route=\/wp\/v2\/product\/7941","targetHints":{"allow":["GET"]}}],"collection":[{"href":"https:\/\/www.bynaldis-shop.com\/index.php?rest_route=\/wp\/v2\/product"}],"about":[{"href":"https:\/\/www.bynaldis-shop.com\/index.php?rest_route=\/wp\/v2\/types\/product"}],"wp:featuredmedia":[{"embeddable":true,"href":"https:\/\/www.bynaldis-shop.com\/index.php?rest_route=\/wp\/v2\/media\/8075"}],"wp:attachment":[{"href":"https:\/\/www.bynaldis-shop.com\/index.php?rest_route=%2Fwp%2Fv2%2Fmedia&parent=7941"}],"wp:term":[{"taxonomy":"product_brand","embeddable":true,"href":"https:\/\/www.bynaldis-shop.com\/index.php?rest_route=%2Fwp%2Fv2%2Fproduct_brand&post=7941"},{"taxonomy":"product_cat","embeddable":true,"href":"https:\/\/www.bynaldis-shop.com\/index.php?rest_route=%2Fwp%2Fv2%2Fproduct_cat&post=7941"},{"taxonomy":"product_tag","embeddable":true,"href":"https:\/\/www.bynaldis-shop.com\/index.php?rest_route=%2Fwp%2Fv2%2Fproduct_tag&post=7941"}],"curies":[{"name":"wp","href":"https:\/\/api.w.org\/{rel}","templated":true}]}}