{"id":7939,"date":"2024-03-11T10:53:34","date_gmt":"2024-03-11T09:53:34","guid":{"rendered":"https:\/\/www.bynaldis-shop.com\/?post_type=product&#038;p=7939"},"modified":"2025-10-14T14:06:33","modified_gmt":"2025-10-14T12:06:33","slug":"blessings","status":"publish","type":"product","link":"https:\/\/www.bynaldis-shop.com\/?product=blessings","title":{"rendered":"Blessings"},"content":{"rendered":"<p>In der Anmut dieser Willow Tree Figur, deren Haarband aus goldgesprenkeltem Glanz die Sch\u00f6nheit des Lebens einf\u00e4ngt, offenbart sich eine zeitlose Botschaft. Diese wundersch\u00f6ne Figur ist eine t\u00e4gliche Erinnerung an all die vielen himmlischen Segensmomente.\u00a0Sie zelebriert den Reichtum der Vielfalt in unserer Welt und erinnert uns daran, dass Segen in den unterschiedlichsten Formen auf uns herabregnet. Diese Figur wird zu einem zeitlosen Zeugnis f\u00fcr die Sch\u00f6nheit der \u00dcberraschungen, die das Leben uns t\u00e4glich schenkt.<\/p>\n<p>Die Willow Tree Figur ist in einem kleinen wei\u00dfen Karton mit goldener Schleife, birgt Fl\u00fcgel aus zartem Gips. Gef\u00fcllt mit Holzwolle, ist er ein Geschenk f\u00fcr jeden Anlass. Ein Aufkleber von Herz zu Herz verleiht diesem himmlischen Pr\u00e4sent eine liebevolle Note.<\/p>\n<p>Lass nun auch St\u00fcck f\u00fcr St\u00fcck einen Willow Tree Engel bei dir einziehen, um dich so t\u00e4glich an die Kraft der Familie und Liebe zu erinnern.<\/p>\n","protected":false},"excerpt":{"rendered":"<p>In der Anmut dieser Willow Tree Figur, deren Haarband aus goldgesprenkeltem Glanz die Sch\u00f6nheit des Lebens einf\u00e4ngt, offenbart sich eine zeitlose Botschaft. Diese wundersch\u00f6ne Figur ist eine t\u00e4gliche Erinnerung an all die vielen himmlischen Segensmomente.\u00a0Sie zelebriert den Reichtum der Vielfalt in unserer Welt und erinnert uns daran, dass Segen in den unterschiedlichsten Formen auf uns [&hellip;]<\/p>\n<p><a class=\"read-more\" href=\"https:\/\/www.bynaldis-shop.com\/?product=blessings\">Mehr lesen<span class=\"meta-nav\">&rarr;<\/span><\/a><\/p>\n","protected":false},"featured_media":8077,"template":"","meta":[],"product_brand":[],"product_cat":[174],"product_tag":[],"class_list":{"0":"post-7939","1":"product","2":"type-product","3":"status-publish","4":"has-post-thumbnail","6":"product_cat-willow-tree","8":"first","9":"instock","10":"taxable","11":"shipping-taxable","12":"purchasable","13":"product-type-simple"},"_links":{"self":[{"href":"https:\/\/www.bynaldis-shop.com\/index.php?rest_route=\/wp\/v2\/product\/7939","targetHints":{"allow":["GET"]}}],"collection":[{"href":"https:\/\/www.bynaldis-shop.com\/index.php?rest_route=\/wp\/v2\/product"}],"about":[{"href":"https:\/\/www.bynaldis-shop.com\/index.php?rest_route=\/wp\/v2\/types\/product"}],"wp:featuredmedia":[{"embeddable":true,"href":"https:\/\/www.bynaldis-shop.com\/index.php?rest_route=\/wp\/v2\/media\/8077"}],"wp:attachment":[{"href":"https:\/\/www.bynaldis-shop.com\/index.php?rest_route=%2Fwp%2Fv2%2Fmedia&parent=7939"}],"wp:term":[{"taxonomy":"product_brand","embeddable":true,"href":"https:\/\/www.bynaldis-shop.com\/index.php?rest_route=%2Fwp%2Fv2%2Fproduct_brand&post=7939"},{"taxonomy":"product_cat","embeddable":true,"href":"https:\/\/www.bynaldis-shop.com\/index.php?rest_route=%2Fwp%2Fv2%2Fproduct_cat&post=7939"},{"taxonomy":"product_tag","embeddable":true,"href":"https:\/\/www.bynaldis-shop.com\/index.php?rest_route=%2Fwp%2Fv2%2Fproduct_tag&post=7939"}],"curies":[{"name":"wp","href":"https:\/\/api.w.org\/{rel}","templated":true}]}}