{"id":7929,"date":"2024-03-11T10:46:14","date_gmt":"2024-03-11T09:46:14","guid":{"rendered":"https:\/\/www.bynaldis-shop.com\/?post_type=product&#038;p=7929"},"modified":"2025-10-14T14:06:04","modified_gmt":"2025-10-14T12:06:04","slug":"imaginative","status":"publish","type":"product","link":"https:\/\/www.bynaldis-shop.com\/?product=imaginative","title":{"rendered":"Imaginative"},"content":{"rendered":"<p>In der zauberhaften Welt verschmelzen hier Fantasie und Gelassenheit in einer Person. In der Ruhe liegt die Kraft und genau da entstehen die sch\u00f6nsten Ideen und vielleicht auch die Erinnerungen unserer W\u00fcnsche. Einfach Sein und genie\u00dfen.<\/p>\n<p>Die Willow Tree Figur ist in einem kleinen wei\u00dfen Karton mit goldener Schleife, birgt Fl\u00fcgel aus zartem Gips. Gef\u00fcllt mit Holzwolle, ist er ein Geschenk f\u00fcr jeden Anlass. Ein Aufkleber von Herz zu Herz verleiht diesem himmlischen Pr\u00e4sent eine liebevolle Note.<\/p>\n<p>Lass nun auch St\u00fcck f\u00fcr St\u00fcck einen Willow Tree Engel bei dir einziehen, um dich so t\u00e4glich an die Kraft der Familie und Liebe zu erinnern.<\/p>\n","protected":false},"excerpt":{"rendered":"<p>In der zauberhaften Welt verschmelzen hier Fantasie und Gelassenheit in einer Person. In der Ruhe liegt die Kraft und genau da entstehen die sch\u00f6nsten Ideen und vielleicht auch die Erinnerungen unserer W\u00fcnsche. Einfach Sein und genie\u00dfen. Die Willow Tree Figur ist in einem kleinen wei\u00dfen Karton mit goldener Schleife, birgt Fl\u00fcgel aus zartem Gips. Gef\u00fcllt [&hellip;]<\/p>\n<p><a class=\"read-more\" href=\"https:\/\/www.bynaldis-shop.com\/?product=imaginative\">Mehr lesen<span class=\"meta-nav\">&rarr;<\/span><\/a><\/p>\n","protected":false},"featured_media":8068,"template":"","meta":[],"product_brand":[],"product_cat":[174],"product_tag":[],"class_list":{"0":"post-7929","1":"product","2":"type-product","3":"status-publish","4":"has-post-thumbnail","6":"product_cat-willow-tree","8":"first","9":"instock","10":"taxable","11":"shipping-taxable","12":"purchasable","13":"product-type-simple"},"_links":{"self":[{"href":"https:\/\/www.bynaldis-shop.com\/index.php?rest_route=\/wp\/v2\/product\/7929","targetHints":{"allow":["GET"]}}],"collection":[{"href":"https:\/\/www.bynaldis-shop.com\/index.php?rest_route=\/wp\/v2\/product"}],"about":[{"href":"https:\/\/www.bynaldis-shop.com\/index.php?rest_route=\/wp\/v2\/types\/product"}],"wp:featuredmedia":[{"embeddable":true,"href":"https:\/\/www.bynaldis-shop.com\/index.php?rest_route=\/wp\/v2\/media\/8068"}],"wp:attachment":[{"href":"https:\/\/www.bynaldis-shop.com\/index.php?rest_route=%2Fwp%2Fv2%2Fmedia&parent=7929"}],"wp:term":[{"taxonomy":"product_brand","embeddable":true,"href":"https:\/\/www.bynaldis-shop.com\/index.php?rest_route=%2Fwp%2Fv2%2Fproduct_brand&post=7929"},{"taxonomy":"product_cat","embeddable":true,"href":"https:\/\/www.bynaldis-shop.com\/index.php?rest_route=%2Fwp%2Fv2%2Fproduct_cat&post=7929"},{"taxonomy":"product_tag","embeddable":true,"href":"https:\/\/www.bynaldis-shop.com\/index.php?rest_route=%2Fwp%2Fv2%2Fproduct_tag&post=7929"}],"curies":[{"name":"wp","href":"https:\/\/api.w.org\/{rel}","templated":true}]}}