{"id":7916,"date":"2024-02-27T16:51:07","date_gmt":"2024-02-27T15:51:07","guid":{"rendered":"https:\/\/www.bynaldis-shop.com\/?post_type=product&#038;p=7916"},"modified":"2025-10-28T11:49:46","modified_gmt":"2025-10-28T10:49:46","slug":"muschel-abalone-mittelgross","status":"publish","type":"product","link":"https:\/\/www.bynaldis-shop.com\/?product=muschel-abalone-mittelgross","title":{"rendered":"Abalone-Muschel \u2013 R\u00e4ucherschale der Elemente"},"content":{"rendered":"<h3 data-start=\"221\" data-end=\"272\">\ud83d\udc1a Abalone-Muschel \u2013 R\u00e4ucherschale der Elemente<\/h3>\n<p data-start=\"274\" data-end=\"597\">Die Abalone-Muschel ist ein traditionelles, kraftvolles <strong data-start=\"330\" data-end=\"348\">R\u00e4ucherutensil<\/strong> aus der schamanischen Praxis und wird besonders gern beim Verr\u00e4uchern von <strong data-start=\"423\" data-end=\"440\">wei\u00dfem Salbei<\/strong> verwendet. Ihre schimmernde Oberfl\u00e4che und nat\u00fcrliche Form bringen die Kraft des Meeres direkt in dein Ritual und schaffen eine besondere, tiefe Atmosph\u00e4re.<\/p>\n<p data-start=\"599\" data-end=\"924\"><strong data-start=\"599\" data-end=\"630\">Jede Muschel ist ein Unikat<\/strong> \u2013 mit unregelm\u00e4\u00dfigen Kanten, kleinen Absplitterungen und dunklen Flecken im Perlmutt, die ihre <strong data-start=\"726\" data-end=\"766\">urspr\u00fcngliche Sch\u00f6nheit und Echtheit<\/strong> unterstreichen. Als Naturprodukt stammt sie direkt aus dem Ozean und vereint das <strong data-start=\"848\" data-end=\"866\">Element Wasser<\/strong> mit Feuer, Erde, Luft und Raum \u2013 ein Symbol der Ganzheit.<\/p>\n<p data-start=\"926\" data-end=\"1091\">Ob f\u00fcr Reinigungsrituale, Meditation oder einfach als besonderes Deko-Objekt mit spiritueller Kraft: Die Abalone-Muschel begleitet dich sanft und kraftvoll zugleich.<\/p>\n<p data-start=\"1093\" data-end=\"1369\"><strong data-start=\"1093\" data-end=\"1107\">\u2728 Details:<\/strong><br data-start=\"1107\" data-end=\"1110\" \/>\u2013 Original Abalone-Muschel, naturbelassen<br data-start=\"1151\" data-end=\"1154\" \/>\u2013 Ideal zum R\u00e4uchern von wei\u00dfen Salbei-Sticks &amp; Kr\u00e4utern<br data-start=\"1210\" data-end=\"1213\" \/>\u2013 Jedes St\u00fcck ein Einzelst\u00fcck aus dem Meer \ud83c\udf0a<br data-start=\"1258\" data-end=\"1261\" \/>\u2013 Gr\u00f6\u00dfe, Form &amp; Farbspiel variieren \u2013 Natur pur<br data-start=\"1308\" data-end=\"1311\" \/>\u2013 Kann unebene R\u00e4nder &amp; kleine Absplitterungen aufweisen<\/p>\n<p data-start=\"1371\" data-end=\"1479\"><strong data-start=\"1371\" data-end=\"1383\">Hinweis:<\/strong> Da es sich um ein Naturprodukt handelt, kann die gelieferte Muschel vom Bildmaterial abweichen.<\/p>\n<p data-start=\"1481\" data-end=\"1551\">Lass dich vom Duft des Meeres und der Kraft der Elemente begleiten. \ud83c\udf00<\/p>\n","protected":false},"excerpt":{"rendered":"<p>\ud83d\udc1a Abalone-Muschel \u2013 R\u00e4ucherschale der Elemente Die Abalone-Muschel ist ein traditionelles, kraftvolles R\u00e4ucherutensil aus der schamanischen Praxis und wird besonders gern beim Verr\u00e4uchern von wei\u00dfem Salbei verwendet. Ihre schimmernde Oberfl\u00e4che und nat\u00fcrliche Form bringen die Kraft des Meeres direkt in dein Ritual und schaffen eine besondere, tiefe Atmosph\u00e4re. Jede Muschel ist ein Unikat \u2013 mit [&hellip;]<\/p>\n<p><a class=\"read-more\" href=\"https:\/\/www.bynaldis-shop.com\/?product=muschel-abalone-mittelgross\">Mehr lesen<span class=\"meta-nav\">&rarr;<\/span><\/a><\/p>\n","protected":false},"featured_media":7839,"template":"","meta":[],"product_brand":[],"product_cat":[248],"product_tag":[],"class_list":{"0":"post-7916","1":"product","2":"type-product","3":"status-publish","4":"has-post-thumbnail","6":"product_cat-salbei-zubehoer","8":"first","9":"instock","10":"taxable","11":"shipping-taxable","12":"purchasable","13":"product-type-simple"},"_links":{"self":[{"href":"https:\/\/www.bynaldis-shop.com\/index.php?rest_route=\/wp\/v2\/product\/7916","targetHints":{"allow":["GET"]}}],"collection":[{"href":"https:\/\/www.bynaldis-shop.com\/index.php?rest_route=\/wp\/v2\/product"}],"about":[{"href":"https:\/\/www.bynaldis-shop.com\/index.php?rest_route=\/wp\/v2\/types\/product"}],"wp:featuredmedia":[{"embeddable":true,"href":"https:\/\/www.bynaldis-shop.com\/index.php?rest_route=\/wp\/v2\/media\/7839"}],"wp:attachment":[{"href":"https:\/\/www.bynaldis-shop.com\/index.php?rest_route=%2Fwp%2Fv2%2Fmedia&parent=7916"}],"wp:term":[{"taxonomy":"product_brand","embeddable":true,"href":"https:\/\/www.bynaldis-shop.com\/index.php?rest_route=%2Fwp%2Fv2%2Fproduct_brand&post=7916"},{"taxonomy":"product_cat","embeddable":true,"href":"https:\/\/www.bynaldis-shop.com\/index.php?rest_route=%2Fwp%2Fv2%2Fproduct_cat&post=7916"},{"taxonomy":"product_tag","embeddable":true,"href":"https:\/\/www.bynaldis-shop.com\/index.php?rest_route=%2Fwp%2Fv2%2Fproduct_tag&post=7916"}],"curies":[{"name":"wp","href":"https:\/\/api.w.org\/{rel}","templated":true}]}}