{"id":7791,"date":"2024-02-21T12:03:04","date_gmt":"2024-02-21T11:03:04","guid":{"rendered":"https:\/\/www.bynaldis-shop.com\/?post_type=product&#038;p=7791"},"modified":"2025-10-14T13:59:59","modified_gmt":"2025-10-14T11:59:59","slug":"engel-26","status":"publish","type":"product","link":"https:\/\/www.bynaldis-shop.com\/?product=engel-26","title":{"rendered":"Filzengel auf rosa Kugel \u2013 Himmlisch leicht &#038; still verbunden"},"content":{"rendered":"<h3 data-start=\"233\" data-end=\"301\">Filzengel auf rosa Kugel \u2013 Himmlisch leicht &amp; still verbunden<\/h3>\n<p data-start=\"303\" data-end=\"573\">Dieser zarte Filzengel ruht auf einer sanft schimmernden <strong data-start=\"360\" data-end=\"374\">rosa Kugel<\/strong> \u2013 mit einem schneewei\u00dfen Kleid aus M\u00e4rchenwolle und einer ruhigen, liebevollen Ausstrahlung. <strong data-start=\"468\" data-end=\"495\">Zum Aufh\u00e4ngen gefertigt<\/strong>, scheint er schwerelos zu schweben, w\u00e4hrend er still \u00fcber den Dingen wacht.<\/p>\n<p data-start=\"575\" data-end=\"749\">Ob als Dekoration im Fenster, \u00fcber dem Kinderbett oder als zartes Symbol des Trostes und Lichts \u2013 dieser Engel schenkt einen Hauch von Himmel und das Gef\u00fchl: <em data-start=\"733\" data-end=\"749\">Alles ist gut.<\/em><\/p>\n<p data-start=\"751\" data-end=\"1025\"><strong data-start=\"751\" data-end=\"765\">\u2728 Details:<\/strong><br data-start=\"765\" data-end=\"768\" \/>\u2013 \ud83e\uddf5 Handgefilzter Engel aus M\u00e4rchenwolle<br data-start=\"809\" data-end=\"812\" \/>\u2013 \ud83e\udd0d Wei\u00dfes Kleid mit klarer, schlichter Form<br data-start=\"857\" data-end=\"860\" \/>\u2013 \ud83c\udf38 Sitzend auf einer rosa Kugel<br data-start=\"893\" data-end=\"896\" \/>\u2013 \ud83d\udd17 Mit Aufh\u00e4ngung \u2013 schwebend und ruhig<br data-start=\"977\" data-end=\"980\" data-is-only-node=\"\" \/>\u2013 \ud83c\udf1f Jedes St\u00fcck ein handgefertigtes Unikat<\/p>\n<p data-start=\"1027\" data-end=\"1097\">Ein stiller Himmelsbote \u2013 leicht, besch\u00fctzend und voller Sanftheit. \ud83e\udd0d<\/p>\n","protected":false},"excerpt":{"rendered":"<p>Filzengel auf rosa Kugel \u2013 Himmlisch leicht &amp; still verbunden Dieser zarte Filzengel ruht auf einer sanft schimmernden rosa Kugel \u2013 mit einem schneewei\u00dfen Kleid aus M\u00e4rchenwolle und einer ruhigen, liebevollen Ausstrahlung. Zum Aufh\u00e4ngen gefertigt, scheint er schwerelos zu schweben, w\u00e4hrend er still \u00fcber den Dingen wacht. Ob als Dekoration im Fenster, \u00fcber dem Kinderbett [&hellip;]<\/p>\n<p><a class=\"read-more\" href=\"https:\/\/www.bynaldis-shop.com\/?product=engel-26\">Mehr lesen<span class=\"meta-nav\">&rarr;<\/span><\/a><\/p>\n","protected":false},"featured_media":7792,"template":"","meta":[],"product_brand":[],"product_cat":[291,173],"product_tag":[],"class_list":{"0":"post-7791","1":"product","2":"type-product","3":"status-publish","4":"has-post-thumbnail","6":"product_cat-engel-fuer-kleine-herzen","7":"product_cat-filzengel","9":"first","10":"instock","11":"taxable","12":"shipping-taxable","13":"purchasable","14":"product-type-simple"},"_links":{"self":[{"href":"https:\/\/www.bynaldis-shop.com\/index.php?rest_route=\/wp\/v2\/product\/7791","targetHints":{"allow":["GET"]}}],"collection":[{"href":"https:\/\/www.bynaldis-shop.com\/index.php?rest_route=\/wp\/v2\/product"}],"about":[{"href":"https:\/\/www.bynaldis-shop.com\/index.php?rest_route=\/wp\/v2\/types\/product"}],"wp:featuredmedia":[{"embeddable":true,"href":"https:\/\/www.bynaldis-shop.com\/index.php?rest_route=\/wp\/v2\/media\/7792"}],"wp:attachment":[{"href":"https:\/\/www.bynaldis-shop.com\/index.php?rest_route=%2Fwp%2Fv2%2Fmedia&parent=7791"}],"wp:term":[{"taxonomy":"product_brand","embeddable":true,"href":"https:\/\/www.bynaldis-shop.com\/index.php?rest_route=%2Fwp%2Fv2%2Fproduct_brand&post=7791"},{"taxonomy":"product_cat","embeddable":true,"href":"https:\/\/www.bynaldis-shop.com\/index.php?rest_route=%2Fwp%2Fv2%2Fproduct_cat&post=7791"},{"taxonomy":"product_tag","embeddable":true,"href":"https:\/\/www.bynaldis-shop.com\/index.php?rest_route=%2Fwp%2Fv2%2Fproduct_tag&post=7791"}],"curies":[{"name":"wp","href":"https:\/\/api.w.org\/{rel}","templated":true}]}}