{"id":7667,"date":"2024-02-17T16:41:27","date_gmt":"2024-02-17T15:41:27","guid":{"rendered":"https:\/\/www.bynaldis-shop.com\/?post_type=product&#038;p=7667"},"modified":"2025-10-14T13:00:53","modified_gmt":"2025-10-14T11:00:53","slug":"thoughtful-child","status":"publish","type":"product","link":"https:\/\/www.bynaldis-shop.com\/?product=thoughtful-child","title":{"rendered":"Thoughtful Child"},"content":{"rendered":"<p>In der zarten Ausstrahlung der Willow Tree Figur Thoughtful Child spiegelt sich die ruhige und besinnliche Natur eines Kindes wider in diesem Fall, ein M\u00e4dchen. Jeder handbemalte Strich und jede Schnitzerei erz\u00e4hlt die Geschichte von stillen Momenten der Reflexion und inneren Ruhe und der Vielschichtigkeit von Kindern. Nicht nur ihre temperamentvolle und lebendige Seite, sondern auch ihre nachdenkliche und besinnliche Natur. Manchmal erfreuen sich Eltern daran, wenn ihr Kind in ruhiger Atmosph\u00e4re verweilt und einfach bei sich Selbst ist.<\/p>\n<p>Die liebevoll gestaltete Figur vermittelt eine Botschaft von innerer Ruhe und Selbstreflexion. Ein Symbol f\u00fcr die kostbaren Augenblicke, in denen Kinder ihre Welt mit Bedacht betrachten. M\u00f6ge diese Figur die Vielfalt der kindlichen Seele einfangen und in ihrer Sch\u00f6nheit einen Platz in den Herzen derjenigen finden, die ihre zarte Ausstrahlung sch\u00e4tzen.<\/p>\n<p>Die Willow Tree Figur in einem kleinen wei\u00dfen Karton mit goldener Schleife, birgt Fl\u00fcgel aus zartem Gips. Gef\u00fcllt mit Holzwolle, ist er ein Geschenk f\u00fcr jeden Anlass. Ein Aufkleber von Herz zu Herz verleiht diesem himmlischen Pr\u00e4sent eine liebevolle Note.<\/p>\n<p>Ma\u00dfe:7,5cm<\/p>\n","protected":false},"excerpt":{"rendered":"<p>In der zarten Ausstrahlung der Willow Tree Figur Thoughtful Child spiegelt sich die ruhige und besinnliche Natur eines Kindes wider in diesem Fall, ein M\u00e4dchen. Jeder handbemalte Strich und jede Schnitzerei erz\u00e4hlt die Geschichte von stillen Momenten der Reflexion und inneren Ruhe und der Vielschichtigkeit von Kindern. Nicht nur ihre temperamentvolle und lebendige Seite, sondern [&hellip;]<\/p>\n<p><a class=\"read-more\" href=\"https:\/\/www.bynaldis-shop.com\/?product=thoughtful-child\">Mehr lesen<span class=\"meta-nav\">&rarr;<\/span><\/a><\/p>\n","protected":false},"featured_media":7668,"template":"","meta":[],"product_brand":[],"product_cat":[174],"product_tag":[],"class_list":{"0":"post-7667","1":"product","2":"type-product","3":"status-publish","4":"has-post-thumbnail","6":"product_cat-willow-tree","8":"first","9":"instock","10":"taxable","11":"shipping-taxable","12":"purchasable","13":"product-type-simple"},"_links":{"self":[{"href":"https:\/\/www.bynaldis-shop.com\/index.php?rest_route=\/wp\/v2\/product\/7667","targetHints":{"allow":["GET"]}}],"collection":[{"href":"https:\/\/www.bynaldis-shop.com\/index.php?rest_route=\/wp\/v2\/product"}],"about":[{"href":"https:\/\/www.bynaldis-shop.com\/index.php?rest_route=\/wp\/v2\/types\/product"}],"wp:featuredmedia":[{"embeddable":true,"href":"https:\/\/www.bynaldis-shop.com\/index.php?rest_route=\/wp\/v2\/media\/7668"}],"wp:attachment":[{"href":"https:\/\/www.bynaldis-shop.com\/index.php?rest_route=%2Fwp%2Fv2%2Fmedia&parent=7667"}],"wp:term":[{"taxonomy":"product_brand","embeddable":true,"href":"https:\/\/www.bynaldis-shop.com\/index.php?rest_route=%2Fwp%2Fv2%2Fproduct_brand&post=7667"},{"taxonomy":"product_cat","embeddable":true,"href":"https:\/\/www.bynaldis-shop.com\/index.php?rest_route=%2Fwp%2Fv2%2Fproduct_cat&post=7667"},{"taxonomy":"product_tag","embeddable":true,"href":"https:\/\/www.bynaldis-shop.com\/index.php?rest_route=%2Fwp%2Fv2%2Fproduct_tag&post=7667"}],"curies":[{"name":"wp","href":"https:\/\/api.w.org\/{rel}","templated":true}]}}