{"id":7651,"date":"2024-02-17T16:22:43","date_gmt":"2024-02-17T15:22:43","guid":{"rendered":"https:\/\/www.bynaldis-shop.com\/?post_type=product&#038;p=7651"},"modified":"2025-10-14T12:59:20","modified_gmt":"2025-10-14T10:59:20","slug":"heart","status":"publish","type":"product","link":"https:\/\/www.bynaldis-shop.com\/?product=heart","title":{"rendered":"Heart"},"content":{"rendered":"<p>In deiner N\u00e4he bl\u00fcht die Liebe wie ein zartes Bl\u00fctenblatt, festgehalten in der Willow Tree Figur Heart. Das goldene Herz, Symbol unserer ewigen Verbundenheit, strahlt zwischen uns. Du bist f\u00fcr immer in meinem Herzen, eingewoben in diese kunstvoll gestaltete Skulptur, eine Liebeserkl\u00e4rung, die \u00fcber die Zeit hinaus erklingt. Du, mein Goldschatz, mein goldenes Herz, meine Liebe. Diese Figur wird stets ihre z\u00e4rtliche Botschaft bewahren.<\/p>\n<p>Inmitten des Alltags erinnert sie uns daran, dass du f\u00fcr immer mein Goldschatz bist, eine Wertsch\u00e4tzung, eine Liebeserkl\u00e4rung, die nicht verblasst. Ein Geschenk, um die Flamme der Liebe wieder aufleben zu lassen, sei es f\u00fcr Verliebte oder langj\u00e4hrige Ehepartner oder Kinder . M\u00f6ge diese Figur uns an die Magie erinnern, die in kleinen Momenten und liebevollen Gesten liegt.<\/p>\n<p>Die Willow Tree Figur in einem kleinen wei\u00dfen Karton mit goldener Schleife, birgt Fl\u00fcgel aus zartem Gips. Gef\u00fcllt mit Holzwolle, ist er ein Geschenk f\u00fcr jeden Anlass. Ein Aufkleber von Herz zu Herz verleiht diesem himmlischen Pr\u00e4sent eine liebevolle Note.<\/p>\n<p>Ma\u00dfe:14cm<\/p>\n","protected":false},"excerpt":{"rendered":"<p>In deiner N\u00e4he bl\u00fcht die Liebe wie ein zartes Bl\u00fctenblatt, festgehalten in der Willow Tree Figur Heart. Das goldene Herz, Symbol unserer ewigen Verbundenheit, strahlt zwischen uns. Du bist f\u00fcr immer in meinem Herzen, eingewoben in diese kunstvoll gestaltete Skulptur, eine Liebeserkl\u00e4rung, die \u00fcber die Zeit hinaus erklingt. Du, mein Goldschatz, mein goldenes Herz, meine [&hellip;]<\/p>\n<p><a class=\"read-more\" href=\"https:\/\/www.bynaldis-shop.com\/?product=heart\">Mehr lesen<span class=\"meta-nav\">&rarr;<\/span><\/a><\/p>\n","protected":false},"featured_media":7652,"template":"","meta":[],"product_brand":[],"product_cat":[174],"product_tag":[],"class_list":{"0":"post-7651","1":"product","2":"type-product","3":"status-publish","4":"has-post-thumbnail","6":"product_cat-willow-tree","8":"first","9":"instock","10":"taxable","11":"shipping-taxable","12":"purchasable","13":"product-type-simple"},"_links":{"self":[{"href":"https:\/\/www.bynaldis-shop.com\/index.php?rest_route=\/wp\/v2\/product\/7651","targetHints":{"allow":["GET"]}}],"collection":[{"href":"https:\/\/www.bynaldis-shop.com\/index.php?rest_route=\/wp\/v2\/product"}],"about":[{"href":"https:\/\/www.bynaldis-shop.com\/index.php?rest_route=\/wp\/v2\/types\/product"}],"wp:featuredmedia":[{"embeddable":true,"href":"https:\/\/www.bynaldis-shop.com\/index.php?rest_route=\/wp\/v2\/media\/7652"}],"wp:attachment":[{"href":"https:\/\/www.bynaldis-shop.com\/index.php?rest_route=%2Fwp%2Fv2%2Fmedia&parent=7651"}],"wp:term":[{"taxonomy":"product_brand","embeddable":true,"href":"https:\/\/www.bynaldis-shop.com\/index.php?rest_route=%2Fwp%2Fv2%2Fproduct_brand&post=7651"},{"taxonomy":"product_cat","embeddable":true,"href":"https:\/\/www.bynaldis-shop.com\/index.php?rest_route=%2Fwp%2Fv2%2Fproduct_cat&post=7651"},{"taxonomy":"product_tag","embeddable":true,"href":"https:\/\/www.bynaldis-shop.com\/index.php?rest_route=%2Fwp%2Fv2%2Fproduct_tag&post=7651"}],"curies":[{"name":"wp","href":"https:\/\/api.w.org\/{rel}","templated":true}]}}