{"id":7635,"date":"2024-02-17T15:58:55","date_gmt":"2024-02-17T14:58:55","guid":{"rendered":"https:\/\/www.bynaldis-shop.com\/?post_type=product&#038;p=7635"},"modified":"2025-10-14T12:58:50","modified_gmt":"2025-10-14T10:58:50","slug":"we-are-three-familie","status":"publish","type":"product","link":"https:\/\/www.bynaldis-shop.com\/?product=we-are-three-familie","title":{"rendered":"We are three Familie"},"content":{"rendered":"<p>In einem einzigartigen Tanz des Lebens, waren es einst nur du und ich, und nun sind wir zu Dritt , eine vollkommene Familie, umh\u00fcllt von grenzenlosem Gl\u00fcck!\u00a0Diese Figur verk\u00f6rpert nicht nur die Geburt eines Kindes, sondern die Geburt einer Familie, dass die Freude und das Wachsen einer Familie in all seiner Pracht einf\u00e4ngt. Wer w\u00fcrde nicht gerne diese wertvolle Erinnerung f\u00fcr immer vor Augen haben? Diese Figur erm\u00f6glicht es, den Glanz des gl\u00fccklichen Moments festzuhalten, wenn die Familie sich vergr\u00f6\u00dfert und die Freude \u00fcber das neue Leben explodiert.<\/p>\n<p>Ein wundervolles Geschenk, das nicht nur eine Figur, sondern auch eine zeitlose Erinnerung ist. Handbemalt und geschnitzt, jedes Detail erz\u00e4hlt eine Geschichte von Liebe, Freude und der unvergesslichen Zeit des Wachsens einer Familie. Eine Erinnerung an die Freude des Lebens und die Sch\u00f6nheit des Zusammenwachsens.<\/p>\n<p>Die Willow Tree Figur, geh\u00fcllt in einem edlen goldenen Karton mit Federfl\u00fcgeln, sind nicht nur ein Geschenk, sie sind eine zarte Umarmung. Gef\u00fcllt mit Holzwolle und einem herzlichen Aufkleber, vermitteln sie Botschaften von Herz zu Herz, ein Geschenk, das Liebe und Leichtigkeit tr\u00e4gt.<\/p>\n<p>Ma\u00dfe:22,5cm<\/p>\n","protected":false},"excerpt":{"rendered":"<p>In einem einzigartigen Tanz des Lebens, waren es einst nur du und ich, und nun sind wir zu Dritt , eine vollkommene Familie, umh\u00fcllt von grenzenlosem Gl\u00fcck!\u00a0Diese Figur verk\u00f6rpert nicht nur die Geburt eines Kindes, sondern die Geburt einer Familie, dass die Freude und das Wachsen einer Familie in all seiner Pracht einf\u00e4ngt. Wer w\u00fcrde [&hellip;]<\/p>\n<p><a class=\"read-more\" href=\"https:\/\/www.bynaldis-shop.com\/?product=we-are-three-familie\">Mehr lesen<span class=\"meta-nav\">&rarr;<\/span><\/a><\/p>\n","protected":false},"featured_media":7636,"template":"","meta":[],"product_brand":[],"product_cat":[174],"product_tag":[],"class_list":{"0":"post-7635","1":"product","2":"type-product","3":"status-publish","4":"has-post-thumbnail","6":"product_cat-willow-tree","8":"first","9":"instock","10":"taxable","11":"shipping-taxable","12":"purchasable","13":"product-type-simple"},"_links":{"self":[{"href":"https:\/\/www.bynaldis-shop.com\/index.php?rest_route=\/wp\/v2\/product\/7635","targetHints":{"allow":["GET"]}}],"collection":[{"href":"https:\/\/www.bynaldis-shop.com\/index.php?rest_route=\/wp\/v2\/product"}],"about":[{"href":"https:\/\/www.bynaldis-shop.com\/index.php?rest_route=\/wp\/v2\/types\/product"}],"wp:featuredmedia":[{"embeddable":true,"href":"https:\/\/www.bynaldis-shop.com\/index.php?rest_route=\/wp\/v2\/media\/7636"}],"wp:attachment":[{"href":"https:\/\/www.bynaldis-shop.com\/index.php?rest_route=%2Fwp%2Fv2%2Fmedia&parent=7635"}],"wp:term":[{"taxonomy":"product_brand","embeddable":true,"href":"https:\/\/www.bynaldis-shop.com\/index.php?rest_route=%2Fwp%2Fv2%2Fproduct_brand&post=7635"},{"taxonomy":"product_cat","embeddable":true,"href":"https:\/\/www.bynaldis-shop.com\/index.php?rest_route=%2Fwp%2Fv2%2Fproduct_cat&post=7635"},{"taxonomy":"product_tag","embeddable":true,"href":"https:\/\/www.bynaldis-shop.com\/index.php?rest_route=%2Fwp%2Fv2%2Fproduct_tag&post=7635"}],"curies":[{"name":"wp","href":"https:\/\/api.w.org\/{rel}","templated":true}]}}