{"id":7619,"date":"2024-02-17T13:10:09","date_gmt":"2024-02-17T12:10:09","guid":{"rendered":"https:\/\/www.bynaldis-shop.com\/?post_type=product&#038;p=7619"},"modified":"2025-10-14T12:56:54","modified_gmt":"2025-10-14T10:56:54","slug":"just-for-you","status":"publish","type":"product","link":"https:\/\/www.bynaldis-shop.com\/?product=just-for-you","title":{"rendered":"Just For You"},"content":{"rendered":"<p>Just for You eine Willow Tree Figur, die durch ihre Geste tiefgehende Emotionen und besondere Erinnerungen einf\u00e4ngt. In der zarten Bewegung dieser Figur spiegeln sich Liebe, N\u00e4he, Heilung, Mut und Hoffnung wieder. Eine Symphonie der Gef\u00fchle eines gut gelebten Lebens.<\/p>\n<p>Mit herzlicher Dankbarkeit dr\u00fcckt diese wundervolle Figur ein aufrichtiges &#8222;Dankesch\u00f6n&#8220; aus. Ein Geschenk, das nicht nur die \u00fcblichen Worte verwendet, sondern eine andere, k\u00fcnstlerische Art bietet, Dankbarkeit zu zeigen. Lass diese Skulptur sprechen, wo Worte manchmal fehlen, und schenke sie als Ausdruck der tief empfundenen Dankbarkeit. In ihrem stillen Glanz ruht die F\u00e4higkeit, Gef\u00fchle zu vermitteln und Herzen zu ber\u00fchren, ein zeitloses Geschenk, das \u00fcber Worte hinausgeht.<\/p>\n<p class=\"p1\"><span class=\"s1\">Der Willow Tree Engel, in einem kleinen wei\u00dfen Karton mit goldener Schleife, birgt Fl\u00fcgel aus zartem Gips. Gef\u00fcllt mit Holzwolle, ist er ein Geschenk f\u00fcr jeden Anlass. Ein Aufkleber von Herz zu Herz verleiht diesem himmlischen Pr\u00e4sent eine liebevolle Note.<\/span><\/p>\n<p>Ma\u00dfe:14cm<\/p>\n","protected":false},"excerpt":{"rendered":"<p>Just for You eine Willow Tree Figur, die durch ihre Geste tiefgehende Emotionen und besondere Erinnerungen einf\u00e4ngt. In der zarten Bewegung dieser Figur spiegeln sich Liebe, N\u00e4he, Heilung, Mut und Hoffnung wieder. Eine Symphonie der Gef\u00fchle eines gut gelebten Lebens. Mit herzlicher Dankbarkeit dr\u00fcckt diese wundervolle Figur ein aufrichtiges &#8222;Dankesch\u00f6n&#8220; aus. Ein Geschenk, das nicht [&hellip;]<\/p>\n<p><a class=\"read-more\" href=\"https:\/\/www.bynaldis-shop.com\/?product=just-for-you\">Mehr lesen<span class=\"meta-nav\">&rarr;<\/span><\/a><\/p>\n","protected":false},"featured_media":7722,"template":"","meta":[],"product_brand":[],"product_cat":[174],"product_tag":[],"class_list":{"0":"post-7619","1":"product","2":"type-product","3":"status-publish","4":"has-post-thumbnail","6":"product_cat-willow-tree","8":"first","9":"instock","10":"taxable","11":"shipping-taxable","12":"purchasable","13":"product-type-simple"},"_links":{"self":[{"href":"https:\/\/www.bynaldis-shop.com\/index.php?rest_route=\/wp\/v2\/product\/7619","targetHints":{"allow":["GET"]}}],"collection":[{"href":"https:\/\/www.bynaldis-shop.com\/index.php?rest_route=\/wp\/v2\/product"}],"about":[{"href":"https:\/\/www.bynaldis-shop.com\/index.php?rest_route=\/wp\/v2\/types\/product"}],"wp:featuredmedia":[{"embeddable":true,"href":"https:\/\/www.bynaldis-shop.com\/index.php?rest_route=\/wp\/v2\/media\/7722"}],"wp:attachment":[{"href":"https:\/\/www.bynaldis-shop.com\/index.php?rest_route=%2Fwp%2Fv2%2Fmedia&parent=7619"}],"wp:term":[{"taxonomy":"product_brand","embeddable":true,"href":"https:\/\/www.bynaldis-shop.com\/index.php?rest_route=%2Fwp%2Fv2%2Fproduct_brand&post=7619"},{"taxonomy":"product_cat","embeddable":true,"href":"https:\/\/www.bynaldis-shop.com\/index.php?rest_route=%2Fwp%2Fv2%2Fproduct_cat&post=7619"},{"taxonomy":"product_tag","embeddable":true,"href":"https:\/\/www.bynaldis-shop.com\/index.php?rest_route=%2Fwp%2Fv2%2Fproduct_tag&post=7619"}],"curies":[{"name":"wp","href":"https:\/\/api.w.org\/{rel}","templated":true}]}}