{"id":7576,"date":"2024-02-09T19:57:55","date_gmt":"2024-02-09T18:57:55","guid":{"rendered":"https:\/\/www.bynaldis-shop.com\/?post_type=product&#038;p=7576"},"modified":"2026-04-26T20:30:34","modified_gmt":"2026-04-26T18:30:34","slug":"lieblingsmensch-grau-gold","status":"publish","type":"product","link":"https:\/\/www.bynaldis-shop.com\/?product=lieblingsmensch-grau-gold","title":{"rendered":"Filztasche &#8222;Lieblingsmensch&#8220; grau gold"},"content":{"rendered":"<p>Begib dich auf eine stilvolle Reise mit unserer exquisiten Filzshopper Tasche. Ein ideales Geschenk, das nicht nur das Herz ber\u00fchrt, sondern auch den Alltag mit Eleganz bereichert. Diese Tasche verk\u00f6rpert die Symbiose aus Sch\u00f6nheit und N\u00fctzlichkeit, und in ihrem Inneren verbirgt sich eine mit Klett befestigte Innentasche. Hier findet alles seinen geordneten Platz sei es der Schl\u00fcssel, der Geldbeutel oder andere kostbare Kleinigkeiten.<\/p>\n<p>Ganz gleich, ob du durch den Supermarkt flanierst, die Stadt erkundest, im Sportstudio aktiv bist oder einen Tag am Strand verbringst \u2013 mit dieser Tasche wirst du \u00fcberall bewundernde Blicke ernten.\u00a0Ein Geschenk, das nicht nur Freude schenkt, sondern auch im Alltag unverzichtbar wird. Entdecke die perfekte Balance zwischen Stil und Zweckm\u00e4\u00dfigkeit \u00a0die Filzshopper Tasche, dein liebster Begleiter f\u00fcr alle Anl\u00e4sse.<\/p>\n<p>Produktdetails:<br \/>\n&#8211; 49cm x 39cm x 13,5cm<br \/>\n&#8211; Material: 100% Polyester-Filz<br \/>\n&#8211; Herausnehmbare Tasche innen<br \/>\n&#8211; Griff: 58 cm<\/p>\n","protected":false},"excerpt":{"rendered":"<p>Begib dich auf eine stilvolle Reise mit unserer exquisiten Filzshopper Tasche. Ein ideales Geschenk, das nicht nur das Herz ber\u00fchrt, sondern auch den Alltag mit Eleganz bereichert. Diese Tasche verk\u00f6rpert die Symbiose aus Sch\u00f6nheit und N\u00fctzlichkeit, und in ihrem Inneren verbirgt sich eine mit Klett befestigte Innentasche. Hier findet alles seinen geordneten Platz sei es [&hellip;]<\/p>\n<p><a class=\"read-more\" href=\"https:\/\/www.bynaldis-shop.com\/?product=lieblingsmensch-grau-gold\">Mehr lesen<span class=\"meta-nav\">&rarr;<\/span><\/a><\/p>\n","protected":false},"featured_media":7577,"template":"","meta":[],"product_brand":[],"product_cat":[200],"product_tag":[],"class_list":{"0":"post-7576","1":"product","2":"type-product","3":"status-publish","4":"has-post-thumbnail","6":"product_cat-filztaschen","8":"first","9":"instock","10":"taxable","11":"shipping-taxable","12":"purchasable","13":"product-type-simple"},"_links":{"self":[{"href":"https:\/\/www.bynaldis-shop.com\/index.php?rest_route=\/wp\/v2\/product\/7576","targetHints":{"allow":["GET"]}}],"collection":[{"href":"https:\/\/www.bynaldis-shop.com\/index.php?rest_route=\/wp\/v2\/product"}],"about":[{"href":"https:\/\/www.bynaldis-shop.com\/index.php?rest_route=\/wp\/v2\/types\/product"}],"wp:featuredmedia":[{"embeddable":true,"href":"https:\/\/www.bynaldis-shop.com\/index.php?rest_route=\/wp\/v2\/media\/7577"}],"wp:attachment":[{"href":"https:\/\/www.bynaldis-shop.com\/index.php?rest_route=%2Fwp%2Fv2%2Fmedia&parent=7576"}],"wp:term":[{"taxonomy":"product_brand","embeddable":true,"href":"https:\/\/www.bynaldis-shop.com\/index.php?rest_route=%2Fwp%2Fv2%2Fproduct_brand&post=7576"},{"taxonomy":"product_cat","embeddable":true,"href":"https:\/\/www.bynaldis-shop.com\/index.php?rest_route=%2Fwp%2Fv2%2Fproduct_cat&post=7576"},{"taxonomy":"product_tag","embeddable":true,"href":"https:\/\/www.bynaldis-shop.com\/index.php?rest_route=%2Fwp%2Fv2%2Fproduct_tag&post=7576"}],"curies":[{"name":"wp","href":"https:\/\/api.w.org\/{rel}","templated":true}]}}