{"id":7540,"date":"2024-02-08T19:07:40","date_gmt":"2024-02-08T18:07:40","guid":{"rendered":"https:\/\/www.bynaldis-shop.com\/?post_type=product&#038;p=7540"},"modified":"2025-10-21T16:21:11","modified_gmt":"2025-10-21T14:21:11","slug":"engel-der-gelassenheit","status":"publish","type":"product","link":"https:\/\/www.bynaldis-shop.com\/?product=engel-der-gelassenheit","title":{"rendered":"Engelr\u00e4ucherst\u00e4bchen \u2013 Engel der Gelassenheit"},"content":{"rendered":"<p data-start=\"130\" data-end=\"223\"><strong data-start=\"130\" data-end=\"179\">Engelr\u00e4ucherst\u00e4bchen \u2013 Engel der Gelassenheit<\/strong><br data-start=\"179\" data-end=\"182\" \/><em data-start=\"182\" data-end=\"223\">Innere Ruhe. Zentrierung. Still werden.<\/em><\/p>\n<p data-start=\"225\" data-end=\"459\">Der <strong data-start=\"229\" data-end=\"255\">Engel der Gelassenheit<\/strong> begleitet dich sanft in deine Mitte. Er hilft dir, im Trubel des Alltags durchzuatmen und mit ruhigem Herzen das Leben zu betrachten \u2013 klar, ruhig und mit liebevoller Distanz zu allem, was dich belastet.<\/p>\n<p data-start=\"461\" data-end=\"779\">Die harmonisierende Duftmischung unterst\u00fctzt dich dabei, Stress abzubauen und dich mit deiner inneren Stille zu verbinden:<br data-start=\"583\" data-end=\"586\" \/>\ud83c\udf3f <strong data-start=\"589\" data-end=\"599\">Guggul<\/strong> wirkt kl\u00e4rend und beruhigend auf Geist und Raum<br data-start=\"647\" data-end=\"650\" \/>\ud83c\udf31 <strong data-start=\"653\" data-end=\"671\">Baldrianwurzel<\/strong> bringt Erdung und l\u00f6st innere Unruhe<br data-start=\"708\" data-end=\"711\" \/>\ud83d\udc9c <strong data-start=\"714\" data-end=\"728\">Lavendel\u00f6l<\/strong> schenkt Entspannung und einen Hauch Leichtigkeit<\/p>\n<p data-start=\"781\" data-end=\"935\">Ob nach einem langen Tag, vor dem Einschlafen oder w\u00e4hrend einer Meditation \u2013 dieses R\u00e4ucherst\u00e4bchen l\u00e4dt dich ein, loszulassen und einfach nur zu <em data-start=\"928\" data-end=\"934\">sein<\/em>.<\/p>\n<p data-start=\"937\" data-end=\"1040\">\u2728 100\u202f% naturrein<br data-start=\"954\" data-end=\"957\" \/>\ud83d\udc50 Von Hand gerollt nach eigener Rezeptur<br data-start=\"998\" data-end=\"1001\" \/>\ud83d\udcab Inspiriert von den Kr\u00e4ften der Engel<\/p>\n<p data-start=\"1042\" data-end=\"1136\"><strong data-start=\"1042\" data-end=\"1136\">Der Engel der Gelassenheit fl\u00fcstert dir zu: Du musst nichts tun \u2013 nur atmen und vertrauen.<\/strong><\/p>\n<p data-start=\"1042\" data-end=\"1136\">Neben diesen R\u00e4ucherst\u00e4bchen gibt es bei uns noch viele weitere wundersch\u00f6ne D\u00fcfte. Einzeln oder in praktischen Packungen, die darauf warten, von dir entdeckt zu werden. Von sanft blumig bis warm und erdig ist f\u00fcr jeden Moment das Passende dabei. Und damit dein R\u00e4uchererlebnis vollkommen wird, findest du bei uns auch liebevoll gestaltete R\u00e4ucherst\u00e4bchenhalter. Ob f\u00fcr dich selbst oder als besonderes Geschenk f\u00fcr einen lieben Menschen. Unsere R\u00e4ucherst\u00e4bchen bringen Freude und Wohlgef\u00fchl in jeden Raum.<\/p>\n","protected":false},"excerpt":{"rendered":"<p>Engelr\u00e4ucherst\u00e4bchen \u2013 Engel der GelassenheitInnere Ruhe. Zentrierung. Still werden. Der Engel der Gelassenheit begleitet dich sanft in deine Mitte. Er hilft dir, im Trubel des Alltags durchzuatmen und mit ruhigem Herzen das Leben zu betrachten \u2013 klar, ruhig und mit liebevoller Distanz zu allem, was dich belastet. Die harmonisierende Duftmischung unterst\u00fctzt dich dabei, Stress abzubauen [&hellip;]<\/p>\n<p><a class=\"read-more\" href=\"https:\/\/www.bynaldis-shop.com\/?product=engel-der-gelassenheit\">Mehr lesen<span class=\"meta-nav\">&rarr;<\/span><\/a><\/p>\n","protected":false},"featured_media":7541,"template":"","meta":[],"product_brand":[],"product_cat":[250],"product_tag":[],"class_list":{"0":"post-7540","1":"product","2":"type-product","3":"status-publish","4":"has-post-thumbnail","6":"product_cat-packung","8":"first","9":"instock","10":"taxable","11":"shipping-taxable","12":"purchasable","13":"product-type-simple"},"_links":{"self":[{"href":"https:\/\/www.bynaldis-shop.com\/index.php?rest_route=\/wp\/v2\/product\/7540","targetHints":{"allow":["GET"]}}],"collection":[{"href":"https:\/\/www.bynaldis-shop.com\/index.php?rest_route=\/wp\/v2\/product"}],"about":[{"href":"https:\/\/www.bynaldis-shop.com\/index.php?rest_route=\/wp\/v2\/types\/product"}],"wp:featuredmedia":[{"embeddable":true,"href":"https:\/\/www.bynaldis-shop.com\/index.php?rest_route=\/wp\/v2\/media\/7541"}],"wp:attachment":[{"href":"https:\/\/www.bynaldis-shop.com\/index.php?rest_route=%2Fwp%2Fv2%2Fmedia&parent=7540"}],"wp:term":[{"taxonomy":"product_brand","embeddable":true,"href":"https:\/\/www.bynaldis-shop.com\/index.php?rest_route=%2Fwp%2Fv2%2Fproduct_brand&post=7540"},{"taxonomy":"product_cat","embeddable":true,"href":"https:\/\/www.bynaldis-shop.com\/index.php?rest_route=%2Fwp%2Fv2%2Fproduct_cat&post=7540"},{"taxonomy":"product_tag","embeddable":true,"href":"https:\/\/www.bynaldis-shop.com\/index.php?rest_route=%2Fwp%2Fv2%2Fproduct_tag&post=7540"}],"curies":[{"name":"wp","href":"https:\/\/api.w.org\/{rel}","templated":true}]}}