{"id":7536,"date":"2024-02-08T19:04:40","date_gmt":"2024-02-08T18:04:40","guid":{"rendered":"https:\/\/www.bynaldis-shop.com\/?post_type=product&#038;p=7536"},"modified":"2025-10-21T16:21:31","modified_gmt":"2025-10-21T14:21:31","slug":"engel-des-erwachens","status":"publish","type":"product","link":"https:\/\/www.bynaldis-shop.com\/?product=engel-des-erwachens","title":{"rendered":"Engelr\u00e4ucherst\u00e4bchen \u2013 Engel des Erwachens"},"content":{"rendered":"<p data-start=\"128\" data-end=\"209\"><strong data-start=\"128\" data-end=\"174\">Engelr\u00e4ucherst\u00e4bchen \u2013 Engel des Erwachens<\/strong><br data-start=\"174\" data-end=\"177\" \/><em data-start=\"177\" data-end=\"209\">Belebung. Klarheit. Neuanfang.<\/em><\/p>\n<p data-start=\"211\" data-end=\"505\">Der <strong data-start=\"215\" data-end=\"238\">Engel des Erwachens<\/strong> ruft dich wach \u2013 sanft und zugleich kraftvoll. Er schenkt dir frischen Antrieb, neue Perspektiven und ein klares inneres Ja zum Leben. Wenn du neue Wege beschreiten oder deine Energie neu ausrichten m\u00f6chtest, steht dir dieser Engel mit leuchtender Pr\u00e4senz zur Seite.<\/p>\n<p data-start=\"507\" data-end=\"726\">Der Duft ist w\u00fcrzig, belebend und durchdringend klar:<br data-start=\"560\" data-end=\"563\" \/>\ud83c\udf3f <strong data-start=\"566\" data-end=\"578\">Ingwer\u00f6l<\/strong> aktiviert und belebt die Sinne<br data-start=\"609\" data-end=\"612\" \/>\ud83d\udd25 <strong data-start=\"615\" data-end=\"626\">Pfeffer<\/strong> schenkt Mut und Durchsetzungskraft<br data-start=\"661\" data-end=\"664\" \/>\ud83c\udf31 <strong data-start=\"667\" data-end=\"678\">Galgant<\/strong> bringt Klarheit und aktiviert die Lebensenergie<\/p>\n<p data-start=\"728\" data-end=\"926\">Diese R\u00e4ucherst\u00e4bchen wurden in reiner Handarbeit gefertigt \u2013 kraftvoll, klar und rein. Sie eignen sich ideal f\u00fcr Morgenrituale, Neuausrichtungen oder zur Unterst\u00fctzung bei wichtigen Entscheidungen.<\/p>\n<p data-start=\"928\" data-end=\"1039\">\u2728 100\u202f% naturrein<br data-start=\"945\" data-end=\"948\" \/>\ud83d\udd25 Von Hand gerollt nach eigener Rezeptur<br data-start=\"989\" data-end=\"992\" \/>\u26a1 F\u00fcr alle, die aufwachen und aufbrechen wollen<\/p>\n<p data-start=\"1041\" data-end=\"1107\"><strong data-start=\"1041\" data-end=\"1107\">Der Engel des Erwachens fl\u00fcstert dir zu: Jetzt ist deine Zeit.<\/strong><\/p>\n<p data-start=\"1041\" data-end=\"1107\">Neben diesen R\u00e4ucherst\u00e4bchen gibt es bei uns noch viele weitere wundersch\u00f6ne D\u00fcfte. Einzeln oder in praktischen Packungen, die darauf warten, von dir entdeckt zu werden. Von sanft blumig bis warm und erdig ist f\u00fcr jeden Moment das Passende dabei. Und damit dein R\u00e4uchererlebnis vollkommen wird, findest du bei uns auch liebevoll gestaltete R\u00e4ucherst\u00e4bchenhalter. Ob f\u00fcr dich selbst oder als besonderes Geschenk f\u00fcr einen lieben Menschen. Unsere R\u00e4ucherst\u00e4bchen bringen Freude und Wohlgef\u00fchl in jeden Raum.<\/p>\n","protected":false},"excerpt":{"rendered":"<p>Engelr\u00e4ucherst\u00e4bchen \u2013 Engel des ErwachensBelebung. Klarheit. Neuanfang. Der Engel des Erwachens ruft dich wach \u2013 sanft und zugleich kraftvoll. Er schenkt dir frischen Antrieb, neue Perspektiven und ein klares inneres Ja zum Leben. Wenn du neue Wege beschreiten oder deine Energie neu ausrichten m\u00f6chtest, steht dir dieser Engel mit leuchtender Pr\u00e4senz zur Seite. Der Duft [&hellip;]<\/p>\n<p><a class=\"read-more\" href=\"https:\/\/www.bynaldis-shop.com\/?product=engel-des-erwachens\">Mehr lesen<span class=\"meta-nav\">&rarr;<\/span><\/a><\/p>\n","protected":false},"featured_media":7537,"template":"","meta":[],"product_brand":[],"product_cat":[250],"product_tag":[],"class_list":{"0":"post-7536","1":"product","2":"type-product","3":"status-publish","4":"has-post-thumbnail","6":"product_cat-packung","8":"first","9":"instock","10":"taxable","11":"shipping-taxable","12":"purchasable","13":"product-type-simple"},"_links":{"self":[{"href":"https:\/\/www.bynaldis-shop.com\/index.php?rest_route=\/wp\/v2\/product\/7536","targetHints":{"allow":["GET"]}}],"collection":[{"href":"https:\/\/www.bynaldis-shop.com\/index.php?rest_route=\/wp\/v2\/product"}],"about":[{"href":"https:\/\/www.bynaldis-shop.com\/index.php?rest_route=\/wp\/v2\/types\/product"}],"wp:featuredmedia":[{"embeddable":true,"href":"https:\/\/www.bynaldis-shop.com\/index.php?rest_route=\/wp\/v2\/media\/7537"}],"wp:attachment":[{"href":"https:\/\/www.bynaldis-shop.com\/index.php?rest_route=%2Fwp%2Fv2%2Fmedia&parent=7536"}],"wp:term":[{"taxonomy":"product_brand","embeddable":true,"href":"https:\/\/www.bynaldis-shop.com\/index.php?rest_route=%2Fwp%2Fv2%2Fproduct_brand&post=7536"},{"taxonomy":"product_cat","embeddable":true,"href":"https:\/\/www.bynaldis-shop.com\/index.php?rest_route=%2Fwp%2Fv2%2Fproduct_cat&post=7536"},{"taxonomy":"product_tag","embeddable":true,"href":"https:\/\/www.bynaldis-shop.com\/index.php?rest_route=%2Fwp%2Fv2%2Fproduct_tag&post=7536"}],"curies":[{"name":"wp","href":"https:\/\/api.w.org\/{rel}","templated":true}]}}