{"id":7532,"date":"2024-02-08T19:01:33","date_gmt":"2024-02-08T18:01:33","guid":{"rendered":"https:\/\/www.bynaldis-shop.com\/?post_type=product&#038;p=7532"},"modified":"2025-10-21T16:21:51","modified_gmt":"2025-10-21T14:21:51","slug":"engel-des-vertrauens","status":"publish","type":"product","link":"https:\/\/www.bynaldis-shop.com\/?product=engel-des-vertrauens","title":{"rendered":"Engelr\u00e4ucherst\u00e4bchen \u2013 Engel des Vertrauens"},"content":{"rendered":"<p data-start=\"160\" data-end=\"255\"><strong data-start=\"160\" data-end=\"207\">Engelr\u00e4ucherst\u00e4bchen \u2013 Engel des Vertrauens<\/strong><br data-start=\"207\" data-end=\"210\" \/><em data-start=\"210\" data-end=\"255\">Hingabe. Geborgenheit. Vertrauen ins Leben.<\/em><\/p>\n<p data-start=\"257\" data-end=\"531\">Der <strong data-start=\"261\" data-end=\"285\">Engel des Vertrauens<\/strong> l\u00e4dt dich ein, dich dem Fluss des Lebens hinzugeben und darauf zu vertrauen, dass alles zur rechten Zeit geschieht. In Momenten von Zweifel, Kontrollbed\u00fcrfnis oder Unsicherheit bringt er dich zur\u00fcck in deine Mitte \u2013 dorthin, wo Vertrauen w\u00e4chst.<\/p>\n<p data-start=\"533\" data-end=\"831\">Der Duft dieser Komposition ist weich, warm und liebevoll:<br data-start=\"591\" data-end=\"594\" \/>\ud83c\udf39 <strong data-start=\"597\" data-end=\"605\">Rose<\/strong> \u00f6ffnet das Herz und schenkt Sanftheit<br data-start=\"643\" data-end=\"646\" \/>\ud83c\udf3f <strong data-start=\"649\" data-end=\"657\">Neem<\/strong> wirkt reinigend und sch\u00fctzend<br data-start=\"687\" data-end=\"690\" \/>\ud83c\udf38 <strong data-start=\"693\" data-end=\"702\">Loban<\/strong> (ein besonders feiner Weihrauch) hebt die Stimmung und kl\u00e4rt die Gedanken<br data-start=\"776\" data-end=\"779\" \/>\ud83c\udf33 <strong data-start=\"782\" data-end=\"796\">Sandelholz<\/strong> sorgt f\u00fcr innere Ruhe und Erdung<\/p>\n<p data-start=\"833\" data-end=\"1010\">In liebevoller Handarbeit und mit reinen, nat\u00fcrlichen Zutaten gefertigt, entfaltet dieser Duft seine Wirkung auf feinstofflicher Ebene \u2013 und l\u00e4sst dich sp\u00fcren: Du bist gehalten.<\/p>\n<p data-start=\"1012\" data-end=\"1129\">\u2728 100\u202f% naturrein<br data-start=\"1029\" data-end=\"1032\" \/>\ud83d\udd4a\ufe0f Von Hand gerollt nach eigener Rezeptur<br data-start=\"1074\" data-end=\"1077\" \/>\ud83c\udf1f Mit der Kraft des Vertrauens \u2013 f\u00fcr Herz und Seele<\/p>\n<p data-start=\"1131\" data-end=\"1192\"><strong data-start=\"1131\" data-end=\"1192\">Vertraue dem Leben. Der Engel des Vertrauens ist bei dir.<\/strong><\/p>\n<p data-start=\"1131\" data-end=\"1192\">Neben diesen R\u00e4ucherst\u00e4bchen gibt es bei uns noch viele weitere wundersch\u00f6ne D\u00fcfte. Einzeln oder in praktischen Packungen, die darauf warten, von dir entdeckt zu werden. Von sanft blumig bis warm und erdig ist f\u00fcr jeden Moment das Passende dabei. Und damit dein R\u00e4uchererlebnis vollkommen wird, findest du bei uns auch liebevoll gestaltete R\u00e4ucherst\u00e4bchenhalter. Ob f\u00fcr dich selbst oder als besonderes Geschenk f\u00fcr einen lieben Menschen. Unsere R\u00e4ucherst\u00e4bchen bringen Freude und Wohlgef\u00fchl in jeden Raum.<\/p>\n","protected":false},"excerpt":{"rendered":"<p>Engelr\u00e4ucherst\u00e4bchen \u2013 Engel des VertrauensHingabe. Geborgenheit. Vertrauen ins Leben. Der Engel des Vertrauens l\u00e4dt dich ein, dich dem Fluss des Lebens hinzugeben und darauf zu vertrauen, dass alles zur rechten Zeit geschieht. In Momenten von Zweifel, Kontrollbed\u00fcrfnis oder Unsicherheit bringt er dich zur\u00fcck in deine Mitte \u2013 dorthin, wo Vertrauen w\u00e4chst. Der Duft dieser Komposition [&hellip;]<\/p>\n<p><a class=\"read-more\" href=\"https:\/\/www.bynaldis-shop.com\/?product=engel-des-vertrauens\">Mehr lesen<span class=\"meta-nav\">&rarr;<\/span><\/a><\/p>\n","protected":false},"featured_media":7533,"template":"","meta":[],"product_brand":[],"product_cat":[250],"product_tag":[],"class_list":{"0":"post-7532","1":"product","2":"type-product","3":"status-publish","4":"has-post-thumbnail","6":"product_cat-packung","8":"first","9":"instock","10":"taxable","11":"shipping-taxable","12":"purchasable","13":"product-type-simple"},"_links":{"self":[{"href":"https:\/\/www.bynaldis-shop.com\/index.php?rest_route=\/wp\/v2\/product\/7532","targetHints":{"allow":["GET"]}}],"collection":[{"href":"https:\/\/www.bynaldis-shop.com\/index.php?rest_route=\/wp\/v2\/product"}],"about":[{"href":"https:\/\/www.bynaldis-shop.com\/index.php?rest_route=\/wp\/v2\/types\/product"}],"wp:featuredmedia":[{"embeddable":true,"href":"https:\/\/www.bynaldis-shop.com\/index.php?rest_route=\/wp\/v2\/media\/7533"}],"wp:attachment":[{"href":"https:\/\/www.bynaldis-shop.com\/index.php?rest_route=%2Fwp%2Fv2%2Fmedia&parent=7532"}],"wp:term":[{"taxonomy":"product_brand","embeddable":true,"href":"https:\/\/www.bynaldis-shop.com\/index.php?rest_route=%2Fwp%2Fv2%2Fproduct_brand&post=7532"},{"taxonomy":"product_cat","embeddable":true,"href":"https:\/\/www.bynaldis-shop.com\/index.php?rest_route=%2Fwp%2Fv2%2Fproduct_cat&post=7532"},{"taxonomy":"product_tag","embeddable":true,"href":"https:\/\/www.bynaldis-shop.com\/index.php?rest_route=%2Fwp%2Fv2%2Fproduct_tag&post=7532"}],"curies":[{"name":"wp","href":"https:\/\/api.w.org\/{rel}","templated":true}]}}