{"id":7530,"date":"2024-02-08T18:59:56","date_gmt":"2024-02-08T17:59:56","guid":{"rendered":"https:\/\/www.bynaldis-shop.com\/?post_type=product&#038;p=7530"},"modified":"2025-10-21T16:22:06","modified_gmt":"2025-10-21T14:22:06","slug":"engel-der-hoffnung","status":"publish","type":"product","link":"https:\/\/www.bynaldis-shop.com\/?product=engel-der-hoffnung","title":{"rendered":"Engelr\u00e4ucherst\u00e4bchen \u2013 Engel der Hoffnung"},"content":{"rendered":"<p data-start=\"220\" data-end=\"316\"><strong data-start=\"220\" data-end=\"265\">Engelr\u00e4ucherst\u00e4bchen \u2013 Engel der Hoffnung<\/strong><br data-start=\"265\" data-end=\"268\" \/><em data-start=\"268\" data-end=\"316\">Licht f\u00fcr dein Herz. Vertrauen f\u00fcr deinen Weg.<\/em><\/p>\n<p data-start=\"318\" data-end=\"547\">Der <strong data-start=\"322\" data-end=\"344\">Engel der Hoffnung<\/strong> erinnert uns daran, dass hinter jeder dunklen Wolke ein neues Licht wartet. Sein Duft ist wie ein zarter Impuls, der unsere Seele ber\u00fchrt und uns hilft, neue Kraft, Vertrauen und Zuversicht zu sch\u00f6pfen.<\/p>\n<p data-start=\"549\" data-end=\"757\">Diese fein abgestimmte Mischung aus <strong data-start=\"585\" data-end=\"609\">Olibanum (Weihrauch)<\/strong>, heiligem <strong data-start=\"620\" data-end=\"629\">Tulsi<\/strong> und dem warmen, erdenden <strong data-start=\"655\" data-end=\"680\">Himalaya-Cedernholz\u00f6l<\/strong> schenkt eine Atmosph\u00e4re von innerem Trost, Licht und heilender Geborgenheit.<\/p>\n<p data-start=\"759\" data-end=\"904\">Ideal f\u00fcr Momente, in denen du Mut brauchst, neue Visionen entstehen d\u00fcrfen oder du einfach daran erinnert werden m\u00f6chtest: Du bist nicht allein.<\/p>\n<p data-start=\"906\" data-end=\"1022\">\ud83c\udf3f 100\u202f% naturrein<br data-start=\"924\" data-end=\"927\" \/>\ud83d\udd4a\ufe0f Von Hand gerollt nach eigener Rezeptur<br data-start=\"969\" data-end=\"972\" \/>\u2728 Inspiriert von der liebevollen Kraft der Engel<\/p>\n<p data-start=\"1024\" data-end=\"1072\"><strong data-start=\"1024\" data-end=\"1070\">Lass dich f\u00fchren \u2013 vom Engel der Hoffnung.<\/strong><\/p>\n<p data-start=\"1024\" data-end=\"1072\">Neben diesen R\u00e4ucherst\u00e4bchen gibt es bei uns noch viele weitere wundersch\u00f6ne D\u00fcfte. Einzeln oder in praktischen Packungen, die darauf warten, von dir entdeckt zu werden. Von sanft blumig bis warm und erdig ist f\u00fcr jeden Moment das Passende dabei. Und damit dein R\u00e4uchererlebnis vollkommen wird, findest du bei uns auch liebevoll gestaltete R\u00e4ucherst\u00e4bchenhalter. Ob f\u00fcr dich selbst oder als besonderes Geschenk f\u00fcr einen lieben Menschen. Unsere R\u00e4ucherst\u00e4bchen bringen Freude und Wohlgef\u00fchl in jeden Raum.<\/p>\n","protected":false},"excerpt":{"rendered":"<p>Engelr\u00e4ucherst\u00e4bchen \u2013 Engel der HoffnungLicht f\u00fcr dein Herz. Vertrauen f\u00fcr deinen Weg. Der Engel der Hoffnung erinnert uns daran, dass hinter jeder dunklen Wolke ein neues Licht wartet. Sein Duft ist wie ein zarter Impuls, der unsere Seele ber\u00fchrt und uns hilft, neue Kraft, Vertrauen und Zuversicht zu sch\u00f6pfen. Diese fein abgestimmte Mischung aus Olibanum [&hellip;]<\/p>\n<p><a class=\"read-more\" href=\"https:\/\/www.bynaldis-shop.com\/?product=engel-der-hoffnung\">Mehr lesen<span class=\"meta-nav\">&rarr;<\/span><\/a><\/p>\n","protected":false},"featured_media":7531,"template":"","meta":[],"product_brand":[],"product_cat":[250],"product_tag":[],"class_list":{"0":"post-7530","1":"product","2":"type-product","3":"status-publish","4":"has-post-thumbnail","6":"product_cat-packung","8":"first","9":"instock","10":"taxable","11":"shipping-taxable","12":"purchasable","13":"product-type-simple"},"_links":{"self":[{"href":"https:\/\/www.bynaldis-shop.com\/index.php?rest_route=\/wp\/v2\/product\/7530","targetHints":{"allow":["GET"]}}],"collection":[{"href":"https:\/\/www.bynaldis-shop.com\/index.php?rest_route=\/wp\/v2\/product"}],"about":[{"href":"https:\/\/www.bynaldis-shop.com\/index.php?rest_route=\/wp\/v2\/types\/product"}],"wp:featuredmedia":[{"embeddable":true,"href":"https:\/\/www.bynaldis-shop.com\/index.php?rest_route=\/wp\/v2\/media\/7531"}],"wp:attachment":[{"href":"https:\/\/www.bynaldis-shop.com\/index.php?rest_route=%2Fwp%2Fv2%2Fmedia&parent=7530"}],"wp:term":[{"taxonomy":"product_brand","embeddable":true,"href":"https:\/\/www.bynaldis-shop.com\/index.php?rest_route=%2Fwp%2Fv2%2Fproduct_brand&post=7530"},{"taxonomy":"product_cat","embeddable":true,"href":"https:\/\/www.bynaldis-shop.com\/index.php?rest_route=%2Fwp%2Fv2%2Fproduct_cat&post=7530"},{"taxonomy":"product_tag","embeddable":true,"href":"https:\/\/www.bynaldis-shop.com\/index.php?rest_route=%2Fwp%2Fv2%2Fproduct_tag&post=7530"}],"curies":[{"name":"wp","href":"https:\/\/api.w.org\/{rel}","templated":true}]}}