{"id":7528,"date":"2024-02-08T18:57:56","date_gmt":"2024-02-08T17:57:56","guid":{"rendered":"https:\/\/www.bynaldis-shop.com\/?post_type=product&#038;p=7528"},"modified":"2025-10-21T16:23:40","modified_gmt":"2025-10-21T14:23:40","slug":"urvertrauen","status":"publish","type":"product","link":"https:\/\/www.bynaldis-shop.com\/?product=urvertrauen","title":{"rendered":"Urvertrauen \u2013 Duft der Geborgenheit"},"content":{"rendered":"<p data-start=\"194\" data-end=\"231\"><strong data-start=\"194\" data-end=\"231\">Mystic Line \u2013 Die Mystische Linie<\/strong><\/p>\n<p data-start=\"233\" data-end=\"583\">Die <strong data-start=\"237\" data-end=\"252\">Mystic Line<\/strong> l\u00e4dt dich ein, mit der Weisheit der Natur in Verbindung zu treten. Jede Sorte dieser besonderen R\u00e4ucherst\u00e4bchenlinie wurde so zusammengestellt, dass sie gezielt seelische Prozesse begleitet und unterst\u00fctzt. Mit kraftvollen Pflanzen, Wurzeln, Harzen und Bl\u00fcten schafft sie Raum f\u00fcr R\u00fcckzug, Erkenntnis und sanftes inneres Wachstum.<\/p>\n<p data-start=\"585\" data-end=\"734\">Alle St\u00e4bchen sind <strong data-start=\"604\" data-end=\"648\">100\u202f% naturrein, ohne k\u00fcnstliche Zus\u00e4tze<\/strong> und werden traditionell <strong data-start=\"673\" data-end=\"698\">in Handarbeit gerollt<\/strong> \u2013 f\u00fcr eine Qualit\u00e4t, die man sp\u00fcrt.<\/p>\n<hr data-start=\"736\" data-end=\"739\" \/>\n<h3 data-start=\"741\" data-end=\"784\"><strong data-start=\"745\" data-end=\"784\">Urvertrauen \u2013 Duft der Geborgenheit<\/strong><\/h3>\n<p data-start=\"786\" data-end=\"914\">Diese wohltuende Duftmischung ist eine Einladung, wieder bei sich selbst anzukommen und tiefes Vertrauen in das Leben zu sp\u00fcren.<\/p>\n<p data-start=\"916\" data-end=\"1232\">\ud83c\udf39 <strong data-start=\"919\" data-end=\"942\">Rosen\u00f6l und -bl\u00fcten<\/strong> schenken Herz\u00f6ffnung und Licht f\u00fcr die Seele<br data-start=\"987\" data-end=\"990\" \/>\ud83c\udf3c <strong data-start=\"993\" data-end=\"1003\">Safran<\/strong> wirkt erhebend, f\u00f6rdert Optimismus und kreative Kraft<br data-start=\"1057\" data-end=\"1060\" \/>\ud83d\udca8 Ein Hauch <strong data-start=\"1073\" data-end=\"1086\">Weihrauch<\/strong> kl\u00e4rt die Atmosph\u00e4re und sch\u00fctzt vor negativen Energien<br data-start=\"1142\" data-end=\"1145\" \/>\ud83c\udf3f Abgerundet durch edles <strong data-start=\"1171\" data-end=\"1185\">Sandelholz<\/strong> und eine ayurvedische Himalaya-Kr\u00e4utermischung<\/p>\n<p data-start=\"1234\" data-end=\"1474\">Diese Komposition wirkt auf der Ebene der Gef\u00fchle und unterst\u00fctzt dich in Momenten von Unsicherheit oder innerer Unruhe. Sie hilft, dich zu erden, loszulassen und wieder ins Vertrauen zu finden \u2013 in dich, in das Leben, in den gr\u00f6\u00dferen Plan.<\/p>\n<p data-start=\"1476\" data-end=\"1611\"><strong data-start=\"1476\" data-end=\"1494\">Inhaltsstoffe:<\/strong> Rosen\u00f6l &amp; -bl\u00fcten, Safranpuder, Weihrauch, Sandelholz, Litsea, Himalaya-Kr\u00e4uter (u.\u202fa. Eibe, Costuswurzel, Zypresse)<\/p>\n<p data-start=\"1476\" data-end=\"1611\">Neben diesen R\u00e4ucherst\u00e4bchen gibt es bei uns noch viele weitere wundersch\u00f6ne D\u00fcfte. Einzeln oder in praktischen Packungen, die darauf warten, von dir entdeckt zu werden. Von sanft blumig bis warm und erdig ist f\u00fcr jeden Moment das Passende dabei. Und damit dein R\u00e4uchererlebnis vollkommen wird, findest du bei uns auch liebevoll gestaltete R\u00e4ucherst\u00e4bchenhalter. Ob f\u00fcr dich selbst oder als besonderes Geschenk f\u00fcr einen lieben Menschen. Unsere R\u00e4ucherst\u00e4bchen bringen Freude und Wohlgef\u00fchl in jeden Raum.<\/p>\n","protected":false},"excerpt":{"rendered":"<p>Mystic Line \u2013 Die Mystische Linie Die Mystic Line l\u00e4dt dich ein, mit der Weisheit der Natur in Verbindung zu treten. Jede Sorte dieser besonderen R\u00e4ucherst\u00e4bchenlinie wurde so zusammengestellt, dass sie gezielt seelische Prozesse begleitet und unterst\u00fctzt. Mit kraftvollen Pflanzen, Wurzeln, Harzen und Bl\u00fcten schafft sie Raum f\u00fcr R\u00fcckzug, Erkenntnis und sanftes inneres Wachstum. Alle [&hellip;]<\/p>\n<p><a class=\"read-more\" href=\"https:\/\/www.bynaldis-shop.com\/?product=urvertrauen\">Mehr lesen<span class=\"meta-nav\">&rarr;<\/span><\/a><\/p>\n","protected":false},"featured_media":7529,"template":"","meta":[],"product_brand":[],"product_cat":[250],"product_tag":[],"class_list":{"0":"post-7528","1":"product","2":"type-product","3":"status-publish","4":"has-post-thumbnail","6":"product_cat-packung","8":"first","9":"instock","10":"taxable","11":"shipping-taxable","12":"purchasable","13":"product-type-simple"},"_links":{"self":[{"href":"https:\/\/www.bynaldis-shop.com\/index.php?rest_route=\/wp\/v2\/product\/7528","targetHints":{"allow":["GET"]}}],"collection":[{"href":"https:\/\/www.bynaldis-shop.com\/index.php?rest_route=\/wp\/v2\/product"}],"about":[{"href":"https:\/\/www.bynaldis-shop.com\/index.php?rest_route=\/wp\/v2\/types\/product"}],"wp:featuredmedia":[{"embeddable":true,"href":"https:\/\/www.bynaldis-shop.com\/index.php?rest_route=\/wp\/v2\/media\/7529"}],"wp:attachment":[{"href":"https:\/\/www.bynaldis-shop.com\/index.php?rest_route=%2Fwp%2Fv2%2Fmedia&parent=7528"}],"wp:term":[{"taxonomy":"product_brand","embeddable":true,"href":"https:\/\/www.bynaldis-shop.com\/index.php?rest_route=%2Fwp%2Fv2%2Fproduct_brand&post=7528"},{"taxonomy":"product_cat","embeddable":true,"href":"https:\/\/www.bynaldis-shop.com\/index.php?rest_route=%2Fwp%2Fv2%2Fproduct_cat&post=7528"},{"taxonomy":"product_tag","embeddable":true,"href":"https:\/\/www.bynaldis-shop.com\/index.php?rest_route=%2Fwp%2Fv2%2Fproduct_tag&post=7528"}],"curies":[{"name":"wp","href":"https:\/\/api.w.org\/{rel}","templated":true}]}}