{"id":7524,"date":"2024-02-08T18:51:41","date_gmt":"2024-02-08T17:51:41","guid":{"rendered":"https:\/\/www.bynaldis-shop.com\/?post_type=product&#038;p=7524"},"modified":"2025-10-28T11:29:50","modified_gmt":"2025-10-28T10:29:50","slug":"ambrosia","status":"publish","type":"product","link":"https:\/\/www.bynaldis-shop.com\/?product=ambrosia","title":{"rendered":"Ambrosia R\u00e4ucherst\u00e4bchen \u2013 Duft der G\u00f6tter"},"content":{"rendered":"<p data-start=\"147\" data-end=\"193\"><strong data-start=\"147\" data-end=\"193\">Ambrosia R\u00e4ucherst\u00e4bchen \u2013 Duft der G\u00f6tter<\/strong><\/p>\n<p data-start=\"195\" data-end=\"475\">In den alten Traditionen Indiens wurden R\u00e4ucherst\u00e4bchen erschaffen, um den G\u00f6ttern etwas wahrhaft G\u00f6ttliches zu schenken \u2013 <strong data-start=\"318\" data-end=\"366\">einen Duft, so himmlisch wie Ambrosia selbst<\/strong>. Mit dieser tiefen Hingabe und spirituellen Ausrichtung entstand eine Komposition, die bis heute verzaubert.<\/p>\n<p data-start=\"477\" data-end=\"727\"><strong data-start=\"477\" data-end=\"489\">Ambrosia<\/strong> entfaltet sich wie ein feines, schimmerndes Licht in der Luft \u2013 ein hoher, klarer Duft, der Energien transformiert und R\u00e4ume mit <strong data-start=\"619\" data-end=\"657\">goldener Pr\u00e4senz und lichter Kraft<\/strong> erf\u00fcllt. Es ist, als w\u00fcrden G\u00f6tterfunken durch die Atmosph\u00e4re tanzen.<\/p>\n<p data-start=\"729\" data-end=\"945\">Hergestellt nach einem geheim gehaltenen Rezept aus <strong data-start=\"781\" data-end=\"857\">erlesenen Kr\u00e4utern, zarten Bl\u00fcten, edlem Sandelholz und nat\u00fcrlichen \u00d6len<\/strong>, wird jeder Stab in reiner Handarbeit gefertigt \u2013 mit Achtsamkeit und Liebe zum Detail.<\/p>\n<p data-start=\"947\" data-end=\"1129\">\ud83c\udf3f 100\u202f% nat\u00fcrliche Zutaten<br data-start=\"974\" data-end=\"977\" \/>\ud83e\udeb7 F\u00fcr Meditation, Zeremonien oder einfach heilige Momente<br data-start=\"1035\" data-end=\"1038\" \/>\u2728 Lichtvoll, kl\u00e4rend, erhebend<br data-start=\"1068\" data-end=\"1071\" \/>\ud83d\ude4f In Handarbeit gerollt \u2013 inspiriert von alten Rezepturen<\/p>\n<p data-start=\"1131\" data-end=\"1202\"><strong data-start=\"1131\" data-end=\"1202\">Ein Duft wie ein Gebet \u2013 f\u00fcr R\u00e4ume voller Magie und Herzverbindung.<\/strong><\/p>\n<p data-start=\"1131\" data-end=\"1202\">Neben diesen R\u00e4ucherst\u00e4bchen gibt es bei uns noch viele weitere wundersch\u00f6ne D\u00fcfte. Einzeln oder in praktischen Packungen, die darauf warten, von dir entdeckt zu werden. Von sanft blumig bis warm und erdig ist f\u00fcr jeden Moment das Passende dabei. Und damit dein R\u00e4uchererlebnis vollkommen wird, findest du bei uns auch liebevoll gestaltete R\u00e4ucherst\u00e4bchenhalter. Ob f\u00fcr dich selbst oder als besonderes Geschenk f\u00fcr einen lieben Menschen. Unsere R\u00e4ucherst\u00e4bchen bringen Freude und Wohlgef\u00fchl in jeden Raum.<\/p>\n","protected":false},"excerpt":{"rendered":"<p>Ambrosia R\u00e4ucherst\u00e4bchen \u2013 Duft der G\u00f6tter In den alten Traditionen Indiens wurden R\u00e4ucherst\u00e4bchen erschaffen, um den G\u00f6ttern etwas wahrhaft G\u00f6ttliches zu schenken \u2013 einen Duft, so himmlisch wie Ambrosia selbst. Mit dieser tiefen Hingabe und spirituellen Ausrichtung entstand eine Komposition, die bis heute verzaubert. Ambrosia entfaltet sich wie ein feines, schimmerndes Licht in der Luft [&hellip;]<\/p>\n<p><a class=\"read-more\" href=\"https:\/\/www.bynaldis-shop.com\/?product=ambrosia\">Mehr lesen<span class=\"meta-nav\">&rarr;<\/span><\/a><\/p>\n","protected":false},"featured_media":7525,"template":"","meta":[],"product_brand":[],"product_cat":[250],"product_tag":[],"class_list":{"0":"post-7524","1":"product","2":"type-product","3":"status-publish","4":"has-post-thumbnail","6":"product_cat-packung","8":"first","9":"instock","10":"taxable","11":"shipping-taxable","12":"purchasable","13":"product-type-simple"},"_links":{"self":[{"href":"https:\/\/www.bynaldis-shop.com\/index.php?rest_route=\/wp\/v2\/product\/7524","targetHints":{"allow":["GET"]}}],"collection":[{"href":"https:\/\/www.bynaldis-shop.com\/index.php?rest_route=\/wp\/v2\/product"}],"about":[{"href":"https:\/\/www.bynaldis-shop.com\/index.php?rest_route=\/wp\/v2\/types\/product"}],"wp:featuredmedia":[{"embeddable":true,"href":"https:\/\/www.bynaldis-shop.com\/index.php?rest_route=\/wp\/v2\/media\/7525"}],"wp:attachment":[{"href":"https:\/\/www.bynaldis-shop.com\/index.php?rest_route=%2Fwp%2Fv2%2Fmedia&parent=7524"}],"wp:term":[{"taxonomy":"product_brand","embeddable":true,"href":"https:\/\/www.bynaldis-shop.com\/index.php?rest_route=%2Fwp%2Fv2%2Fproduct_brand&post=7524"},{"taxonomy":"product_cat","embeddable":true,"href":"https:\/\/www.bynaldis-shop.com\/index.php?rest_route=%2Fwp%2Fv2%2Fproduct_cat&post=7524"},{"taxonomy":"product_tag","embeddable":true,"href":"https:\/\/www.bynaldis-shop.com\/index.php?rest_route=%2Fwp%2Fv2%2Fproduct_tag&post=7524"}],"curies":[{"name":"wp","href":"https:\/\/api.w.org\/{rel}","templated":true}]}}