{"id":7522,"date":"2024-02-08T18:49:32","date_gmt":"2024-02-08T17:49:32","guid":{"rendered":"https:\/\/www.bynaldis-shop.com\/?post_type=product&#038;p=7522"},"modified":"2025-10-28T11:30:18","modified_gmt":"2025-10-28T10:30:18","slug":"palo-santo","status":"publish","type":"product","link":"https:\/\/www.bynaldis-shop.com\/?product=palo-santo","title":{"rendered":"Palo Santo R\u00e4ucherst\u00e4bchen \u2013 Heiliges Holz aus den Anden"},"content":{"rendered":"<p data-start=\"155\" data-end=\"215\"><strong data-start=\"155\" data-end=\"215\">Palo Santo R\u00e4ucherst\u00e4bchen \u2013 Heiliges Holz aus den Anden<\/strong><\/p>\n<p data-start=\"217\" data-end=\"541\"><strong data-start=\"217\" data-end=\"231\">Palo Santo<\/strong> \u2013 das \u201eheilige Holz\u201c S\u00fcdamerikas \u2013 wird seit Jahrhunderten von den indigenen V\u00f6lkern der Anden f\u00fcr Rituale, Zeremonien und zur spirituellen Reinigung verwendet. Seine besondere Kraft: Es vertreibt negative Energien, reinigt die Atmosph\u00e4re und \u00f6ffnet den Raum f\u00fcr Klarheit, Leichtigkeit und innere Ausrichtung.<\/p>\n<p data-start=\"543\" data-end=\"803\">Unsere <strong data-start=\"550\" data-end=\"580\">Palo Santo R\u00e4ucherst\u00e4bchen<\/strong> werden aus hochwertigem Holz und \u00e4therischem \u00d6l direkt aus Peru gefertigt \u2013 reich an nat\u00fcrlichen Inhaltsstoffen, mit einem intensiven, warmen Duftprofil: <strong data-start=\"735\" data-end=\"803\">aromatisch, leicht s\u00fc\u00dflich mit einem Hauch von Mandel und Kokos.<\/strong><\/p>\n<p data-start=\"805\" data-end=\"1012\">\ud83d\udcab Ideal zur Raumkl\u00e4rung, Meditation &amp; Ritualarbeit<br data-start=\"856\" data-end=\"859\" \/>\ud83c\udf3f Hergestellt aus 100\u202f% nat\u00fcrlichen Substanzen<br data-start=\"906\" data-end=\"909\" \/>\ud83d\udd25 Hoher Anteil an echtem Palo Santo Holz &amp; \u00d6l<br data-start=\"955\" data-end=\"958\" \/>\u2600\ufe0f In Handarbeit gefertigt und an der Sonne getrocknet<\/p>\n<p data-start=\"1014\" data-end=\"1157\">Der feine Rauch schafft einen <strong data-start=\"1044\" data-end=\"1061\">heiligen Raum<\/strong> f\u00fcr Ruhe, Heilung und Neubeginn \u2013 ein Begleiter, der dich sanft an deine innere Kraft erinnert.<\/p>\n<p data-start=\"1159\" data-end=\"1202\"><strong data-start=\"1159\" data-end=\"1202\">Palo Santo \u2013 wenn die Seele atmen will.<\/strong><\/p>\n<p data-start=\"1159\" data-end=\"1202\">Neben diesen R\u00e4ucherst\u00e4bchen gibt es bei uns noch viele weitere wundersch\u00f6ne D\u00fcfte. Einzeln oder in praktischen Packungen, die darauf warten, von dir entdeckt zu werden. Von sanft blumig bis warm und erdig ist f\u00fcr jeden Moment das Passende dabei. Und damit dein R\u00e4uchererlebnis vollkommen wird, findest du bei uns auch liebevoll gestaltete R\u00e4ucherst\u00e4bchenhalter. Ob f\u00fcr dich selbst oder als besonderes Geschenk f\u00fcr einen lieben Menschen. Unsere R\u00e4ucherst\u00e4bchen bringen Freude und Wohlgef\u00fchl in jeden Raum.<\/p>\n","protected":false},"excerpt":{"rendered":"<p>Palo Santo R\u00e4ucherst\u00e4bchen \u2013 Heiliges Holz aus den Anden Palo Santo \u2013 das \u201eheilige Holz\u201c S\u00fcdamerikas \u2013 wird seit Jahrhunderten von den indigenen V\u00f6lkern der Anden f\u00fcr Rituale, Zeremonien und zur spirituellen Reinigung verwendet. Seine besondere Kraft: Es vertreibt negative Energien, reinigt die Atmosph\u00e4re und \u00f6ffnet den Raum f\u00fcr Klarheit, Leichtigkeit und innere Ausrichtung. Unsere [&hellip;]<\/p>\n<p><a class=\"read-more\" href=\"https:\/\/www.bynaldis-shop.com\/?product=palo-santo\">Mehr lesen<span class=\"meta-nav\">&rarr;<\/span><\/a><\/p>\n","protected":false},"featured_media":7523,"template":"","meta":[],"product_brand":[],"product_cat":[250],"product_tag":[],"class_list":{"0":"post-7522","1":"product","2":"type-product","3":"status-publish","4":"has-post-thumbnail","6":"product_cat-packung","8":"first","9":"instock","10":"taxable","11":"shipping-taxable","12":"purchasable","13":"product-type-simple"},"_links":{"self":[{"href":"https:\/\/www.bynaldis-shop.com\/index.php?rest_route=\/wp\/v2\/product\/7522","targetHints":{"allow":["GET"]}}],"collection":[{"href":"https:\/\/www.bynaldis-shop.com\/index.php?rest_route=\/wp\/v2\/product"}],"about":[{"href":"https:\/\/www.bynaldis-shop.com\/index.php?rest_route=\/wp\/v2\/types\/product"}],"wp:featuredmedia":[{"embeddable":true,"href":"https:\/\/www.bynaldis-shop.com\/index.php?rest_route=\/wp\/v2\/media\/7523"}],"wp:attachment":[{"href":"https:\/\/www.bynaldis-shop.com\/index.php?rest_route=%2Fwp%2Fv2%2Fmedia&parent=7522"}],"wp:term":[{"taxonomy":"product_brand","embeddable":true,"href":"https:\/\/www.bynaldis-shop.com\/index.php?rest_route=%2Fwp%2Fv2%2Fproduct_brand&post=7522"},{"taxonomy":"product_cat","embeddable":true,"href":"https:\/\/www.bynaldis-shop.com\/index.php?rest_route=%2Fwp%2Fv2%2Fproduct_cat&post=7522"},{"taxonomy":"product_tag","embeddable":true,"href":"https:\/\/www.bynaldis-shop.com\/index.php?rest_route=%2Fwp%2Fv2%2Fproduct_tag&post=7522"}],"curies":[{"name":"wp","href":"https:\/\/api.w.org\/{rel}","templated":true}]}}